{"id":1636,"date":"2023-07-07T21:28:36","date_gmt":"2023-07-07T21:28:36","guid":{"rendered":"https:\/\/giaiphaponline.vn\/cbvgroup\/?page_id=1636"},"modified":"2025-01-20T10:00:42","modified_gmt":"2025-01-20T03:00:42","slug":"loai-hinh-tu-van-chien-luoc","status":"publish","type":"page","link":"https:\/\/cbvgroup.net\/?page_id=1636","title":{"rendered":"Loa\u0323i hi\u0300nh t\u01b0 v\u1ea5n chi\u00ea\u0301n l\u01b0\u01a1\u0323c"},"content":{"rendered":"\t<div class=\"img has-hover x md-x lg-x y md-y lg-y\" id=\"image_1407116144\">\n\t\t\t\t\t\t\t\t<div class=\"img-inner image-cover dark\" style=\"padding-top:400px;\">\n\t\t\t<img loading=\"lazy\" decoding=\"async\" width=\"2560\" height=\"1015\" src=\"https:\/\/cbvgroup.net\/wp-content\/uploads\/2025\/01\/1_1-scaled.jpg\" class=\"attachment-original size-original\" alt=\"\" srcset=\"https:\/\/cbvgroup.net\/wp-content\/uploads\/2025\/01\/1_1-scaled.jpg 2560w, https:\/\/cbvgroup.net\/wp-content\/uploads\/2025\/01\/1_1-300x119.jpg 300w, https:\/\/cbvgroup.net\/wp-content\/uploads\/2025\/01\/1_1-1024x406.jpg 1024w, https:\/\/cbvgroup.net\/wp-content\/uploads\/2025\/01\/1_1-768x304.jpg 768w, https:\/\/cbvgroup.net\/wp-content\/uploads\/2025\/01\/1_1-1536x609.jpg 1536w, https:\/\/cbvgroup.net\/wp-content\/uploads\/2025\/01\/1_1-2048x812.jpg 2048w, https:\/\/cbvgroup.net\/wp-content\/uploads\/2025\/01\/1_1-1320x523.jpg 1320w, https:\/\/cbvgroup.net\/wp-content\/uploads\/2025\/01\/1_1-600x238.jpg 600w\" sizes=\"auto, (max-width: 2560px) 100vw, 2560px\" \/>\t\t\t\t\t\t\n\t\t\t\t\t<\/div>\n\t\t\t\t\t\t\t\t\n<style>\n#image_1407116144 {\n  width: 100%;\n}\n<\/style>\n\t<\/div>\n\t\n\t<section class=\"section\" id=\"section_477521695\">\n\t\t<div class=\"bg section-bg fill bg-fill  bg-loaded\" >\n\n\t\t\t\n\t\t\t<div class=\"section-bg-overlay absolute fill\"><\/div>\n\t\t\t\n\n\t\t<\/div>\n\n\t\t\n\n\t\t<div class=\"section-content relative\">\n\t\t\t\n<div class=\"row row-large align-middle\"  id=\"row-646617995\">\n\n\t<div id=\"col-720975136\" class=\"col small-12 large-12\"  >\n\t\t\t\t<div class=\"col-inner\"  >\n\t\t\t\n\t\t\t\n<hr \/>\n<h2 style=\"text-align: center;\"><strong>C\u00c1C L\u0128NH V\u1ef0C T\u01af V\u1ea4N GI\u1ea2I PH\u00c1P QU\u1ea2N TR\u1eca<\/strong><\/h2>\n<hr \/>\n<p>\u00a0<\/p>\n<div class=\"row\"  id=\"row-914499382\">\n\n\t<div id=\"col-1311957198\" class=\"col medium-1 small-12 large-1\"  >\n\t\t\t\t<div class=\"col-inner\"  >\n\t\t\t\n\t\t\t\n\t\t<\/div>\n\t\t\t\t\t<\/div>\n\n\t\n\n\t<div id=\"col-1708309068\" class=\"col medium-10 small-12 large-10\"  >\n\t\t\t\t<div class=\"col-inner\"  >\n\t\t\t\n\t\t\t\n\t<div class=\"img has-hover x md-x lg-x y md-y lg-y\" id=\"image_503288935\">\n\t\t\t\t\t\t\t\t<div class=\"img-inner dark\" >\n\t\t\t<img loading=\"lazy\" decoding=\"async\" width=\"1020\" height=\"602\" src=\"https:\/\/cbvgroup.net\/wp-content\/uploads\/2024\/09\/Pic_1-1024x604.png\" class=\"attachment-large size-large\" alt=\"\" srcset=\"https:\/\/cbvgroup.net\/wp-content\/uploads\/2024\/09\/Pic_1-1024x604.png 1024w, https:\/\/cbvgroup.net\/wp-content\/uploads\/2024\/09\/Pic_1-300x177.png 300w, https:\/\/cbvgroup.net\/wp-content\/uploads\/2024\/09\/Pic_1-768x453.png 768w, https:\/\/cbvgroup.net\/wp-content\/uploads\/2024\/09\/Pic_1-1536x907.png 1536w, https:\/\/cbvgroup.net\/wp-content\/uploads\/2024\/09\/Pic_1-2048x1209.png 2048w, https:\/\/cbvgroup.net\/wp-content\/uploads\/2024\/09\/Pic_1-1320x779.png 1320w, https:\/\/cbvgroup.net\/wp-content\/uploads\/2024\/09\/Pic_1-600x354.png 600w\" sizes=\"auto, (max-width: 1020px) 100vw, 1020px\" \/>\t\t\t\t\t\t\n\t\t\t\t\t<\/div>\n\t\t\t\t\t\t\t\t\n<style>\n#image_503288935 {\n  width: 100%;\n}\n<\/style>\n\t<\/div>\n\t\n\t\t<\/div>\n\t\t\t\t\t<\/div>\n\n\t\n\n\t<div id=\"col-599347723\" class=\"col medium-1 small-12 large-1\"  >\n\t\t\t\t<div class=\"col-inner\"  >\n\t\t\t\n\t\t\t\n\t\t<\/div>\n\t\t\t\t\t<\/div>\n\n\t\n<\/div>\n\t\t<\/div>\n\t\t\t\t\t<\/div>\n\n\t\n<\/div>\n\t\t<\/div>\n\n\t\t\n<style>\n#section_477521695 {\n  padding-top: 60px;\n  padding-bottom: 60px;\n  background-color: rgb(193, 193, 193);\n}\n#section_477521695 .section-bg-overlay {\n  background-color: rgba(255, 255, 255, 0.85);\n}\n#section_477521695 .ux-shape-divider--top svg {\n  height: 150px;\n  --divider-top-width: 100%;\n}\n#section_477521695 .ux-shape-divider--bottom svg {\n  height: 150px;\n  --divider-width: 100%;\n}\n<\/style>\n\t<\/section>\n\t\n\t<section class=\"section pb-0\" id=\"section_1200993944\">\n\t\t<div class=\"bg section-bg fill bg-fill  bg-loaded\" >\n\n\t\t\t\n\t\t\t\n\t\t\t\n\t<div class=\"is-border\"\n\t\tstyle=\"border-width:21px 0px 0px 0px;\">\n\t<\/div>\n\n\t\t<\/div>\n\n\t\t\n\n\t\t<div class=\"section-content relative\">\n\t\t\t\n<div class=\"row\"  id=\"row-981066171\">\n\n\t<div id=\"col-812791957\" class=\"col pb-0 small-12 large-12\"  >\n\t\t\t\t<div class=\"col-inner\"  >\n\t\t\t\n\t\t\t\n\t<div id=\"text-1738469711\" class=\"text title_22\">\n\t\t\n<hr \/>\n<h1 style=\"text-align: center;\"><strong>C\u00c1C LO\u1ea0I H\u00ccNH T\u01af V\u1ea4N GI\u1ea2I PH\u00c1P<\/strong><\/h1>\n<hr \/>\n<p>\u00a0<\/p>\n\t\t\n<style>\n#text-1738469711 {\n  text-align: center;\n  color: rgb(0, 0, 0);\n}\n#text-1738469711 > * {\n  color: rgb(0, 0, 0);\n}\n<\/style>\n\t<\/div>\n\t\n\t<div id=\"gap-840363065\" class=\"gap-element clearfix\" style=\"display:block; height:auto;\">\n\t\t\n<style>\n#gap-840363065 {\n  padding-top: 20px;\n}\n<\/style>\n\t<\/div>\n\t\n<div class=\"row row-dashed image-slider\"  id=\"row-1714297517\">\n\n\t<div id=\"col-55371023\" class=\"col medium-3 small-12 large-3\"  >\n\t\t\t\t<div class=\"col-inner\"  >\n\t\t\t\n\t<div class=\"is-border\"\n\t\tstyle=\"border-width:0px 0px 0px 0px;\">\n\t<\/div>\n\t\t\t\n\t<div class=\"box has-hover   has-hover box-text-bottom\" >\n\n\t\t<div class=\"box-image\" >\n\t\t\t\t\t\t<div class=\"image-cover\" style=\"padding-top:100%;\">\n\t\t\t\t<img loading=\"lazy\" decoding=\"async\" width=\"551\" height=\"330\" src=\"https:\/\/cbvgroup.net\/wp-content\/uploads\/2023\/07\/toc-do-tang-tuong-kinh-te-la-gi-vi-du-ve-toc-do-tang-truong-kinh-te.png\" class=\"attachment- size-\" alt=\"\" srcset=\"https:\/\/cbvgroup.net\/wp-content\/uploads\/2023\/07\/toc-do-tang-tuong-kinh-te-la-gi-vi-du-ve-toc-do-tang-truong-kinh-te.png 551w, https:\/\/cbvgroup.net\/wp-content\/uploads\/2023\/07\/toc-do-tang-tuong-kinh-te-la-gi-vi-du-ve-toc-do-tang-truong-kinh-te-300x180.png 300w\" sizes=\"auto, (max-width: 551px) 100vw, 551px\" \/>\t\t\t\t\t\t\t\t\t\t\t<\/div>\n\t\t\t\t\t<\/div>\n\n\t\t<div class=\"box-text text-center\" style=\"padding:0px 0px 0px 0px;\">\n\t\t\t<div class=\"box-text-inner\">\n\t\t\t\t\n\t<div id=\"text-4107244986\" class=\"text\">\n\t\t\n<h4 style=\"text-align: center;\"><strong>T\u01af V\u1ea4N THEO D\u1ef0 \u00c1N<\/strong><\/h4>\n<p>Th\u1ef1c hi\u1ec7n tr\u1ecdn v\u1eb9n Quy tr\u00ecnh 8 b\u01b0\u1edbc trong t\u01b0 v\u1ea5n gi\u1ea3i ph\u00e1p qu\u1ea3n tr\u1ecb c\u1ee7a <span style=\"color: #008000;\"><strong>CBV Group<\/strong><\/span> theo m\u00f4 h\u00ecnh D\u1ef1 \u00e1n<\/p>\n\t\t\n<style>\n#text-4107244986 {\n  text-align: center;\n}\n<\/style>\n\t<\/div>\n\t\n\t\t\t<\/div>\n\t\t<\/div>\n\t<\/div>\n\t\n\t\t<\/div>\n\t\t\t\t\t<\/div>\n\n\t\n\n\t<div id=\"col-2070781314\" class=\"col medium-3 small-12 large-3\"  >\n\t\t\t\t<div class=\"col-inner\"  >\n\t\t\t\n\t\t\t\n\t<div class=\"box has-hover   has-hover box-text-bottom\" >\n\n\t\t<div class=\"box-image\" >\n\t\t\t\t\t\t<div class=\"image-cover\" style=\"padding-top:100%;\">\n\t\t\t\t<img loading=\"lazy\" decoding=\"async\" width=\"769\" height=\"490\" src=\"https:\/\/cbvgroup.net\/wp-content\/uploads\/2023\/07\/leader-la-gi-05.jpg\" class=\"attachment- size-\" alt=\"\" srcset=\"https:\/\/cbvgroup.net\/wp-content\/uploads\/2023\/07\/leader-la-gi-05.jpg 769w, https:\/\/cbvgroup.net\/wp-content\/uploads\/2023\/07\/leader-la-gi-05-300x191.jpg 300w, https:\/\/cbvgroup.net\/wp-content\/uploads\/2023\/07\/leader-la-gi-05-600x382.jpg 600w\" sizes=\"auto, (max-width: 769px) 100vw, 769px\" \/>\t\t\t\t\t\t\t\t\t\t\t<\/div>\n\t\t\t\t\t<\/div>\n\n\t\t<div class=\"box-text text-center\" >\n\t\t\t<div class=\"box-text-inner\">\n\t\t\t\t\n\t<div id=\"text-1852259373\" class=\"text\">\n\t\t\n<h4 style=\"text-align: center;\"><strong>T\u01af V\u1ea4N \u0110\u1ed2NG H\u00c0NH<\/strong><\/h4>\n<p><span style=\"color: #008000;\"><strong>CBV Group<\/strong> <\/span>kh\u00f4ng ch\u1ec9 ph\u00e2n c\u00f4ng chuy\u00ean gia tham gia g\u00f3i g\u1ecdn trong th\u1eddi gian d\u1ef1 \u00e1n m\u00e0 th\u1eddi gian sau \u0111\u00f3 c\u00f2n h\u1ed7 tr\u1ee3 ph\u1ea7n theo d\u00f5i &#8211; tinh ch\u1ec9nh &#8211; x\u00e2y d\u1ef1ng n\u0103ng l\u1ef1c v\u1eadn h\u00e0nh cho Doanh nghi\u1ec7p\u00a0\u00a0<\/p>\n\t\t\n<style>\n#text-1852259373 {\n  text-align: center;\n}\n<\/style>\n\t<\/div>\n\t\n\t\t\t<\/div>\n\t\t<\/div>\n\t<\/div>\n\t\n\t\t<\/div>\n\t\t\t\t\t<\/div>\n\n\t\n\n\t<div id=\"col-1317562075\" class=\"col medium-3 small-12 large-3\"  >\n\t\t\t\t<div class=\"col-inner\"  >\n\t\t\t\n\t\t\t\n\t<div class=\"box has-hover   has-hover box-text-bottom\" >\n\n\t\t<div class=\"box-image\" >\n\t\t\t\t\t\t<div class=\"image-cover\" style=\"padding-top:100%;\">\n\t\t\t\t<img loading=\"lazy\" decoding=\"async\" width=\"850\" height=\"550\" src=\"https:\/\/cbvgroup.net\/wp-content\/uploads\/2023\/07\/16574Tangtruong_1537725531.jpg\" class=\"attachment- size-\" alt=\"\" srcset=\"https:\/\/cbvgroup.net\/wp-content\/uploads\/2023\/07\/16574Tangtruong_1537725531.jpg 850w, https:\/\/cbvgroup.net\/wp-content\/uploads\/2023\/07\/16574Tangtruong_1537725531-300x194.jpg 300w, https:\/\/cbvgroup.net\/wp-content\/uploads\/2023\/07\/16574Tangtruong_1537725531-768x497.jpg 768w, https:\/\/cbvgroup.net\/wp-content\/uploads\/2023\/07\/16574Tangtruong_1537725531-600x388.jpg 600w\" sizes=\"auto, (max-width: 850px) 100vw, 850px\" \/>\t\t\t\t\t\t\t\t\t\t\t<\/div>\n\t\t\t\t\t<\/div>\n\n\t\t<div class=\"box-text text-center\" >\n\t\t\t<div class=\"box-text-inner\">\n\t\t\t\t\n\t<div id=\"text-3770500495\" class=\"text\">\n\t\t\n<h4><strong>T\u01af V\u1ea4N THEO <\/strong><\/h4>\n<h4><strong>\u0110\u1ed0I T\u00c1C CHI\u1ebeN L\u01af\u1ee2C<\/strong><\/h4>\n<p><strong><span style=\"color: #008000;\">CBV Group<\/span> <\/strong>c\u00f3 th\u1ec3 tham gia nh\u01b0 m\u1ed9t \u0111\u1ed1i t\u00e1c chi\u1ebfn l\u01b0\u1ee3c \u0111\u1ec3 c\u00f9ng Doanh nghi\u1ec7p n\u00e2ng t\u1ea7m t\u1ed5 ch\u1ee9c. C\u01a1 ch\u1ebf ph\u00e2n chia quy\u1ec1n l\u1ee3i <strong><span style=\"color: #008000;\">CBV Group<\/span> <\/strong>\u0111\u01b0\u1ee3c h\u01b0\u1edfng d\u1ef1a tr\u00ean gi\u00e1 tr\u1ecb gia t\u0103ng c\u1ee7a doanh nghi\u1ec7p v\u00e0 hi\u1ec7u qu\u1ea3 kinh doanh\u00a0\u00a0<\/p>\n\t\t\n<style>\n#text-3770500495 {\n  text-align: center;\n}\n<\/style>\n\t<\/div>\n\t\n\t\t\t<\/div>\n\t\t<\/div>\n\t<\/div>\n\t\n\t\t<\/div>\n\t\t\t\t\t<\/div>\n\n\t\n\n\t<div id=\"col-1569621653\" class=\"col medium-3 small-12 large-3\"  >\n\t\t\t\t<div class=\"col-inner\"  >\n\t\t\t\n\t\t\t\n\t<div class=\"box has-hover   has-hover box-text-bottom\" >\n\n\t\t<div class=\"box-image\" >\n\t\t\t\t\t\t<div class=\"image-cover\" style=\"padding-top:100%;\">\n\t\t\t\t<img loading=\"lazy\" decoding=\"async\" width=\"1200\" height=\"800\" src=\"https:\/\/cbvgroup.net\/wp-content\/uploads\/2023\/07\/quang-cao.png\" class=\"attachment- size-\" alt=\"\" srcset=\"https:\/\/cbvgroup.net\/wp-content\/uploads\/2023\/07\/quang-cao.png 1200w, https:\/\/cbvgroup.net\/wp-content\/uploads\/2023\/07\/quang-cao-600x400.png 600w, https:\/\/cbvgroup.net\/wp-content\/uploads\/2023\/07\/quang-cao-300x200.png 300w, https:\/\/cbvgroup.net\/wp-content\/uploads\/2023\/07\/quang-cao-1024x683.png 1024w, https:\/\/cbvgroup.net\/wp-content\/uploads\/2023\/07\/quang-cao-768x512.png 768w\" sizes=\"auto, (max-width: 1200px) 100vw, 1200px\" \/>\t\t\t\t\t\t\t\t\t\t\t<\/div>\n\t\t\t\t\t<\/div>\n\n\t\t<div class=\"box-text text-center\" >\n\t\t\t<div class=\"box-text-inner\">\n\t\t\t\t\n\t<div id=\"text-3073349176\" class=\"text\">\n\t\t\n<h4 style=\"text-align: center;\"><strong>T\u01af V\u1ea4N THEO<\/strong><\/h4>\n<h4 style=\"text-align: center;\"><strong>GI\u1ea2I PH\u00c1P \u0110\u00d3NG G\u00d3I<\/strong><\/h4>\n<p>\u0110\u1ed1i v\u1edbi c\u00e1c Doanh nghi\u1ec7p mu\u1ed1n tham chi\u1ebfu v\u00e0 \u00e1p d\u1ee5ng nhanh c\u00e1c Best practices, <strong><span style=\"color: #008000;\">CBV Group<\/span> <\/strong>cung c\u1ea5p c\u00e1c m\u00f4 h\u00ecnh qu\u1ea3n tr\u1ecb, c\u00f4ng c\u1ee5, h\u1ec7 th\u1ed1ng c\u00f3 s\u1eb5n v\u00e0 h\u01b0\u1edbng d\u1eabn Doanh nghi\u1ec7p c\u00e1ch l\u1ef1a ch\u1ecdn, \u1ee9ng d\u1ee5ng.<\/p>\n\t\t\n<style>\n#text-3073349176 {\n  text-align: center;\n}\n<\/style>\n\t<\/div>\n\t\n\t\t\t<\/div>\n\t\t<\/div>\n\t<\/div>\n\t\n\t\t<\/div>\n\t\t\t\t\t<\/div>\n\n\t\n\n\t<div id=\"col-1087891784\" class=\"col medium-3 small-12 large-3\"  >\n\t\t\t\t<div class=\"col-inner\"  >\n\t\t\t\n\t\t\t\n\t<div class=\"box has-hover   has-hover box-text-bottom\" >\n\n\t\t<div class=\"box-image\" >\n\t\t\t\t\t\t<div class=\"image-cover\" style=\"padding-top:100%;\">\n\t\t\t\t<img loading=\"lazy\" decoding=\"async\" width=\"609\" height=\"321\" src=\"https:\/\/cbvgroup.net\/wp-content\/uploads\/2023\/07\/Tu-dong-hoa-Giai-phap-day-nhanh-qua-trinh-tuyen-dung.webp\" class=\"attachment- size-\" alt=\"\" srcset=\"https:\/\/cbvgroup.net\/wp-content\/uploads\/2023\/07\/Tu-dong-hoa-Giai-phap-day-nhanh-qua-trinh-tuyen-dung.webp 609w, https:\/\/cbvgroup.net\/wp-content\/uploads\/2023\/07\/Tu-dong-hoa-Giai-phap-day-nhanh-qua-trinh-tuyen-dung-300x158.webp 300w, https:\/\/cbvgroup.net\/wp-content\/uploads\/2023\/07\/Tu-dong-hoa-Giai-phap-day-nhanh-qua-trinh-tuyen-dung-600x316.webp 600w\" sizes=\"auto, (max-width: 609px) 100vw, 609px\" \/>\t\t\t\t\t\t\t\t\t\t\t<\/div>\n\t\t\t\t\t<\/div>\n\n\t\t<div class=\"box-text text-center\" >\n\t\t\t<div class=\"box-text-inner\">\n\t\t\t\t\n\t<div id=\"text-1016005878\" class=\"text\">\n\t\t\n<h4 style=\"text-align: center;\"><strong>T\u01af V\u1ea4N THEO <\/strong><\/h4>\n<h4 style=\"text-align: center;\"><strong>COACHING &amp; MENTORING<\/strong><\/h4>\n<p><strong><span style=\"color: #008000;\">CBV Group<\/span> <\/strong>cung c\u1ea5p c\u00e1c ch\u01b0\u01a1ng tr\u00ecnh Coaching &amp; Mentoring, c\u00e1c C\u1ed1 v\u1ea5n cho c\u00e1c v\u1ea5n \u0111\u1ec1 c\u1ee5 th\u1ec3 c\u1ee7a Doanh nghi\u1ec7p, song song ph\u00e1t tri\u1ec3n n\u0103ng l\u1ef1c chuy\u00ean m\u00f4n c\u1ee7a \u0111\u1ed9i ng\u0169.<\/p>\n\t\t\n<style>\n#text-1016005878 {\n  text-align: center;\n}\n<\/style>\n\t<\/div>\n\t\n\t\t\t<\/div>\n\t\t<\/div>\n\t<\/div>\n\t\n\t\t<\/div>\n\t\t\t\t\t<\/div>\n\n\t\n<\/div>\n\t\t<\/div>\n\t\t\t\t\t<\/div>\n\n\t\n<\/div>\n\n\t\t<\/div>\n\n\t\t\n<style>\n#section_1200993944 {\n  padding-top: 30px;\n  padding-bottom: 30px;\n}\n#section_1200993944 .ux-shape-divider--top svg {\n  height: 150px;\n  --divider-top-width: 100%;\n}\n#section_1200993944 .ux-shape-divider--bottom svg {\n  height: 150px;\n  --divider-width: 100%;\n}\n<\/style>\n\t<\/section>\n\t\n","protected":false},"excerpt":{"rendered":"","protected":false},"author":1,"featured_media":0,"parent":0,"menu_order":0,"comment_status":"closed","ping_status":"closed","template":"page-blank.php","meta":{"footnotes":""},"class_list":["post-1636","page","type-page","status-publish","hentry"],"acf":[],"lang":"vi","translations":{"vi":1636},"pll_sync_post":[],"_links":{"self":[{"href":"https:\/\/cbvgroup.net\/index.php?rest_route=\/wp\/v2\/pages\/1636","targetHints":{"allow":["GET"]}}],"collection":[{"href":"https:\/\/cbvgroup.net\/index.php?rest_route=\/wp\/v2\/pages"}],"about":[{"href":"https:\/\/cbvgroup.net\/index.php?rest_route=\/wp\/v2\/types\/page"}],"author":[{"embeddable":true,"href":"https:\/\/cbvgroup.net\/index.php?rest_route=\/wp\/v2\/users\/1"}],"replies":[{"embeddable":true,"href":"https:\/\/cbvgroup.net\/index.php?rest_route=%2Fwp%2Fv2%2Fcomments&post=1636"}],"version-history":[{"count":34,"href":"https:\/\/cbvgroup.net\/index.php?rest_route=\/wp\/v2\/pages\/1636\/revisions"}],"predecessor-version":[{"id":5222,"href":"https:\/\/cbvgroup.net\/index.php?rest_route=\/wp\/v2\/pages\/1636\/revisions\/5222"}],"wp:attachment":[{"href":"https:\/\/cbvgroup.net\/index.php?rest_route=%2Fwp%2Fv2%2Fmedia&parent=1636"}],"curies":[{"name":"wp","href":"https:\/\/api.w.org\/{rel}","templated":true}]}}