{"id":2219,"date":"2023-08-03T05:09:48","date_gmt":"2023-08-03T05:09:48","guid":{"rendered":"https:\/\/giaiphaponline.vn\/cbvgroup\/?page_id=2219"},"modified":"2023-10-27T19:27:03","modified_gmt":"2023-10-27T19:27:03","slug":"cbv-tuyen-dung-en","status":"publish","type":"page","link":"https:\/\/cbvgroup.net\/?page_id=2219&lang=en","title":{"rendered":"CBV tuy\u1ec3n d\u1ee5ng en"},"content":{"rendered":"\t<section class=\"section\" id=\"section_2019202714\">\n\t\t<div class=\"bg section-bg fill bg-fill  \" >\n\n\t\t\t\n\t\t\t\n\t\t\t\n\n\t\t<\/div>\n\n\t\t\n\n\t\t<div class=\"section-content relative\">\n\t\t\t\n\t\t<\/div>\n\n\t\t\n<style>\n#section_2019202714 {\n  padding-top: 30px;\n  padding-bottom: 30px;\n  min-height: 327px;\n}\n#section_2019202714 .section-bg.bg-loaded {\n  background-image: url(https:\/\/cbvgroup.net\/wp-content\/uploads\/2023\/06\/Session_SalesMarketing_1920x1080-compressor_2.jpg);\n}\n#section_2019202714 .ux-shape-divider--top svg {\n  height: 150px;\n  --divider-top-width: 100%;\n}\n#section_2019202714 .ux-shape-divider--bottom svg {\n  height: 150px;\n  --divider-width: 100%;\n}\n<\/style>\n\t<\/section>\n\t\n\t<section class=\"section\" id=\"section_497099652\">\n\t\t<div class=\"bg section-bg fill bg-fill  bg-loaded\" >\n\n\t\t\t\n\t\t\t\n\t\t\t\n\n\t\t<\/div>\n\n\t\t\n\n\t\t<div class=\"section-content relative\">\n\t\t\t\n<div class=\"row\"  id=\"row-653568415\">\n\n\t<div id=\"col-1120709405\" class=\"col pb-0 col-tuyen_cbv small-12 large-12\"  >\n\t\t\t\t<div class=\"col-inner\"  >\n\t\t\t\n\t\t\t\n\t<div id=\"text-2998454910\" class=\"text title_22\">\n\t\t\n<h2><strong>T\u00e0i ch\u00ednh<\/strong><\/h2>\n\t\t\t<\/div>\n\t\n      <div class=\"slider_td\">\n\t\t                                              <div class=\"post-item-tuyend\">\n                            \n            <a href=\"https:\/\/cbvgroup.net\/?page-tuyen-dung=thuc-tap-sinh-phat-trien-kinh-doanh\" class=\"plain\">\n                <div class=\"box-tuyen-dung-cbv\">\n                    <div class=\"ha-cty\">\n                        <img loading=\"lazy\" decoding=\"async\" width=\"2560\" height=\"2560\" src=\"https:\/\/cbvgroup.net\/wp-content\/uploads\/2025\/01\/3-TTS_Phat-trien-kinh-doanh-1-scaled.jpg\" class=\"attachment-post-thumbnail size-post-thumbnail wp-post-image\" alt=\"\" srcset=\"https:\/\/cbvgroup.net\/wp-content\/uploads\/2025\/01\/3-TTS_Phat-trien-kinh-doanh-1-scaled.jpg 2560w, https:\/\/cbvgroup.net\/wp-content\/uploads\/2025\/01\/3-TTS_Phat-trien-kinh-doanh-1-300x300.jpg 300w, https:\/\/cbvgroup.net\/wp-content\/uploads\/2025\/01\/3-TTS_Phat-trien-kinh-doanh-1-1024x1024.jpg 1024w, https:\/\/cbvgroup.net\/wp-content\/uploads\/2025\/01\/3-TTS_Phat-trien-kinh-doanh-1-150x150.jpg 150w, https:\/\/cbvgroup.net\/wp-content\/uploads\/2025\/01\/3-TTS_Phat-trien-kinh-doanh-1-768x768.jpg 768w, https:\/\/cbvgroup.net\/wp-content\/uploads\/2025\/01\/3-TTS_Phat-trien-kinh-doanh-1-1536x1536.jpg 1536w, https:\/\/cbvgroup.net\/wp-content\/uploads\/2025\/01\/3-TTS_Phat-trien-kinh-doanh-1-2048x2048.jpg 2048w, https:\/\/cbvgroup.net\/wp-content\/uploads\/2025\/01\/3-TTS_Phat-trien-kinh-doanh-1-1320x1320.jpg 1320w, https:\/\/cbvgroup.net\/wp-content\/uploads\/2025\/01\/3-TTS_Phat-trien-kinh-doanh-1-600x600.jpg 600w, https:\/\/cbvgroup.net\/wp-content\/uploads\/2025\/01\/3-TTS_Phat-trien-kinh-doanh-1-100x100.jpg 100w\" sizes=\"auto, (max-width: 2560px) 100vw, 2560px\" \/>                    <\/div>\n                    <div class=\"box-tdung text-left\">\n                        <div class=\"box-text-inner blog-post-inner\">\n                            <h5 class=\"post-title_td \">Th\u1ef1c t\u1eadp sinh &#8211; Ph\u00e1t tri\u1ec3n kinh doanh<\/h5>\n                            <p class=\"name_cty\">CBV Group<\/p>\n                            <p class=\"muc_luong\"><\/p>\n                            <p class=\"dia_chi\">T\u1ea7ng 6, T\u00f2a nh\u00e0 v\u0103n ph\u00f2ng EREKA 17 H\u1ed3 B\u00e1 Ki\u1ec7n, Ph\u01b0\u1eddng 15, Qu\u1eadn 10, TP.HCM<\/p>\n                        <\/div>\n                    <\/div>\n                <\/div>\n            <\/a>\n\n            \n        \n                    <\/div>\n        \n        \n    \n         <\/div>\n<link rel=\"stylesheet\" type=\"text\/css\" href=\"https:\/\/cdn.jsdelivr.net\/npm\/slick-carousel@1.8.1\/slick\/slick.css\"\/>\n    <script type=\"text\/javascript\" src=\"https:\/\/code.jquery.com\/jquery-1.11.0.min.js\"><\/script>\n    <script type=\"text\/javascript\" src=\"https:\/\/code.jquery.com\/jquery-migrate-1.2.1.min.js\"><\/script>\n    <script type=\"text\/javascript\" src=\"https:\/\/cdn.jsdelivr.net\/npm\/slick-carousel@1.8.1\/slick\/slick.min.js\"><\/script>\n    \n\n\n<style>\n.slick-initialized .slick-slide {\n  margin: 0 10px;\n}\n.slider_td .slick-arrow {\n    position: absolute;\n    top: initial;\n    bottom: 0;\n    margin: 0;\n    transform: translateY(-50%);\n    border: none;\n    width: 18px;\n    min-height: 18px;\n    height: 18px;\n    display: flex;\n    justify-content: center;\n    align-items: center;\n    font-size: 20px;\n    padding: 0 !important;\n    z-index: 5;\n    line-height: initial;\n    transition: all 0.2s linear;\n    border-radius: 99px;\n    border: 0.5px solid;\n}\n\n\n\t.slider_td ion-icon {\n    font-size: 15px;\n}\n.slick-arrow:hover {\n  background-color:rgb(0, 90, 255);\n  color: white;\n}\n.slider_td .slick-prev {\n  left: calc(50% - 130px);\n}\n\n\t.slider_td .slick-next {\n    right: calc(50% - 130px);\n}\n\t.slider_td ul.slick-dots {\n    list-style-type: none;\n    margin-bottom: 9px;\n\t\tgap:5px;\n    \n}\n\t.slider_td {\n    padding: 20px;\n}\n\t.col-tuyen_cbv .col-inner {\n    border: 1px solid #ccdeff;\n    border-radius: 6px;\n\t\toverflow:hidden;\n}\n\t.slider_td {\n    padding-bottom: 45px;\n}\n\t.slider_td ul.slick-dots li{margin:0;}\n.slick-dots {\n  position: absolute;\n  bottom: 0;\n  left: 50%;\n  transform: translate(-50%, 0);\n  display: flex !important;\n  align-items: center;\n  justify-content: center;\n\t\n\n}\n.slick-dots button {\n  font-size: 0;\n  width: 10px;\n  height: 10px;\n  border-radius: 100rem;\n  background-color: #eee;\n  border: none;\n  outline: none;\n  transition: all 0.2s linear;\n}\n.slick-dots .slick-active button {\n  background-color: rgb(0, 90, 255);\n}\n<\/style>\n\n\n<script>\n        $(document).ready(function () {\n  $(\".slider_td\").slick({\n    slidesToShow: 3,\n    slidesToScroll: 1,\n    infinite: true,\n    arrows: true,\n    draggable: false,\n    prevArrow: `<button type='button' class='slick-prev slick-arrow'><ion-icon name=\"arrow-back-outline\"><<\/ion-icon><\/button>`,\n    nextArrow: `<button type='button' class='slick-next slick-arrow'><ion-icon name=\"arrow-forward-outline\">><\/ion-icon><\/button>`,\n    dots: true,\n    responsive: [\n      {\n        breakpoint: 1025,\n        settings: {\n          slidesToShow: 3,\n        },\n      },\n      {\n        breakpoint: 480,\n        settings: {\n          slidesToShow: 1,\n          arrows: false,\n          infinite: false,\n        },\n      },\n    ],\n    \/\/autoplay: true,\n    \/\/autoplaySpeed: 1000,\n  });\n});\n    <\/script>\n    \n\t\t<\/div>\n\t\t\t\t\t<\/div>\n\n\t\n<\/div>\n<div class=\"row\"  id=\"row-1880540216\">\n\n\t<div id=\"col-1311019052\" class=\"col pb-0 col-tuyen_cbv small-12 large-12\"  >\n\t\t\t\t<div class=\"col-inner\"  >\n\t\t\t\n\t\t\t\n\t<div id=\"text-3854631575\" class=\"text title_22\">\n\t\t\n<h2><strong>Qu\u1ea3n tr\u1ecb nh\u00e2n s\u1ef1<\/strong><\/h2>\n\t\t\t<\/div>\n\t\n      <div class=\"slider_td\">\n\t\t                                              <div class=\"post-item-tuyend\">\n                            \n            <a href=\"https:\/\/cbvgroup.net\/?page-tuyen-dung=thuc-tap-sinh-phat-trien-kinh-doanh\" class=\"plain\">\n                <div class=\"box-tuyen-dung-cbv\">\n                    <div class=\"ha-cty\">\n                        <img loading=\"lazy\" decoding=\"async\" width=\"2560\" height=\"2560\" src=\"https:\/\/cbvgroup.net\/wp-content\/uploads\/2025\/01\/3-TTS_Phat-trien-kinh-doanh-1-scaled.jpg\" class=\"attachment-post-thumbnail size-post-thumbnail wp-post-image\" alt=\"\" srcset=\"https:\/\/cbvgroup.net\/wp-content\/uploads\/2025\/01\/3-TTS_Phat-trien-kinh-doanh-1-scaled.jpg 2560w, https:\/\/cbvgroup.net\/wp-content\/uploads\/2025\/01\/3-TTS_Phat-trien-kinh-doanh-1-300x300.jpg 300w, https:\/\/cbvgroup.net\/wp-content\/uploads\/2025\/01\/3-TTS_Phat-trien-kinh-doanh-1-1024x1024.jpg 1024w, https:\/\/cbvgroup.net\/wp-content\/uploads\/2025\/01\/3-TTS_Phat-trien-kinh-doanh-1-150x150.jpg 150w, https:\/\/cbvgroup.net\/wp-content\/uploads\/2025\/01\/3-TTS_Phat-trien-kinh-doanh-1-768x768.jpg 768w, https:\/\/cbvgroup.net\/wp-content\/uploads\/2025\/01\/3-TTS_Phat-trien-kinh-doanh-1-1536x1536.jpg 1536w, https:\/\/cbvgroup.net\/wp-content\/uploads\/2025\/01\/3-TTS_Phat-trien-kinh-doanh-1-2048x2048.jpg 2048w, https:\/\/cbvgroup.net\/wp-content\/uploads\/2025\/01\/3-TTS_Phat-trien-kinh-doanh-1-1320x1320.jpg 1320w, https:\/\/cbvgroup.net\/wp-content\/uploads\/2025\/01\/3-TTS_Phat-trien-kinh-doanh-1-600x600.jpg 600w, https:\/\/cbvgroup.net\/wp-content\/uploads\/2025\/01\/3-TTS_Phat-trien-kinh-doanh-1-100x100.jpg 100w\" sizes=\"auto, (max-width: 2560px) 100vw, 2560px\" \/>                    <\/div>\n                    <div class=\"box-tdung text-left\">\n                        <div class=\"box-text-inner blog-post-inner\">\n                            <h5 class=\"post-title_td \">Th\u1ef1c t\u1eadp sinh &#8211; Ph\u00e1t tri\u1ec3n kinh doanh<\/h5>\n                            <p class=\"name_cty\">CBV Group<\/p>\n                            <p class=\"muc_luong\"><\/p>\n                            <p class=\"dia_chi\">T\u1ea7ng 6, T\u00f2a nh\u00e0 v\u0103n ph\u00f2ng EREKA 17 H\u1ed3 B\u00e1 Ki\u1ec7n, Ph\u01b0\u1eddng 15, Qu\u1eadn 10, TP.HCM<\/p>\n                        <\/div>\n                    <\/div>\n                <\/div>\n            <\/a>\n\n            \n        \n                    <\/div>\n        \n        \n    \n         <\/div>\n<link rel=\"stylesheet\" type=\"text\/css\" href=\"https:\/\/cdn.jsdelivr.net\/npm\/slick-carousel@1.8.1\/slick\/slick.css\"\/>\n    <script type=\"text\/javascript\" src=\"https:\/\/code.jquery.com\/jquery-1.11.0.min.js\"><\/script>\n    <script type=\"text\/javascript\" src=\"https:\/\/code.jquery.com\/jquery-migrate-1.2.1.min.js\"><\/script>\n    <script type=\"text\/javascript\" src=\"https:\/\/cdn.jsdelivr.net\/npm\/slick-carousel@1.8.1\/slick\/slick.min.js\"><\/script>\n    \n\n\n<style>\n.slick-initialized .slick-slide {\n  margin: 0 10px;\n}\n.slider_td .slick-arrow {\n    position: absolute;\n    top: initial;\n    bottom: 0;\n    margin: 0;\n    transform: translateY(-50%);\n    border: none;\n    width: 18px;\n    min-height: 18px;\n    height: 18px;\n    display: flex;\n    justify-content: center;\n    align-items: center;\n    font-size: 20px;\n    padding: 0 !important;\n    z-index: 5;\n    line-height: initial;\n    transition: all 0.2s linear;\n    border-radius: 99px;\n    border: 0.5px solid;\n}\n\n\n\t.slider_td ion-icon {\n    font-size: 15px;\n}\n.slick-arrow:hover {\n  background-color:rgb(0, 90, 255);\n  color: white;\n}\n.slider_td .slick-prev {\n  left: calc(50% - 130px);\n}\n\n\t.slider_td .slick-next {\n    right: calc(50% - 130px);\n}\n\t.slider_td ul.slick-dots {\n    list-style-type: none;\n    margin-bottom: 9px;\n\t\tgap:5px;\n    \n}\n\t.slider_td {\n    padding: 20px;\n}\n\t.col-tuyen_cbv .col-inner {\n    border: 1px solid #ccdeff;\n    border-radius: 6px;\n\t\toverflow:hidden;\n}\n\t.slider_td {\n    padding-bottom: 45px;\n}\n\t.slider_td ul.slick-dots li{margin:0;}\n.slick-dots {\n  position: absolute;\n  bottom: 0;\n  left: 50%;\n  transform: translate(-50%, 0);\n  display: flex !important;\n  align-items: center;\n  justify-content: center;\n\t\n\n}\n.slick-dots button {\n  font-size: 0;\n  width: 10px;\n  height: 10px;\n  border-radius: 100rem;\n  background-color: #eee;\n  border: none;\n  outline: none;\n  transition: all 0.2s linear;\n}\n.slick-dots .slick-active button {\n  background-color: rgb(0, 90, 255);\n}\n<\/style>\n\n\n<script>\n        $(document).ready(function () {\n  $(\".slider_td\").slick({\n    slidesToShow: 3,\n    slidesToScroll: 1,\n    infinite: true,\n    arrows: true,\n    draggable: false,\n    prevArrow: `<button type='button' class='slick-prev slick-arrow'><ion-icon name=\"arrow-back-outline\"><<\/ion-icon><\/button>`,\n    nextArrow: `<button type='button' class='slick-next slick-arrow'><ion-icon name=\"arrow-forward-outline\">><\/ion-icon><\/button>`,\n    dots: true,\n    responsive: [\n      {\n        breakpoint: 1025,\n        settings: {\n          slidesToShow: 3,\n        },\n      },\n      {\n        breakpoint: 480,\n        settings: {\n          slidesToShow: 1,\n          arrows: false,\n          infinite: false,\n        },\n      },\n    ],\n    \/\/autoplay: true,\n    \/\/autoplaySpeed: 1000,\n  });\n});\n    <\/script>\n    \n\t\t<\/div>\n\t\t\t\t\t<\/div>\n\n\t\n<\/div>\n\t\t<\/div>\n\n\t\t\n<style>\n#section_497099652 {\n  padding-top: 30px;\n  padding-bottom: 30px;\n}\n#section_497099652 .ux-shape-divider--top svg {\n  height: 150px;\n  --divider-top-width: 100%;\n}\n#section_497099652 .ux-shape-divider--bottom svg {\n  height: 150px;\n  --divider-width: 100%;\n}\n<\/style>\n\t<\/section>\n\t\n","protected":false},"excerpt":{"rendered":"","protected":false},"author":1,"featured_media":0,"parent":0,"menu_order":0,"comment_status":"closed","ping_status":"closed","template":"page-blank.php","meta":{"footnotes":""},"class_list":["post-2219","page","type-page","status-publish","hentry"],"acf":[],"lang":"en","translations":{"en":2219,"vi":2027},"pll_sync_post":[],"_links":{"self":[{"href":"https:\/\/cbvgroup.net\/index.php?rest_route=\/wp\/v2\/pages\/2219","targetHints":{"allow":["GET"]}}],"collection":[{"href":"https:\/\/cbvgroup.net\/index.php?rest_route=\/wp\/v2\/pages"}],"about":[{"href":"https:\/\/cbvgroup.net\/index.php?rest_route=\/wp\/v2\/types\/page"}],"author":[{"embeddable":true,"href":"https:\/\/cbvgroup.net\/index.php?rest_route=\/wp\/v2\/users\/1"}],"replies":[{"embeddable":true,"href":"https:\/\/cbvgroup.net\/index.php?rest_route=%2Fwp%2Fv2%2Fcomments&post=2219"}],"version-history":[{"count":1,"href":"https:\/\/cbvgroup.net\/index.php?rest_route=\/wp\/v2\/pages\/2219\/revisions"}],"predecessor-version":[{"id":2220,"href":"https:\/\/cbvgroup.net\/index.php?rest_route=\/wp\/v2\/pages\/2219\/revisions\/2220"}],"wp:attachment":[{"href":"https:\/\/cbvgroup.net\/index.php?rest_route=%2Fwp%2Fv2%2Fmedia&parent=2219"}],"curies":[{"name":"wp","href":"https:\/\/api.w.org\/{rel}","templated":true}]}}