{"id":2259,"date":"2023-06-14T17:46:03","date_gmt":"2023-06-14T17:46:03","guid":{"rendered":"https:\/\/giaiphaponline.vn\/cbvgroup\/?page_id=2259"},"modified":"2023-10-27T19:37:32","modified_gmt":"2023-10-27T19:37:32","slug":"lien-he-en","status":"publish","type":"page","link":"https:\/\/cbvgroup.net\/?page_id=2259&lang=en","title":{"rendered":"Li\u00ean h\u1ec7 en"},"content":{"rendered":"\t<section class=\"section\" id=\"section_1805794238\">\n\t\t<div class=\"bg section-bg fill bg-fill  bg-loaded\" >\n\n\t\t\t\n\t\t\t\n\t\t\t\n\n\t\t<\/div>\n\n\t\t\n\n\t\t<div class=\"section-content relative\">\n\t\t\t\n<div class=\"row\"  id=\"row-1952778727\">\n\n\t<div id=\"col-1303278890\" class=\"col small-12 large-12\"  >\n\t\t\t\t<div class=\"col-inner\"  >\n\t\t\t\n\t\t\t\n\t<div id=\"text-595175019\" class=\"text title_22\">\n\t\t\n<h2>PH\u00c1T TRI\u1ec2N C\u00d9NG CBVGroup<\/h2>\n\t\t\n<style>\n#text-595175019 {\n  color: rgb(30, 124, 62);\n}\n#text-595175019 > * {\n  color: rgb(30, 124, 62);\n}\n<\/style>\n\t<\/div>\n\t\n\t<div id=\"gap-1552027616\" class=\"gap-element clearfix\" style=\"display:block; height:auto;\">\n\t\t\n<style>\n#gap-1552027616 {\n  padding-top: 10px;\n}\n<\/style>\n\t<\/div>\n\t\n\t<div id=\"text-42656115\" class=\"text sz15\">\n\t\t\n<p>C\u00f4ng ty TNHH T\u1ea7m nh\u00ecn kinh doanh th\u00f4ng minh &#8211; Clever Business Vision (CBVGroup) l\u00e0 m\u1ed9t trong nh\u1eefng c\u00f4ng ty cung c\u1ea5p gi\u1ea3i ph\u00e1p t\u1ed1i \u01b0u ho\u1ea1t \u0111\u1ed9ng doanh nghi\u1ec7p h\u00e0ng \u0111\u1ea7u Vi\u1ec7t Nam v\u1edbi t\u00ednh chuy\u00ean nghi\u1ec7p, th\u1ef1c ti\u1ec5n v\u00e0 ch\u1ea5t l\u01b0\u1ee3ng cao.<br \/>\nCBVGroup tin r\u1eb1ng t\u1ea5t c\u1ea3 c\u00e1c doanh nghi\u1ec7p SME \u0111\u1ec1u c\u00f3 quy\u1ec1n \u0111\u01b0\u1ee3c ti\u1ebfp c\u1eadn, s\u1eed d\u1ee5ng c\u00e1c s\u1ea3n ph\u1ea9m \u2013 d\u1ecbch v\u1ee5 c\u00f3 gi\u00e1 tr\u1ecb th\u1ef1c ti\u1ec5n cao t\u1eeb nh\u1eefng nh\u00e0 cung c\u1ea5p, nh\u1eefng chuy\u00ean gia h\u00e0ng \u0111\u1ea7u gi\u00e0u kinh nghi\u1ec7m nh\u1eb1m gia t\u0103ng hi\u1ec7u qu\u1ea3 ho\u1ea1t \u0111\u1ed9ng v\u00e0 l\u1ee3i th\u1ebf c\u1ea1nh tranh<br \/>\nCBVGroup cam k\u1ebft \u0111em \u0111\u1ebfn cho Qu\u00fd doanh nghi\u1ec7p Nh\u1eefng gi\u1ea3i ph\u00e1p t\u1ed1t nh\u1ea5t &#8211; Creating the Best Values<\/p>\n\t\t\n<style>\n#text-42656115 {\n  color: rgb(0, 0, 0);\n}\n#text-42656115 > * {\n  color: rgb(0, 0, 0);\n}\n<\/style>\n\t<\/div>\n\t\n\t<div id=\"text-590597044\" class=\"text title_22\">\n\t\t\n<h2>Gi\u1edd l\u00e0m vi\u1ec7c:<\/h2>\n\t\t\n<style>\n#text-590597044 {\n  color: rgb(30, 124, 62);\n}\n#text-590597044 > * {\n  color: rgb(30, 124, 62);\n}\n<\/style>\n\t<\/div>\n\t\n\t<div id=\"gap-709240794\" class=\"gap-element clearfix\" style=\"display:block; height:auto;\">\n\t\t\n<style>\n#gap-709240794 {\n  padding-top: 10px;\n}\n<\/style>\n\t<\/div>\n\t\n\t<div id=\"text-609219030\" class=\"text sz15\">\n\t\t\n<ul>\n<li>Th\u1ee9 2 &#8211; Th\u1ee9 7<\/li>\n<li>8:00am &#8211; 5:30pm<\/li>\n<li>Ch\u1ee7 nh\u1eadt\/L\u1ec5: Ngh\u1ec9<\/li>\n<\/ul>\n\t\t\n<style>\n#text-609219030 {\n  color: rgb(0, 0, 0);\n}\n#text-609219030 > * {\n  color: rgb(0, 0, 0);\n}\n<\/style>\n\t<\/div>\n\t\n\t\t<\/div>\n\t\t\t\t\t<\/div>\n\n\t\n<\/div>\n<div class=\"row map-dc\"  id=\"row-1124019934\">\n\n\t<div id=\"col-558152602\" class=\"col medium-6 small-12 large-6\"  >\n\t\t\t\t<div class=\"col-inner\"  >\n\t\t\t\n\t\t\t\n\t<div id=\"text-4138581485\" class=\"text mb-0\">\n\t\t\n<p><iframe loading=\"lazy\" style=\"border: 0;\" src=\"https:\/\/www.google.com\/maps\/embed?pb=!1m18!1m12!1m3!1d979.8665489583603!2d106.66478771501122!3d10.775561454739178!2m3!1f0!2f0!3f0!3m2!1i1024!2i768!4f13.1!3m3!1m2!1s0x31752ed7205b7a1d%3A0xedbaeef8a59bf0a0!2zVGnDqsyBbiBQaMawxqFuZyBTdHVkaW8!5e0!3m2!1svi!2s!4v1690624094088!5m2!1svi!2s\" width=\"600\" height=\"450\" allowfullscreen=\"allowfullscreen\"><\/iframe><\/p>\n\t\t\t<\/div>\n\t\n\t\t<\/div>\n\t\t\t\t\t<\/div>\n\n\t\n\n\t<div id=\"col-1242109181\" class=\"col medium-6 small-12 large-6\"  >\n\t\t\t\t<div class=\"col-inner\"  >\n\t\t\t\n\t\t\t\n\t<div id=\"text-3108949941\" class=\"text mb-0\">\n\t\t\n<p><iframe loading=\"lazy\" style=\"border: 0;\" src=\"https:\/\/www.google.com\/maps\/embed?pb=!1m18!1m12!1m3!1d979.8844663265727!2d106.78854217265084!3d10.770055161959728!2m3!1f0!2f0!3f0!3m2!1i1024!2i768!4f13.1!3m3!1m2!1s0x3175243c65a913ed%3A0x5a8751e002e7ee49!2zNjkgxJDGsOG7nW5nIDQwIENMLCBDw6F0IEzDoWksIFF14bqtbiAyLCBUaMOgbmggcGjhu5EgSOG7kyBDaMOtIE1pbmgsIFZp4buHdCBOYW0!5e0!3m2!1svi!2s!4v1690623984207!5m2!1svi!2s\" width=\"600\" height=\"450\" allowfullscreen=\"allowfullscreen\"><\/iframe><\/p>\n\t\t\t<\/div>\n\t\n\t\t<\/div>\n\t\t\t\t\t<\/div>\n\n\t\n<\/div>\n\t\t<\/div>\n\n\t\t\n<style>\n#section_1805794238 {\n  padding-top: 60px;\n  padding-bottom: 60px;\n}\n#section_1805794238 .ux-shape-divider--top svg {\n  height: 150px;\n  --divider-top-width: 100%;\n}\n#section_1805794238 .ux-shape-divider--bottom svg {\n  height: 150px;\n  --divider-width: 100%;\n}\n<\/style>\n\t<\/section>\n\t\n","protected":false},"excerpt":{"rendered":"","protected":false},"author":1,"featured_media":0,"parent":0,"menu_order":0,"comment_status":"closed","ping_status":"closed","template":"page-blank.php","meta":{"footnotes":""},"class_list":["post-2259","page","type-page","status-publish","hentry"],"acf":[],"lang":"en","translations":{"en":2259,"vi":1075},"pll_sync_post":[],"_links":{"self":[{"href":"https:\/\/cbvgroup.net\/index.php?rest_route=\/wp\/v2\/pages\/2259","targetHints":{"allow":["GET"]}}],"collection":[{"href":"https:\/\/cbvgroup.net\/index.php?rest_route=\/wp\/v2\/pages"}],"about":[{"href":"https:\/\/cbvgroup.net\/index.php?rest_route=\/wp\/v2\/types\/page"}],"author":[{"embeddable":true,"href":"https:\/\/cbvgroup.net\/index.php?rest_route=\/wp\/v2\/users\/1"}],"replies":[{"embeddable":true,"href":"https:\/\/cbvgroup.net\/index.php?rest_route=%2Fwp%2Fv2%2Fcomments&post=2259"}],"version-history":[{"count":1,"href":"https:\/\/cbvgroup.net\/index.php?rest_route=\/wp\/v2\/pages\/2259\/revisions"}],"predecessor-version":[{"id":2260,"href":"https:\/\/cbvgroup.net\/index.php?rest_route=\/wp\/v2\/pages\/2259\/revisions\/2260"}],"wp:attachment":[{"href":"https:\/\/cbvgroup.net\/index.php?rest_route=%2Fwp%2Fv2%2Fmedia&parent=2259"}],"curies":[{"name":"wp","href":"https:\/\/api.w.org\/{rel}","templated":true}]}}