{"id":2574,"date":"2023-11-17T07:07:09","date_gmt":"2023-11-17T07:07:09","guid":{"rendered":"https:\/\/giaiphaponline.vn\/cbvgroup\/?page_id=2574"},"modified":"2025-01-20T10:07:30","modified_gmt":"2025-01-20T03:07:30","slug":"cong-cu-va-giai-phap-so","status":"publish","type":"page","link":"https:\/\/cbvgroup.net\/?page_id=2574","title":{"rendered":"C\u00f4ng c\u1ee5 v\u00e0 gi\u1ea3i ph\u00e1p s\u1ed1"},"content":{"rendered":"\t<div class=\"img has-hover x md-x lg-x y md-y lg-y\" id=\"image_1852422891\">\n\t\t\t\t\t\t\t\t<div class=\"img-inner image-cover dark\" style=\"padding-top:400px;\">\n\t\t\t<img loading=\"lazy\" decoding=\"async\" width=\"2560\" height=\"1015\" src=\"https:\/\/cbvgroup.net\/wp-content\/uploads\/2025\/01\/4-2-scaled.jpg\" class=\"attachment-original size-original\" alt=\"\" srcset=\"https:\/\/cbvgroup.net\/wp-content\/uploads\/2025\/01\/4-2-scaled.jpg 2560w, https:\/\/cbvgroup.net\/wp-content\/uploads\/2025\/01\/4-2-300x119.jpg 300w, https:\/\/cbvgroup.net\/wp-content\/uploads\/2025\/01\/4-2-1024x406.jpg 1024w, https:\/\/cbvgroup.net\/wp-content\/uploads\/2025\/01\/4-2-768x304.jpg 768w, https:\/\/cbvgroup.net\/wp-content\/uploads\/2025\/01\/4-2-1536x609.jpg 1536w, https:\/\/cbvgroup.net\/wp-content\/uploads\/2025\/01\/4-2-2048x812.jpg 2048w, https:\/\/cbvgroup.net\/wp-content\/uploads\/2025\/01\/4-2-1320x523.jpg 1320w, https:\/\/cbvgroup.net\/wp-content\/uploads\/2025\/01\/4-2-600x238.jpg 600w\" sizes=\"auto, (max-width: 2560px) 100vw, 2560px\" \/>\t\t\t\t\t\t\n\t\t\t\t\t<\/div>\n\t\t\t\t\t\t\t\t\n<style>\n#image_1852422891 {\n  width: 100%;\n}\n<\/style>\n\t<\/div>\n\t\n\t<section class=\"section\" id=\"section_499556393\">\n\t\t<div class=\"bg section-bg fill bg-fill  bg-loaded\" >\n\n\t\t\t\n\t\t\t\n\t\t\t\n\n\t\t<\/div>\n\n\t\t\n\n\t\t<div class=\"section-content relative\">\n\t\t\t\n<div class=\"row\"  id=\"row-281302876\">\n\n\t<div id=\"col-1959016591\" class=\"col medium-5 small-12 large-5\"  >\n\t\t\t\t<div class=\"col-inner\"  >\n\t\t\t\n\t\t\t\n\t<div class=\"img has-hover x md-x lg-x y md-y lg-y\" id=\"image_964559143\">\n\t\t\t\t\t\t\t\t<div class=\"img-inner dark\" style=\"margin:0px 0px 0px 0px;\">\n\t\t\t<img loading=\"lazy\" decoding=\"async\" width=\"720\" height=\"720\" src=\"https:\/\/cbvgroup.net\/wp-content\/uploads\/2024\/06\/Digitalization-5.jpg\" class=\"attachment-original size-original\" alt=\"\" srcset=\"https:\/\/cbvgroup.net\/wp-content\/uploads\/2024\/06\/Digitalization-5.jpg 720w, https:\/\/cbvgroup.net\/wp-content\/uploads\/2024\/06\/Digitalization-5-300x300.jpg 300w, https:\/\/cbvgroup.net\/wp-content\/uploads\/2024\/06\/Digitalization-5-150x150.jpg 150w, https:\/\/cbvgroup.net\/wp-content\/uploads\/2024\/06\/Digitalization-5-600x600.jpg 600w, https:\/\/cbvgroup.net\/wp-content\/uploads\/2024\/06\/Digitalization-5-100x100.jpg 100w\" sizes=\"auto, (max-width: 720px) 100vw, 720px\" \/>\t\t\t\t\t\t\n\t\t\t\t\t<\/div>\n\t\t\t\t\t\t\t\t\n<style>\n#image_964559143 {\n  width: 100%;\n}\n<\/style>\n\t<\/div>\n\t\n\t\t<\/div>\n\t\t\t\t\t<\/div>\n\n\t\n\n\t<div id=\"col-500596710\" class=\"col medium-7 small-12 large-7\"  >\n\t\t\t\t<div class=\"col-inner\"  >\n\t\t\t\n\t\t\t\n\t<div id=\"text-1498575857\" class=\"text title_22\">\n\t\t\n<h2>C\u00d4NG C\u1ee4 V\u00c0 GI\u1ea2I PH\u00c1P S\u1ed0<\/h2>\n\t\t\n<style>\n#text-1498575857 {\n  text-align: left;\n  color: rgb(0, 0, 0);\n}\n#text-1498575857 > * {\n  color: rgb(0, 0, 0);\n}\n<\/style>\n\t<\/div>\n\t\n<div style=\"text-align: justify;\"><span style=\"font-size: 85%;\"><strong>Trong S\u00e1ng Ki\u1ebfn Chuy\u1ec3n \u0110\u1ed5i S\u1ed1 C\u00e1c Ng\u00e0nh C\u00f4ng Nghi\u1ec7p<\/strong>, Di\u1ec5n \u0111\u00e0n Kinh t\u1ebf Th\u1ebf gi\u1edbi \u0111\u00e3 nh\u1ea5n m\u1ea1nh r\u1eb1ng t\u1ea5t c\u1ea3 nh\u1eefng \u201cm\u1ea3nh gh\u00e9p\u201d c\u00f4ng ngh\u1ec7 c\u1ea7n thi\u1ebft \u0111\u1ec3 th\u1ef1c hi\u1ec7n S\u1ed1 h\u00f3a \u0111\u00e3 \u0111\u1ec1u n\u1eb1m trong tay ch\u00fang ta \u2013 bao g\u1ed3m Tr\u00ed tu\u1ec7 nh\u00e2n t\u1ea1o (AI), T\u00e0i s\u1ea3n th\u00f4ng tin (Big Data), \u0110i\u1ec7n to\u00e1n \u0111\u00e1m m\u00e2y (Cloud Computing), M\u1ea1ng l\u01b0\u1edbi thi\u1ebft b\u1ecb k\u1ebft n\u1ed1i Internet (Internet of Things \u2013 IoT), m\u1ea1ng x\u00e3 h\u1ed9i v\u00e0 m\u1ea1ng di \u0111\u1ed9ng t\u1ed1c \u0111\u1ed9 cao \u2013 khi k\u1ebft h\u1ee3p c\u00f9ng nhau, ch\u00fang c\u00f3 th\u1ec3 cung c\u1ea5p gi\u00e1 tr\u1ecb ti\u1ec1m n\u0103ng cho x\u00e3 h\u1ed9i l\u00ean t\u1edbi 100 ngh\u00ecn t\u1ef7 USD \u0111\u1ebfn n\u0103m 2025.<\/span><br \/><span style=\"font-size: 85%;\"><strong>C\u00e1c gi\u00e1 tr\u1ecb \u0111em l\u1ea1i c\u1ee7a S\u1ed1 h\u00f3a (Digitalization)<\/strong>:<\/span><br \/><span style=\"font-size: 85%;\">\u2013 T\u0103ng n\u0103ng su\u1ea5t lao \u0111\u1ed9ng<\/span><br \/><span style=\"font-size: 85%;\">\u2013 Ti\u1ebft ki\u1ec7m chi ph\u00ed v\u1eadn h\u00e0nh<\/span><br \/><span style=\"font-size: 85%;\">\u2013 X\u1eed l\u00fd th\u00f4ng tin, d\u1eef li\u1ec7u d\u1ec5 d\u00e0ng<\/span><br \/><span style=\"font-size: 85%;\">\u2013 B\u1ea3o m\u1eadt cao<\/span><br \/><span style=\"font-size: 85%;\">\u2013 Gia t\u0103ng kh\u1ea3 n\u0103ng l\u01b0u tr\u1eef th\u00f4ng tin v\u00e0 kh\u00f4i ph\u1ee5c d\u1eef li\u1ec7u<\/span><br \/><span style=\"font-size: 85%;\">\u2013 G\u00f3p ph\u1ea7n b\u1ea3o v\u1ec7 m\u00f4i tr\u01b0\u1eddng<\/span><br \/><span style=\"font-size: 85%;\">Chi\u1ebfn l\u01b0\u1ee3c c\u1ee7a <span style=\"color: #008000;\"><strong>CBV Group<\/strong> <\/span>ch\u00fa tr\u1ecdng ph\u00e1t tri\u1ec3n v\u00e0 \u1ee9ng d\u1ee5ng c\u00f4ng c\u1ee5 s\u1ed1 \u0111\u1ec3 n\u00e2ng cao hi\u1ec7u su\u1ea5t v\u00e0 l\u1ee3i th\u1ebf c\u1ea1nh tranh, \u0111\u1eb7c bi\u1ec7t l\u00e0 c\u00e1c gi\u1ea3i ph\u00e1p s\u1ed1 h\u00f3a trong ch\u01b0\u01a1ng tr\u00ecnh Total Business Performance m\u00e0 <span style=\"color: #008000;\"><strong>CBV Group<\/strong><\/span> \u0111\u1ed3ng h\u00e0nh c\u00f9ng doanh nghi\u1ec7p.<\/span><\/div>\n\t\t<\/div>\n\t\t\t\t\t<\/div>\n\n\t\n<\/div>\n<div class=\"row\"  id=\"row-142532518\">\n\n\t<div id=\"col-1659856253\" class=\"col medium-7 small-12 large-7\"  >\n\t\t\t\t<div class=\"col-inner\"  >\n\t\t\t\n\t\t\t\n<div style=\"text-align: justify;\"><span style=\"font-size: 85%;\">Chuy\u1ec3n \u0111\u1ed5i s\u1ed1 l\u00e0 h\u00ecnh tr\u00ecnh l\u1edbn, \u0111\u00f2i h\u1ecfi nh\u1eefng n\u0103ng l\u1ef1c c\u00f4ng ngh\u1ec7 chuy\u00ean bi\u1ec7t v\u00e0 c\u00f3 s\u1ef1 c\u1eadp nh\u1eadt xu h\u01b0\u1edbng nhanh ch\u00f3ng. V\u00ec v\u1eady, <span style=\"color: #008000;\"><strong>CBV Group<\/strong><\/span> c\u00f3 \u0111\u1ecbnh h\u01b0\u1edbng r\u00f5 r\u00e0ng s\u1ef1 tham gia c\u1ee7a m\u00ecnh trong &#8220;mi\u1ebfng b\u00e1nh&#8221; Glo-cal Digitalization nh\u01b0 sau:<\/span><\/div>\n<div style=\"text-align: justify;\"><span style=\"font-size: 85%;\">\u00a0 \u00a0 \u00a0&#8211; T\u1eadp trung v\u00e0o c\u00e1c c\u00f4ng c\u1ee5 gi\u1ea3i quy\u1ebft c\u00e1c v\u1ea5n \u0111\u1ec1 nh\u1ecf nh\u01b0ng th\u1ef1c ti\u1ec5n c\u1ee7a Doanh nghi\u1ec7p, thay v\u00ec c\u00e1c gi\u1ea3i ph\u00e1p &#8211; h\u1ec7 th\u1ed1ng \u0111\u1ed3 s\u1ed9.\u00a0<\/span><\/div>\n<div style=\"text-align: justify;\"><span style=\"font-size: 85%;\">\u00a0 \u00a0 \u00a0&#8211; C\u00e1c c\u00f4ng c\u1ee5 c\u00f3 kh\u1ea3 n\u0103ng t\u00edch h\u1ee3p cao tr\u00ean nh\u1eefng platform kh\u00e1c nhau.<\/span><\/div>\n<div style=\"text-align: justify;\"><span style=\"font-size: 85%;\">\u00a0 \u00a0 &#8211; L\u00e0 \u0111\u1ed1i t\u00e1c v\u1edbi c\u00e1c c\u00f4ng ty ph\u00e1t tri\u1ec3n ph\u1ea7n m\u1ec1m, \u0111\u1ed3ng h\u00e0nh v\u1edbi t\u1eeb giai \u0111o\u1ea1n thi\u1ebft k\u1ebf gi\u1ea3i ph\u00e1p qu\u1ea3n tr\u1ecb \u0111\u1ebfn b\u01b0\u1edbc s\u1ed1 h\u00f3a.\u00a0<\/span><\/div>\n\t\t<\/div>\n\t\t\t\t\t<\/div>\n\n\t\n\n\t<div id=\"col-40648084\" class=\"col medium-5 small-12 large-5\"  >\n\t\t\t\t<div class=\"col-inner\"  >\n\t\t\t\n\t\t\t\n\t<div class=\"img has-hover x md-x lg-x y md-y lg-y\" id=\"image_916424141\">\n\t\t\t\t\t\t\t\t<div class=\"img-inner dark\" >\n\t\t\t<img loading=\"lazy\" decoding=\"async\" width=\"1260\" height=\"720\" src=\"https:\/\/cbvgroup.net\/wp-content\/uploads\/2024\/06\/Digitalization-4.png\" class=\"attachment-original size-original\" alt=\"\" srcset=\"https:\/\/cbvgroup.net\/wp-content\/uploads\/2024\/06\/Digitalization-4.png 1260w, https:\/\/cbvgroup.net\/wp-content\/uploads\/2024\/06\/Digitalization-4-300x171.png 300w, https:\/\/cbvgroup.net\/wp-content\/uploads\/2024\/06\/Digitalization-4-1024x585.png 1024w, https:\/\/cbvgroup.net\/wp-content\/uploads\/2024\/06\/Digitalization-4-768x439.png 768w, https:\/\/cbvgroup.net\/wp-content\/uploads\/2024\/06\/Digitalization-4-600x343.png 600w\" sizes=\"auto, (max-width: 1260px) 100vw, 1260px\" \/>\t\t\t\t\t\t\n\t\t\t\t\t<\/div>\n\t\t\t\t\t\t\t\t\n<style>\n#image_916424141 {\n  width: 100%;\n}\n<\/style>\n\t<\/div>\n\t\n\t\t<\/div>\n\t\t\t\t\t<\/div>\n\n\t\n<\/div>\n\t\t<\/div>\n\n\t\t\n<style>\n#section_499556393 {\n  padding-top: 0px;\n  padding-bottom: 0px;\n}\n#section_499556393 .ux-shape-divider--top svg {\n  height: 150px;\n  --divider-top-width: 100%;\n}\n#section_499556393 .ux-shape-divider--bottom svg {\n  height: 150px;\n  --divider-width: 100%;\n}\n@media (min-width:550px) {\n  #section_499556393 {\n    padding-top: 30px;\n    padding-bottom: 30px;\n  }\n}\n<\/style>\n\t<\/section>\n\t\n\t<section class=\"section pb-0\" id=\"section_835609379\">\n\t\t<div class=\"bg section-bg fill bg-fill  bg-loaded\" >\n\n\t\t\t\n\t\t\t\n\t\t\t\n\n\t\t<\/div>\n\n\t\t\n\n\t\t<div class=\"section-content relative\">\n\t\t\t\n<div class=\"row\"  id=\"row-779411486\">\n\n\t<div id=\"col-197596898\" class=\"col pb-0 small-12 large-12\"  >\n\t\t\t\t<div class=\"col-inner\"  >\n\t\t\t\n\t\t\t\n\t<div id=\"text-4062404484\" class=\"text title_22\">\n\t\t\n<h2><strong>C\u00c1C XU H\u01af\u1edaNG V\u00c0 B\u00cd QUY\u1ebeT CHUY\u1ec2N \u0110\u1ed4I S\u1ed0<\/strong><\/h2>\n\t\t\n<style>\n#text-4062404484 {\n  text-align: center;\n  color: rgb(0, 0, 0);\n}\n#text-4062404484 > * {\n  color: rgb(0, 0, 0);\n}\n<\/style>\n\t<\/div>\n\t\n\t<div id=\"gap-317077126\" class=\"gap-element clearfix\" style=\"display:block; height:auto;\">\n\t\t\n<style>\n#gap-317077126 {\n  padding-top: 20px;\n}\n<\/style>\n\t<\/div>\n\t\n\n  \n    <div class=\"row large-columns-3 medium-columns-1 small-columns-1 slider row-slider slider-nav-circle slider-nav-push\"  data-flickity-options='{\"imagesLoaded\": true, \"groupCells\": \"100%\", \"dragThreshold\" : 5, \"cellAlign\": \"left\",\"wrapAround\": true,\"prevNextButtons\": true,\"percentPosition\": true,\"pageDots\": false, \"rightToLeft\": false, \"autoPlay\" : 3000}'>\n\n  <div class=\"col post-item\" >\n\t\t\t<div class=\"col-inner\">\n\t\t\t<a href=\"https:\/\/cbvgroup.net\/?p=3376\" class=\"plain\">\n\t\t\t\t<div class=\"box box-normal box-text-bottom box-blog-post has-hover\">\n            \t\t\t\t\t<div class=\"box-image\" >\n  \t\t\t\t\t\t<div class=\"image-cover\" style=\"padding-top:56.25%;\">\n  \t\t\t\t\t\t\t<img loading=\"lazy\" decoding=\"async\" width=\"1154\" height=\"577\" src=\"https:\/\/cbvgroup.net\/wp-content\/uploads\/2024\/06\/Digitalization-3.jpg\" class=\"attachment-original size-original wp-post-image\" alt=\"\" srcset=\"https:\/\/cbvgroup.net\/wp-content\/uploads\/2024\/06\/Digitalization-3.jpg 1154w, https:\/\/cbvgroup.net\/wp-content\/uploads\/2024\/06\/Digitalization-3-300x150.jpg 300w, https:\/\/cbvgroup.net\/wp-content\/uploads\/2024\/06\/Digitalization-3-1024x512.jpg 1024w, https:\/\/cbvgroup.net\/wp-content\/uploads\/2024\/06\/Digitalization-3-768x384.jpg 768w, https:\/\/cbvgroup.net\/wp-content\/uploads\/2024\/06\/Digitalization-3-600x300.jpg 600w\" sizes=\"auto, (max-width: 1154px) 100vw, 1154px\" \/>  \t\t\t\t\t\t\t  \t\t\t\t\t\t\t  \t\t\t\t\t\t<\/div>\n  \t\t\t\t\t\t  \t\t\t\t\t<\/div>\n          \t\t\t\t\t<div class=\"box-text text-center\" >\n\t\t\t\t\t<div class=\"box-text-inner blog-post-inner\">\n\n\t\t\t\t\t\n\t\t\t\t\t\t\t\t\t\t<h5 class=\"post-title is-large \">&#8220;Chuy\u1ec3n \u0111\u1ed5i s\u1ed1 l\u00e0 g\u00ec?&#8221;<\/h5>\n\t\t\t\t\t\t\t\t\t\t<div class=\"is-divider\"><\/div>\n\t\t\t\t\t\t\t\t\t\t<p class=\"from_the_blog_excerpt \">McKinsey - Chuy\u1ec3n \u0111\u1ed5i s\u1ed1 l\u00e0 vi\u1ec7c t\u00e1i c\u1ea5u tr\u00fac c\u01a1 b\u1ea3n c\u00e1ch th\u1ee9c ho\u1ea1t \u0111\u1ed9ng c\u1ee7a m\u1ed9t t\u1ed5 ch\u1ee9c. M\u1ee5c ti\u00eau c\u1ee7a m\u1ed9t cu\u1ed9c chuy\u1ec3n \u0111\u1ed5i s\u1ed1 n\u00ean l\u00e0 x\u00e2y d\u1ef1ng l\u1ee3i th\u1ebf c\u1ea1nh tranh b\u1eb1ng c\u00e1ch li\u00ean t\u1ee5c tri\u1ec3n khai c\u00f4ng ngh\u1ec7 tr\u00ean quy m\u00f4 l\u1edbn \u0111\u1ec3 c\u1ea3i\t\t\t\t\t<\/p>\n\t\t\t\t\t                    \n\t\t\t\t\t\n\t\t\t\t\t\n\t\t\t\t\t<\/div>\n\t\t\t\t\t<\/div>\n\t\t\t\t\t\t\t\t\t<\/div>\n\t\t\t\t<\/a>\n\t\t\t<\/div>\n\t\t<\/div><div class=\"col post-item\" >\n\t\t\t<div class=\"col-inner\">\n\t\t\t<a href=\"https:\/\/cbvgroup.net\/?p=1786\" class=\"plain\">\n\t\t\t\t<div class=\"box box-normal box-text-bottom box-blog-post has-hover\">\n            \t\t\t\t\t<div class=\"box-image\" >\n  \t\t\t\t\t\t<div class=\"image-cover\" style=\"padding-top:56.25%;\">\n  \t\t\t\t\t\t\t<img loading=\"lazy\" decoding=\"async\" width=\"860\" height=\"491\" src=\"https:\/\/cbvgroup.net\/wp-content\/uploads\/2023\/07\/so-hoa-la-xu-the-tat-yeu-cua-doanh-nghiep.jpg\" class=\"attachment-original size-original wp-post-image\" alt=\"\" srcset=\"https:\/\/cbvgroup.net\/wp-content\/uploads\/2023\/07\/so-hoa-la-xu-the-tat-yeu-cua-doanh-nghiep.jpg 860w, https:\/\/cbvgroup.net\/wp-content\/uploads\/2023\/07\/so-hoa-la-xu-the-tat-yeu-cua-doanh-nghiep-300x171.jpg 300w, https:\/\/cbvgroup.net\/wp-content\/uploads\/2023\/07\/so-hoa-la-xu-the-tat-yeu-cua-doanh-nghiep-768x438.jpg 768w, https:\/\/cbvgroup.net\/wp-content\/uploads\/2023\/07\/so-hoa-la-xu-the-tat-yeu-cua-doanh-nghiep-600x343.jpg 600w\" sizes=\"auto, (max-width: 860px) 100vw, 860px\" \/>  \t\t\t\t\t\t\t  \t\t\t\t\t\t\t  \t\t\t\t\t\t<\/div>\n  \t\t\t\t\t\t  \t\t\t\t\t<\/div>\n          \t\t\t\t\t<div class=\"box-text text-center\" >\n\t\t\t\t\t<div class=\"box-text-inner blog-post-inner\">\n\n\t\t\t\t\t\n\t\t\t\t\t\t\t\t\t\t<h5 class=\"post-title is-large \">S\u1ed1 h\u00f3a v\u00e0 chuy\u1ec3n \u0111\u1ed5i s\u1ed1 kh\u00e1c nhau nh\u01b0 th\u1ebf n\u00e0o?<\/h5>\n\t\t\t\t\t\t\t\t\t\t<div class=\"is-divider\"><\/div>\n\t\t\t\t\t\t\t\t\t\t<p class=\"from_the_blog_excerpt \">S\u1ed1 h\u00f3a v\u00e0 chuy\u1ec3n \u0111\u1ed5i s\u1ed1 l\u00e0 hai kh\u00e1i ni\u1ec7m r\u1ea5t d\u1ec5 b\u1ecb nh\u1ea7m l\u1eabn n\u1ebfu kh\u00f4ng hi\u1ec3u r\u00f5 v\u1ec1 b\u1ea3n ch\u1ea5t. C\u00e1ch s\u1eed d\u1ee5ng c\u1ee7a hai kh\u00e1i ni\u1ec7m n\u00e0y c\u0169ng l\u00e0 ho\u00e0n to\u00e0n kh\u00e1c nhau. \u00a0 C\u00f9ng t\u00ecm hi\u1ec3u chi ti\u1ebft kh\u00e1i ni\u1ec7m s\u1ed1 h\u00f3a v\u00e0 chuy\u1ec3n \u0111\u1ed5i s\u1ed1\t\t\t\t\t<\/p>\n\t\t\t\t\t                    \n\t\t\t\t\t\n\t\t\t\t\t\n\t\t\t\t\t<\/div>\n\t\t\t\t\t<\/div>\n\t\t\t\t\t\t\t\t\t<\/div>\n\t\t\t\t<\/a>\n\t\t\t<\/div>\n\t\t<\/div><div class=\"col post-item\" >\n\t\t\t<div class=\"col-inner\">\n\t\t\t<a href=\"https:\/\/cbvgroup.net\/?p=1783\" class=\"plain\">\n\t\t\t\t<div class=\"box box-normal box-text-bottom box-blog-post has-hover\">\n            \t\t\t\t\t<div class=\"box-image\" >\n  \t\t\t\t\t\t<div class=\"image-cover\" style=\"padding-top:56.25%;\">\n  \t\t\t\t\t\t\t<img loading=\"lazy\" decoding=\"async\" width=\"900\" height=\"603\" src=\"https:\/\/cbvgroup.net\/wp-content\/uploads\/2023\/07\/17-01-loi-ich-cua-so-hoa-he-thong.jpg\" class=\"attachment-original size-original wp-post-image\" alt=\"\" srcset=\"https:\/\/cbvgroup.net\/wp-content\/uploads\/2023\/07\/17-01-loi-ich-cua-so-hoa-he-thong.jpg 900w, https:\/\/cbvgroup.net\/wp-content\/uploads\/2023\/07\/17-01-loi-ich-cua-so-hoa-he-thong-300x201.jpg 300w, https:\/\/cbvgroup.net\/wp-content\/uploads\/2023\/07\/17-01-loi-ich-cua-so-hoa-he-thong-768x515.jpg 768w, https:\/\/cbvgroup.net\/wp-content\/uploads\/2023\/07\/17-01-loi-ich-cua-so-hoa-he-thong-600x402.jpg 600w\" sizes=\"auto, (max-width: 900px) 100vw, 900px\" \/>  \t\t\t\t\t\t\t  \t\t\t\t\t\t\t  \t\t\t\t\t\t<\/div>\n  \t\t\t\t\t\t  \t\t\t\t\t<\/div>\n          \t\t\t\t\t<div class=\"box-text text-center\" >\n\t\t\t\t\t<div class=\"box-text-inner blog-post-inner\">\n\n\t\t\t\t\t\n\t\t\t\t\t\t\t\t\t\t<h5 class=\"post-title is-large \">S\u1ed1 ho\u00e1 h\u1ec7 th\u1ed1ng cho doanh nghi\u1ec7p l\u00e0 g\u00ec? L\u1ee3i \u00edch to l\u1edbn v\u1edbi doanh nghi\u1ec7p<\/h5>\n\t\t\t\t\t\t\t\t\t\t<div class=\"is-divider\"><\/div>\n\t\t\t\t\t\t\t\t\t\t<p class=\"from_the_blog_excerpt \">Trong th\u1eddi \u0111\u1ea1i c\u00f4ng ngh\u1ec7 ph\u00e1t tri\u1ec3n hi\u1ec7n nay, s\u1ed1 ho\u00e1 h\u1ec7 th\u1ed1ng l\u00e0 m\u1ed9t gi\u1ea3i ph\u00e1p \u0111\u01b0\u1ee3c nhi\u1ec1u doanh nghi\u1ec7p l\u1ef1a ch\u1ecdn \u0111\u1ec3 c\u00f3 th\u1ec3 ti\u1ebfp t\u1ee5c ph\u00e1t tri\u1ec3n b\u1ec1n v\u1eefng v\u00e0 c\u00f3 kh\u1ea3 n\u0103ng c\u1ea1nh tranh cao h\u01a1n so v\u1edbi \u0111\u1ed1i th\u1ee7. V\u1eady, s\u1ed1 ho\u00e1 h\u1ec7 th\u1ed1ng trong\t\t\t\t\t<\/p>\n\t\t\t\t\t                    \n\t\t\t\t\t\n\t\t\t\t\t\n\t\t\t\t\t<\/div>\n\t\t\t\t\t<\/div>\n\t\t\t\t\t\t\t\t\t<\/div>\n\t\t\t\t<\/a>\n\t\t\t<\/div>\n\t\t<\/div><\/div>\n\t\t<\/div>\n\t\t\t\t\t<\/div>\n\n\t\n<\/div>\n\t\t<\/div>\n\n\t\t\n<style>\n#section_835609379 {\n  padding-top: 20px;\n  padding-bottom: 20px;\n  background-color: rgb(242, 242, 242);\n}\n#section_835609379 .ux-shape-divider--top svg {\n  height: 150px;\n  --divider-top-width: 100%;\n}\n#section_835609379 .ux-shape-divider--bottom svg {\n  height: 150px;\n  --divider-width: 100%;\n}\n@media (min-width:550px) {\n  #section_835609379 {\n    padding-top: 40px;\n    padding-bottom: 40px;\n  }\n}\n<\/style>\n\t<\/section>\n\t\n\n\n\n\n","protected":false},"excerpt":{"rendered":"","protected":false},"author":1,"featured_media":0,"parent":0,"menu_order":0,"comment_status":"closed","ping_status":"closed","template":"page-blank.php","meta":{"footnotes":""},"class_list":["post-2574","page","type-page","status-publish","hentry"],"acf":[],"lang":"vi","translations":{"vi":2574,"en":2263},"pll_sync_post":[],"_links":{"self":[{"href":"https:\/\/cbvgroup.net\/index.php?rest_route=\/wp\/v2\/pages\/2574","targetHints":{"allow":["GET"]}}],"collection":[{"href":"https:\/\/cbvgroup.net\/index.php?rest_route=\/wp\/v2\/pages"}],"about":[{"href":"https:\/\/cbvgroup.net\/index.php?rest_route=\/wp\/v2\/types\/page"}],"author":[{"embeddable":true,"href":"https:\/\/cbvgroup.net\/index.php?rest_route=\/wp\/v2\/users\/1"}],"replies":[{"embeddable":true,"href":"https:\/\/cbvgroup.net\/index.php?rest_route=%2Fwp%2Fv2%2Fcomments&post=2574"}],"version-history":[{"count":24,"href":"https:\/\/cbvgroup.net\/index.php?rest_route=\/wp\/v2\/pages\/2574\/revisions"}],"predecessor-version":[{"id":5240,"href":"https:\/\/cbvgroup.net\/index.php?rest_route=\/wp\/v2\/pages\/2574\/revisions\/5240"}],"wp:attachment":[{"href":"https:\/\/cbvgroup.net\/index.php?rest_route=%2Fwp%2Fv2%2Fmedia&parent=2574"}],"curies":[{"name":"wp","href":"https:\/\/api.w.org\/{rel}","templated":true}]}}