{"id":2577,"date":"2023-11-17T07:10:34","date_gmt":"2023-11-17T07:10:34","guid":{"rendered":"https:\/\/giaiphaponline.vn\/cbvgroup\/?page_id=2577"},"modified":"2024-12-27T14:02:08","modified_gmt":"2024-12-27T07:02:08","slug":"doi-ngu-chuyen-gia-ky-thuat","status":"publish","type":"page","link":"https:\/\/cbvgroup.net\/?page_id=2577","title":{"rendered":"\u0110\u1ed9i ng\u0169 chuy\u00ean gia k\u1ef9 thu\u1eadt"},"content":{"rendered":"\t<div class=\"img has-hover x md-x lg-x y md-y lg-y\" id=\"image_229507278\">\n\t\t\t\t\t\t\t\t<div class=\"img-inner image-cover dark\" style=\"padding-top:400px;\">\n\t\t\t<img loading=\"lazy\" decoding=\"async\" width=\"2560\" height=\"1015\" src=\"https:\/\/cbvgroup.net\/wp-content\/uploads\/2024\/12\/4-2-scaled.jpg\" class=\"attachment-original size-original\" alt=\"\" srcset=\"https:\/\/cbvgroup.net\/wp-content\/uploads\/2024\/12\/4-2-scaled.jpg 2560w, https:\/\/cbvgroup.net\/wp-content\/uploads\/2024\/12\/4-2-300x119.jpg 300w, https:\/\/cbvgroup.net\/wp-content\/uploads\/2024\/12\/4-2-1024x406.jpg 1024w, https:\/\/cbvgroup.net\/wp-content\/uploads\/2024\/12\/4-2-768x304.jpg 768w, https:\/\/cbvgroup.net\/wp-content\/uploads\/2024\/12\/4-2-1536x609.jpg 1536w, https:\/\/cbvgroup.net\/wp-content\/uploads\/2024\/12\/4-2-2048x812.jpg 2048w, https:\/\/cbvgroup.net\/wp-content\/uploads\/2024\/12\/4-2-1320x523.jpg 1320w, https:\/\/cbvgroup.net\/wp-content\/uploads\/2024\/12\/4-2-600x238.jpg 600w\" sizes=\"auto, (max-width: 2560px) 100vw, 2560px\" \/>\t\t\t\t\t\t\n\t\t\t\t\t<\/div>\n\t\t\t\t\t\t\t\t\n<style>\n#image_229507278 {\n  width: 100%;\n}\n<\/style>\n\t<\/div>\n\t\n\t<section class=\"section\" id=\"section_79470149\">\n\t\t<div class=\"bg section-bg fill bg-fill  bg-loaded\" >\n\n\t\t\t\n\t\t\t\n\t\t\t\n\n\t\t<\/div>\n\n\t\t\n\n\t\t<div class=\"section-content relative\">\n\t\t\t\n<div class=\"row\"  id=\"row-155635306\">\n\n\n<\/div>\n\n<div class=\"row\"  id=\"row-621772964\">\n\n\t<div id=\"col-1559579820\" class=\"col small-12 large-12\"  >\n\t\t\t\t<div class=\"col-inner\"  >\n\t\t\t\n\t\t\t\n<div class=\"is-divider divider clearfix\" style=\"max-width:1300px;\"><\/div>\n<h2 style=\"text-align: center;\"><strong>\u0110\u1ea0I DI\u1ec6N \u0110\u1ed8I NG\u0168 CHUY\u00caN GIA C\u00d4NG NGH\u1ec6\u00a0<\/strong><\/h2>\n<div class=\"is-divider divider clearfix\" style=\"max-width:1300px;\"><\/div>\n\t\t<\/div>\n\t\t\t\t\t<\/div>\n\n\t\n<\/div>\n\n  \n    <div class=\"row large-columns-4 medium-columns-1 small-columns-1 slider row-slider slider-nav-simple slider-nav-push\"  data-flickity-options='{\"imagesLoaded\": true, \"groupCells\": \"100%\", \"dragThreshold\" : 5, \"cellAlign\": \"left\",\"wrapAround\": true,\"prevNextButtons\": true,\"percentPosition\": true,\"pageDots\": false, \"rightToLeft\": false, \"autoPlay\" : 3000}'>\n\n  <div class=\"col post-item\" >\n\t\t\t<div class=\"col-inner\">\n\t\t\t<a href=\"https:\/\/cbvgroup.net\/?p=3790\" class=\"plain\">\n\t\t\t\t<div class=\"box box-normal box-text-bottom box-blog-post has-hover\">\n            \t\t\t\t\t<div class=\"box-image\" >\n  \t\t\t\t\t\t<div class=\"image-zoom image-glow image-cover\" style=\"padding-top:100%;\">\n  \t\t\t\t\t\t\t<img loading=\"lazy\" decoding=\"async\" width=\"1772\" height=\"1772\" src=\"https:\/\/cbvgroup.net\/wp-content\/uploads\/2024\/11\/Dat-Sam.jpg\" class=\"attachment-original size-original wp-post-image\" alt=\"\" srcset=\"https:\/\/cbvgroup.net\/wp-content\/uploads\/2024\/11\/Dat-Sam.jpg 1772w, https:\/\/cbvgroup.net\/wp-content\/uploads\/2024\/11\/Dat-Sam-300x300.jpg 300w, https:\/\/cbvgroup.net\/wp-content\/uploads\/2024\/11\/Dat-Sam-1024x1024.jpg 1024w, https:\/\/cbvgroup.net\/wp-content\/uploads\/2024\/11\/Dat-Sam-150x150.jpg 150w, https:\/\/cbvgroup.net\/wp-content\/uploads\/2024\/11\/Dat-Sam-768x768.jpg 768w, https:\/\/cbvgroup.net\/wp-content\/uploads\/2024\/11\/Dat-Sam-1536x1536.jpg 1536w, https:\/\/cbvgroup.net\/wp-content\/uploads\/2024\/11\/Dat-Sam-1320x1320.jpg 1320w, https:\/\/cbvgroup.net\/wp-content\/uploads\/2024\/11\/Dat-Sam-600x600.jpg 600w, https:\/\/cbvgroup.net\/wp-content\/uploads\/2024\/11\/Dat-Sam-100x100.jpg 100w\" sizes=\"auto, (max-width: 1772px) 100vw, 1772px\" \/>  \t\t\t\t\t\t\t  \t\t\t\t\t\t\t  \t\t\t\t\t\t<\/div>\n  \t\t\t\t\t\t  \t\t\t\t\t<\/div>\n          \t\t\t\t\t<div class=\"box-text text-center\" >\n\t\t\t\t\t<div class=\"box-text-inner blog-post-inner\">\n\n\t\t\t\t\t\n\t\t\t\t\t\t\t\t\t\t<h5 class=\"post-title is-large \">NGUY\u1ec4N TH\u1eaeNG \u0110\u1ea0T &#8211; LMS TECH LEAD<\/h5>\n\t\t\t\t\t\t\t\t\t\t<div class=\"is-divider\"><\/div>\n\t\t\t\t\t\t\t\t\t\t<p class=\"from_the_blog_excerpt \">H\u01a1n 10 n\u0103m kinh nghi\u1ec7m trong l\u0129nh v\u1ef1c l\u1eadp tr\u00ecnh \u1ee9ng d\u1ee5ng, \u0111\u1eb7c bi\u1ec7t l\u00e0 x\u00e2y d\u1ef1ng c\u00e1c h\u1ec7 th\u1ed1ng LMS cho c\u00e1c doanh nghi\u1ec7p g\u1ea7n 100,000 users s\u1eed d\u1ee5ng. Hi\u1ec7n \u0111ang t\u1eadp hu\u1ea5n chuy\u00ean m\u00f4n v\u00e0 tham gia c\u00e1c d\u1ef1 \u00e1n c\u00f4ng ngh\u1ec7 t\u1ea1i Canada\t\t\t\t\t<\/p>\n\t\t\t\t\t                    \n\t\t\t\t\t\n\t\t\t\t\t\n\t\t\t\t\t<\/div>\n\t\t\t\t\t<\/div>\n\t\t\t\t\t\t\t\t\t<\/div>\n\t\t\t\t<\/a>\n\t\t\t<\/div>\n\t\t<\/div><div class=\"col post-item\" >\n\t\t\t<div class=\"col-inner\">\n\t\t\t<a href=\"https:\/\/cbvgroup.net\/?p=3793\" class=\"plain\">\n\t\t\t\t<div class=\"box box-normal box-text-bottom box-blog-post has-hover\">\n            \t\t\t\t\t<div class=\"box-image\" >\n  \t\t\t\t\t\t<div class=\"image-zoom image-glow image-cover\" style=\"padding-top:100%;\">\n  \t\t\t\t\t\t\t<img loading=\"lazy\" decoding=\"async\" width=\"1772\" height=\"1772\" src=\"https:\/\/cbvgroup.net\/wp-content\/uploads\/2024\/11\/Quang-Luan-1.jpg\" class=\"attachment-original size-original wp-post-image\" alt=\"\" srcset=\"https:\/\/cbvgroup.net\/wp-content\/uploads\/2024\/11\/Quang-Luan-1.jpg 1772w, https:\/\/cbvgroup.net\/wp-content\/uploads\/2024\/11\/Quang-Luan-1-300x300.jpg 300w, https:\/\/cbvgroup.net\/wp-content\/uploads\/2024\/11\/Quang-Luan-1-1024x1024.jpg 1024w, https:\/\/cbvgroup.net\/wp-content\/uploads\/2024\/11\/Quang-Luan-1-150x150.jpg 150w, https:\/\/cbvgroup.net\/wp-content\/uploads\/2024\/11\/Quang-Luan-1-768x768.jpg 768w, https:\/\/cbvgroup.net\/wp-content\/uploads\/2024\/11\/Quang-Luan-1-1536x1536.jpg 1536w, https:\/\/cbvgroup.net\/wp-content\/uploads\/2024\/11\/Quang-Luan-1-1320x1320.jpg 1320w, https:\/\/cbvgroup.net\/wp-content\/uploads\/2024\/11\/Quang-Luan-1-600x600.jpg 600w, https:\/\/cbvgroup.net\/wp-content\/uploads\/2024\/11\/Quang-Luan-1-100x100.jpg 100w\" sizes=\"auto, (max-width: 1772px) 100vw, 1772px\" \/>  \t\t\t\t\t\t\t  \t\t\t\t\t\t\t  \t\t\t\t\t\t<\/div>\n  \t\t\t\t\t\t  \t\t\t\t\t<\/div>\n          \t\t\t\t\t<div class=\"box-text text-center\" >\n\t\t\t\t\t<div class=\"box-text-inner blog-post-inner\">\n\n\t\t\t\t\t\n\t\t\t\t\t\t\t\t\t\t<h5 class=\"post-title is-large \">TR\u1ea6N CH\u00c2U QUANG LU\u00c2N &#8211; LMS MOBILE APP<\/h5>\n\t\t\t\t\t\t\t\t\t\t<div class=\"is-divider\"><\/div>\n\t\t\t\t\t\t\t\t\t\t<p class=\"from_the_blog_excerpt \">H\u01a1n 13 n\u0103m kinh nghi\u1ec7m trong l\u0129nh v\u1ef1c l\u1eadp tr\u00ecnh \u1ee9ng d\u1ee5ng, \u0111\u1eb7c bi\u1ec7t l\u00e0 c\u00e1c c\u00f4ng ngh\u1ec7 tr\u00ean Mobile App. Hi\u1ec7n \u0111ang tri\u1ec3n khai nhi\u1ec1u d\u1ef1 \u00e1n h\u00e0m l\u01b0\u1ee3ng chuy\u00ean m\u00f4n cao cho c\u00e1c Doanh nghi\u1ec7p ng\u00e0nh Banking v\u00e0 Technology\t\t\t\t\t<\/p>\n\t\t\t\t\t                    \n\t\t\t\t\t\n\t\t\t\t\t\n\t\t\t\t\t<\/div>\n\t\t\t\t\t<\/div>\n\t\t\t\t\t\t\t\t\t<\/div>\n\t\t\t\t<\/a>\n\t\t\t<\/div>\n\t\t<\/div><div class=\"col post-item\" >\n\t\t\t<div class=\"col-inner\">\n\t\t\t<a href=\"https:\/\/cbvgroup.net\/?p=3797\" class=\"plain\">\n\t\t\t\t<div class=\"box box-normal box-text-bottom box-blog-post has-hover\">\n            \t\t\t\t\t<div class=\"box-image\" >\n  \t\t\t\t\t\t<div class=\"image-zoom image-glow image-cover\" style=\"padding-top:100%;\">\n  \t\t\t\t\t\t\t<img loading=\"lazy\" decoding=\"async\" width=\"1772\" height=\"1772\" src=\"https:\/\/cbvgroup.net\/wp-content\/uploads\/2024\/11\/Thai-Duong-1.jpg\" class=\"attachment-original size-original wp-post-image\" alt=\"\" srcset=\"https:\/\/cbvgroup.net\/wp-content\/uploads\/2024\/11\/Thai-Duong-1.jpg 1772w, https:\/\/cbvgroup.net\/wp-content\/uploads\/2024\/11\/Thai-Duong-1-300x300.jpg 300w, https:\/\/cbvgroup.net\/wp-content\/uploads\/2024\/11\/Thai-Duong-1-1024x1024.jpg 1024w, https:\/\/cbvgroup.net\/wp-content\/uploads\/2024\/11\/Thai-Duong-1-150x150.jpg 150w, https:\/\/cbvgroup.net\/wp-content\/uploads\/2024\/11\/Thai-Duong-1-768x768.jpg 768w, https:\/\/cbvgroup.net\/wp-content\/uploads\/2024\/11\/Thai-Duong-1-1536x1536.jpg 1536w, https:\/\/cbvgroup.net\/wp-content\/uploads\/2024\/11\/Thai-Duong-1-1320x1320.jpg 1320w, https:\/\/cbvgroup.net\/wp-content\/uploads\/2024\/11\/Thai-Duong-1-600x600.jpg 600w, https:\/\/cbvgroup.net\/wp-content\/uploads\/2024\/11\/Thai-Duong-1-100x100.jpg 100w\" sizes=\"auto, (max-width: 1772px) 100vw, 1772px\" \/>  \t\t\t\t\t\t\t  \t\t\t\t\t\t\t  \t\t\t\t\t\t<\/div>\n  \t\t\t\t\t\t  \t\t\t\t\t<\/div>\n          \t\t\t\t\t<div class=\"box-text text-center\" >\n\t\t\t\t\t<div class=\"box-text-inner blog-post-inner\">\n\n\t\t\t\t\t\n\t\t\t\t\t\t\t\t\t\t<h5 class=\"post-title is-large \">L\u00ca NGUY\u1ec4N TH\u00c1I D\u01af\u01a0NG &#8211; LMS DATA ARCHITECT<\/h5>\n\t\t\t\t\t\t\t\t\t\t<div class=\"is-divider\"><\/div>\n\t\t\t\t\t\t\t\t\t\t<p class=\"from_the_blog_excerpt \">H\u01a1n 6 n\u0103m kinh nghi\u1ec7m trong l\u0129nh v\u1ef1c Qu\u1ea3n tr\u1ecb & ki\u1ebfn tr\u00fac d\u1eef li\u1ec7u, \u1ee9ng d\u1ee5ng AI trong ng\u00e0nh Banking v\u00e0 h\u1ec7 th\u1ed1ng LMS\t\t\t\t\t<\/p>\n\t\t\t\t\t                    \n\t\t\t\t\t\n\t\t\t\t\t\n\t\t\t\t\t<\/div>\n\t\t\t\t\t<\/div>\n\t\t\t\t\t\t\t\t\t<\/div>\n\t\t\t\t<\/a>\n\t\t\t<\/div>\n\t\t<\/div><div class=\"col post-item\" >\n\t\t\t<div class=\"col-inner\">\n\t\t\t<a href=\"https:\/\/cbvgroup.net\/?p=3802\" class=\"plain\">\n\t\t\t\t<div class=\"box box-normal box-text-bottom box-blog-post has-hover\">\n            \t\t\t\t\t<div class=\"box-image\" >\n  \t\t\t\t\t\t<div class=\"image-zoom image-glow image-cover\" style=\"padding-top:100%;\">\n  \t\t\t\t\t\t\t<img loading=\"lazy\" decoding=\"async\" width=\"1772\" height=\"1772\" src=\"https:\/\/cbvgroup.net\/wp-content\/uploads\/2024\/11\/1-1.jpg\" class=\"attachment-original size-original wp-post-image\" alt=\"\" srcset=\"https:\/\/cbvgroup.net\/wp-content\/uploads\/2024\/11\/1-1.jpg 1772w, https:\/\/cbvgroup.net\/wp-content\/uploads\/2024\/11\/1-1-300x300.jpg 300w, https:\/\/cbvgroup.net\/wp-content\/uploads\/2024\/11\/1-1-1024x1024.jpg 1024w, https:\/\/cbvgroup.net\/wp-content\/uploads\/2024\/11\/1-1-150x150.jpg 150w, https:\/\/cbvgroup.net\/wp-content\/uploads\/2024\/11\/1-1-768x768.jpg 768w, https:\/\/cbvgroup.net\/wp-content\/uploads\/2024\/11\/1-1-1536x1536.jpg 1536w, https:\/\/cbvgroup.net\/wp-content\/uploads\/2024\/11\/1-1-1320x1320.jpg 1320w, https:\/\/cbvgroup.net\/wp-content\/uploads\/2024\/11\/1-1-600x600.jpg 600w, https:\/\/cbvgroup.net\/wp-content\/uploads\/2024\/11\/1-1-100x100.jpg 100w\" sizes=\"auto, (max-width: 1772px) 100vw, 1772px\" \/>  \t\t\t\t\t\t\t  \t\t\t\t\t\t\t  \t\t\t\t\t\t<\/div>\n  \t\t\t\t\t\t  \t\t\t\t\t<\/div>\n          \t\t\t\t\t<div class=\"box-text text-center\" >\n\t\t\t\t\t<div class=\"box-text-inner blog-post-inner\">\n\n\t\t\t\t\t\n\t\t\t\t\t\t\t\t\t\t<h5 class=\"post-title is-large \">\u00d4NG V\u01af\u01a0NG S\u01a0N &#8211; LMS UI\/UX DESIGNER<\/h5>\n\t\t\t\t\t\t\t\t\t\t<div class=\"is-divider\"><\/div>\n\t\t\t\t\t\t\t\t\t\t<p class=\"from_the_blog_excerpt \">H\u01a1n 14 n\u0103m kinh nghi\u1ec7m trong l\u0129nh v\u1ef1c thi\u1ebft k\u1ebf UI\/UX, SEO c\u00e1c website chuy\u00ean nghi\u1ec7p v\u1edbi s\u1ed1 l\u01b0\u1ee3ng truy c\u1eadp l\u1edbn\t\t\t\t\t<\/p>\n\t\t\t\t\t                    \n\t\t\t\t\t\n\t\t\t\t\t\n\t\t\t\t\t<\/div>\n\t\t\t\t\t<\/div>\n\t\t\t\t\t\t\t\t\t<\/div>\n\t\t\t\t<\/a>\n\t\t\t<\/div>\n\t\t<\/div><\/div>\n\t\t<\/div>\n\n\t\t\n<style>\n#section_79470149 {\n  padding-top: 30px;\n  padding-bottom: 30px;\n}\n#section_79470149 .ux-shape-divider--top svg {\n  height: 150px;\n  --divider-top-width: 100%;\n}\n#section_79470149 .ux-shape-divider--bottom svg {\n  height: 150px;\n  --divider-width: 100%;\n}\n<\/style>\n\t<\/section>\n\t\n","protected":false},"excerpt":{"rendered":"","protected":false},"author":1,"featured_media":1817,"parent":0,"menu_order":0,"comment_status":"closed","ping_status":"closed","template":"page-blank.php","meta":{"footnotes":""},"class_list":["post-2577","page","type-page","status-publish","has-post-thumbnail","hentry"],"acf":[],"lang":"vi","translations":{"vi":2577,"en":2237},"pll_sync_post":[],"_links":{"self":[{"href":"https:\/\/cbvgroup.net\/index.php?rest_route=\/wp\/v2\/pages\/2577","targetHints":{"allow":["GET"]}}],"collection":[{"href":"https:\/\/cbvgroup.net\/index.php?rest_route=\/wp\/v2\/pages"}],"about":[{"href":"https:\/\/cbvgroup.net\/index.php?rest_route=\/wp\/v2\/types\/page"}],"author":[{"embeddable":true,"href":"https:\/\/cbvgroup.net\/index.php?rest_route=\/wp\/v2\/users\/1"}],"replies":[{"embeddable":true,"href":"https:\/\/cbvgroup.net\/index.php?rest_route=%2Fwp%2Fv2%2Fcomments&post=2577"}],"version-history":[{"count":11,"href":"https:\/\/cbvgroup.net\/index.php?rest_route=\/wp\/v2\/pages\/2577\/revisions"}],"predecessor-version":[{"id":4935,"href":"https:\/\/cbvgroup.net\/index.php?rest_route=\/wp\/v2\/pages\/2577\/revisions\/4935"}],"wp:featuredmedia":[{"embeddable":true,"href":"https:\/\/cbvgroup.net\/index.php?rest_route=\/wp\/v2\/media\/1817"}],"wp:attachment":[{"href":"https:\/\/cbvgroup.net\/index.php?rest_route=%2Fwp%2Fv2%2Fmedia&parent=2577"}],"curies":[{"name":"wp","href":"https:\/\/api.w.org\/{rel}","templated":true}]}}