{"id":2588,"date":"2023-11-17T07:34:37","date_gmt":"2023-11-17T07:34:37","guid":{"rendered":"https:\/\/giaiphaponline.vn\/cbvgroup\/?page_id=2588"},"modified":"2025-05-26T21:43:40","modified_gmt":"2025-05-26T14:43:40","slug":"doi-ngu-sang-lap-va-lanh-dao","status":"publish","type":"page","link":"https:\/\/cbvgroup.net\/?page_id=2588","title":{"rendered":"\u0110\u1ed9i ng\u0169 s\u00e1ng l\u1eadp v\u00e0 l\u00e3nh \u0111\u1ea1o"},"content":{"rendered":"\t<div class=\"img has-hover x md-x lg-x y md-y lg-y\" id=\"image_1802440993\">\n\t\t\t\t\t\t\t\t<div class=\"img-inner image-cover dark\" style=\"padding-top:400px;\">\n\t\t\t<img loading=\"lazy\" decoding=\"async\" width=\"2560\" height=\"1015\" src=\"https:\/\/cbvgroup.net\/wp-content\/uploads\/2024\/12\/Gioi-thieu_ben-trong-1-1-scaled.jpg\" class=\"attachment-original size-original\" alt=\"\" srcset=\"https:\/\/cbvgroup.net\/wp-content\/uploads\/2024\/12\/Gioi-thieu_ben-trong-1-1-scaled.jpg 2560w, https:\/\/cbvgroup.net\/wp-content\/uploads\/2024\/12\/Gioi-thieu_ben-trong-1-1-300x119.jpg 300w, https:\/\/cbvgroup.net\/wp-content\/uploads\/2024\/12\/Gioi-thieu_ben-trong-1-1-1024x406.jpg 1024w, https:\/\/cbvgroup.net\/wp-content\/uploads\/2024\/12\/Gioi-thieu_ben-trong-1-1-768x304.jpg 768w, https:\/\/cbvgroup.net\/wp-content\/uploads\/2024\/12\/Gioi-thieu_ben-trong-1-1-1536x609.jpg 1536w, https:\/\/cbvgroup.net\/wp-content\/uploads\/2024\/12\/Gioi-thieu_ben-trong-1-1-2048x812.jpg 2048w, https:\/\/cbvgroup.net\/wp-content\/uploads\/2024\/12\/Gioi-thieu_ben-trong-1-1-1320x523.jpg 1320w, https:\/\/cbvgroup.net\/wp-content\/uploads\/2024\/12\/Gioi-thieu_ben-trong-1-1-600x238.jpg 600w\" sizes=\"auto, (max-width: 2560px) 100vw, 2560px\" \/>\t\t\t\t\t\t\n\t\t\t\t\t<\/div>\n\t\t\t\t\t\t\t\t\n<style>\n#image_1802440993 {\n  width: 100%;\n}\n<\/style>\n\t<\/div>\n\t\n\t<section class=\"section\" id=\"section_1491546420\">\n\t\t<div class=\"bg section-bg fill bg-fill  bg-loaded\" >\n\n\t\t\t\n\t\t\t\n\t\t\t\n\n\t\t<\/div>\n\n\t\t\n\n\t\t<div class=\"section-content relative\">\n\t\t\t\n<div class=\"row\"  id=\"row-1908060334\">\n\n\t<div id=\"col-2142829140\" class=\"col small-12 large-12\"  >\n\t\t\t\t<div class=\"col-inner\"  >\n\t\t\t\n\t\t\t\n\t<div id=\"text-3612933202\" class=\"text title_22\">\n\t\t\n<hr \/>\n<h1 style=\"text-align: center;\"><strong>\u0110\u1ed8I NG\u0168 S\u00c1NG L\u1eacP &#8211; L\u00c3NH \u0110\u1ea0O<\/strong><\/h1>\n<h1 style=\"text-align: center;\"><strong><span style=\"color: #339966;\">C\u00d4NG TY TNHH T\u1ea6M NH\u00ccN KINH DOANH TH\u00d4NG MINH (CBV GROUP)<\/span><\/strong><\/h1>\n<hr \/>\n<p>\u00a0<\/p>\n\t\t\n<style>\n#text-3612933202 {\n  text-align: center;\n}\n<\/style>\n\t<\/div>\n\t\n\n  \n    <div class=\"row large-columns-2 medium-columns-1 small-columns-1 slider row-slider slider-nav-simple slider-nav-push\"  data-flickity-options='{\"imagesLoaded\": true, \"groupCells\": \"100%\", \"dragThreshold\" : 5, \"cellAlign\": \"left\",\"wrapAround\": true,\"prevNextButtons\": true,\"percentPosition\": true,\"pageDots\": true, \"rightToLeft\": false, \"autoPlay\" : 3000}'>\n\n  <div class=\"col post-item\" >\n\t\t\t<div class=\"col-inner\">\n\t\t\t<a href=\"https:\/\/cbvgroup.net\/?p=2763\" class=\"plain\">\n\t\t\t\t<div class=\"box box-normal box-text-bottom box-blog-post has-hover\">\n            \t\t\t\t\t<div class=\"box-image\" >\n  \t\t\t\t\t\t<div class=\"image-zoom image-glow image-cover\" style=\"padding-top:100%;\">\n  \t\t\t\t\t\t\t<img loading=\"lazy\" decoding=\"async\" width=\"1772\" height=\"1772\" src=\"https:\/\/cbvgroup.net\/wp-content\/uploads\/2024\/11\/Anh-Hung.jpg\" class=\"attachment-original size-original wp-post-image\" alt=\"\" srcset=\"https:\/\/cbvgroup.net\/wp-content\/uploads\/2024\/11\/Anh-Hung.jpg 1772w, https:\/\/cbvgroup.net\/wp-content\/uploads\/2024\/11\/Anh-Hung-300x300.jpg 300w, https:\/\/cbvgroup.net\/wp-content\/uploads\/2024\/11\/Anh-Hung-1024x1024.jpg 1024w, https:\/\/cbvgroup.net\/wp-content\/uploads\/2024\/11\/Anh-Hung-150x150.jpg 150w, https:\/\/cbvgroup.net\/wp-content\/uploads\/2024\/11\/Anh-Hung-768x768.jpg 768w, https:\/\/cbvgroup.net\/wp-content\/uploads\/2024\/11\/Anh-Hung-1536x1536.jpg 1536w, https:\/\/cbvgroup.net\/wp-content\/uploads\/2024\/11\/Anh-Hung-1320x1320.jpg 1320w, https:\/\/cbvgroup.net\/wp-content\/uploads\/2024\/11\/Anh-Hung-600x600.jpg 600w, https:\/\/cbvgroup.net\/wp-content\/uploads\/2024\/11\/Anh-Hung-100x100.jpg 100w\" sizes=\"auto, (max-width: 1772px) 100vw, 1772px\" \/>  \t\t\t\t\t\t\t  \t\t\t\t\t\t\t  \t\t\t\t\t\t<\/div>\n  \t\t\t\t\t\t  \t\t\t\t\t<\/div>\n          \t\t\t\t\t<div class=\"box-text text-center\" >\n\t\t\t\t\t<div class=\"box-text-inner blog-post-inner\">\n\n\t\t\t\t\t\n\t\t\t\t\t\t\t\t\t\t<h5 class=\"post-title is-large \">NCS. NGUY\u1ec4N ANH H\u00d9NG &#8211; Founder &#038; CEO<\/h5>\n\t\t\t\t\t\t\t\t\t\t<div class=\"is-divider\"><\/div>\n\t\t\t\t\t\t\t\t\t\t<p class=\"from_the_blog_excerpt \">H\u01a1n 22 n\u0103m kinh nghi\u1ec7m trong l\u0129nh v\u1ef1c Chuy\u1ec3n ho\u00e1 t\u1ed5 ch\u1ee9c, Qu\u1ea3n tr\u1ecb NNL t\u1ed5ng th\u1ec3, gi\u1ea3i ph\u00e1p t\u00e1i c\u1ea5u tr\u00fac k\u1ebft n\u1ed1i ch\u1eb7t ch\u1ebd v\u1edbi chi\u1ebfn l\u01b0\u1ee3c kinh doanh, m\u00f4 h\u00ecnh kinh doanh \u1edf nh\u1eefng t\u1ed5 ch\u1ee9c quy m\u00f4 l\u1edbn v\u00e0 ph\u1ee9c t\u1ea1p.\t\t\t\t\t<\/p>\n\t\t\t\t\t                    \n\t\t\t\t\t\n\t\t\t\t\t\n\t\t\t\t\t<\/div>\n\t\t\t\t\t<\/div>\n\t\t\t\t\t\t\t\t\t<\/div>\n\t\t\t\t<\/a>\n\t\t\t<\/div>\n\t\t<\/div><\/div>\n\t\t<\/div>\n\t\t\t\t\t<\/div>\n\n\t\n<\/div>\n<div class=\"row\"  id=\"row-1585236435\">\n<\/div>\n\t\t<\/div>\n\n\t\t\n<style>\n#section_1491546420 {\n  padding-top: 30px;\n  padding-bottom: 30px;\n}\n#section_1491546420 .ux-shape-divider--top svg {\n  height: 150px;\n  --divider-top-width: 100%;\n}\n#section_1491546420 .ux-shape-divider--bottom svg {\n  height: 150px;\n  --divider-width: 100%;\n}\n<\/style>\n\t<\/section>\n\t\n<p>&nbsp;<\/p>\n","protected":false},"excerpt":{"rendered":"<p>&nbsp;<\/p>\n","protected":false},"author":1,"featured_media":4100,"parent":0,"menu_order":0,"comment_status":"closed","ping_status":"closed","template":"page-blank.php","meta":{"footnotes":""},"class_list":["post-2588","page","type-page","status-publish","has-post-thumbnail","hentry"],"acf":[],"lang":"vi","translations":{"vi":2588,"en":2239},"pll_sync_post":[],"_links":{"self":[{"href":"https:\/\/cbvgroup.net\/index.php?rest_route=\/wp\/v2\/pages\/2588","targetHints":{"allow":["GET"]}}],"collection":[{"href":"https:\/\/cbvgroup.net\/index.php?rest_route=\/wp\/v2\/pages"}],"about":[{"href":"https:\/\/cbvgroup.net\/index.php?rest_route=\/wp\/v2\/types\/page"}],"author":[{"embeddable":true,"href":"https:\/\/cbvgroup.net\/index.php?rest_route=\/wp\/v2\/users\/1"}],"replies":[{"embeddable":true,"href":"https:\/\/cbvgroup.net\/index.php?rest_route=%2Fwp%2Fv2%2Fcomments&post=2588"}],"version-history":[{"count":22,"href":"https:\/\/cbvgroup.net\/index.php?rest_route=\/wp\/v2\/pages\/2588\/revisions"}],"predecessor-version":[{"id":5982,"href":"https:\/\/cbvgroup.net\/index.php?rest_route=\/wp\/v2\/pages\/2588\/revisions\/5982"}],"wp:featuredmedia":[{"embeddable":true,"href":"https:\/\/cbvgroup.net\/index.php?rest_route=\/wp\/v2\/media\/4100"}],"wp:attachment":[{"href":"https:\/\/cbvgroup.net\/index.php?rest_route=%2Fwp%2Fv2%2Fmedia&parent=2588"}],"curies":[{"name":"wp","href":"https:\/\/api.w.org\/{rel}","templated":true}]}}