{"id":2593,"date":"2023-11-17T07:40:39","date_gmt":"2023-11-17T07:40:39","guid":{"rendered":"https:\/\/giaiphaponline.vn\/cbvgroup\/?page_id=2593"},"modified":"2025-05-26T21:43:44","modified_gmt":"2025-05-26T14:43:44","slug":"hoi-dong-co-van-chuyen-mon","status":"publish","type":"page","link":"https:\/\/cbvgroup.net\/?page_id=2593","title":{"rendered":"H\u1ed9i \u0111\u1ed3ng c\u1ed1 v\u1ea5n chuy\u00ean m\u00f4n"},"content":{"rendered":"\t<div class=\"img has-hover x md-x lg-x y md-y lg-y\" id=\"image_1734099697\">\n\t\t\t\t\t\t\t\t<div class=\"img-inner image-cover dark\" style=\"padding-top:400px;\">\n\t\t\t<img loading=\"lazy\" decoding=\"async\" width=\"2560\" height=\"1015\" src=\"https:\/\/cbvgroup.net\/wp-content\/uploads\/2024\/12\/Gioi-thieu_ben-trong-1-1-scaled.jpg\" class=\"attachment-original size-original\" alt=\"\" srcset=\"https:\/\/cbvgroup.net\/wp-content\/uploads\/2024\/12\/Gioi-thieu_ben-trong-1-1-scaled.jpg 2560w, https:\/\/cbvgroup.net\/wp-content\/uploads\/2024\/12\/Gioi-thieu_ben-trong-1-1-300x119.jpg 300w, https:\/\/cbvgroup.net\/wp-content\/uploads\/2024\/12\/Gioi-thieu_ben-trong-1-1-1024x406.jpg 1024w, https:\/\/cbvgroup.net\/wp-content\/uploads\/2024\/12\/Gioi-thieu_ben-trong-1-1-768x304.jpg 768w, https:\/\/cbvgroup.net\/wp-content\/uploads\/2024\/12\/Gioi-thieu_ben-trong-1-1-1536x609.jpg 1536w, https:\/\/cbvgroup.net\/wp-content\/uploads\/2024\/12\/Gioi-thieu_ben-trong-1-1-2048x812.jpg 2048w, https:\/\/cbvgroup.net\/wp-content\/uploads\/2024\/12\/Gioi-thieu_ben-trong-1-1-1320x523.jpg 1320w, https:\/\/cbvgroup.net\/wp-content\/uploads\/2024\/12\/Gioi-thieu_ben-trong-1-1-600x238.jpg 600w\" sizes=\"auto, (max-width: 2560px) 100vw, 2560px\" \/>\t\t\t\t\t\t\n\t\t\t\t\t<\/div>\n\t\t\t\t\t\t\t\t\n<style>\n#image_1734099697 {\n  width: 100%;\n}\n<\/style>\n\t<\/div>\n\t\n\t<section class=\"section\" id=\"section_454343923\">\n\t\t<div class=\"bg section-bg fill bg-fill  bg-loaded\" >\n\n\t\t\t\n\t\t\t\n\t\t\t\n\n\t\t<\/div>\n\n\t\t\n\n\t\t<div class=\"section-content relative\">\n\t\t\t\n<div class=\"row\"  id=\"row-1946914215\">\n\n\t<div id=\"col-2004323254\" class=\"col small-12 large-12\"  >\n\t\t\t\t<div class=\"col-inner\"  >\n\t\t\t\n\t\t\t\n\t<div id=\"text-1062651994\" class=\"text title_22\">\n\t\t\n<h2 style=\"text-align: center;\">H\u1ed8I \u0110\u1ed2NG C\u1ed0 V\u1ea4N<\/h2>\n<h1 style=\"text-align: center;\"><span style=\"font-size: 90%;\"><strong><span style=\"color: #339966;\">C\u00d4NG TY TNHH T\u1ea6M NH\u00ccN KINH DOANH TH\u00d4NG MINH (CBV GROUP)<\/span><\/strong><\/span><\/h1>\n\t\t\n<style>\n#text-1062651994 {\n  text-align: center;\n}\n<\/style>\n\t<\/div>\n\t\n\n  \n    <div class=\"row large-columns-4 medium-columns-1 small-columns-1 slider row-slider slider-nav-reveal slider-nav-push\"  data-flickity-options='{\"imagesLoaded\": true, \"groupCells\": \"100%\", \"dragThreshold\" : 5, \"cellAlign\": \"left\",\"wrapAround\": true,\"prevNextButtons\": true,\"percentPosition\": true,\"pageDots\": false, \"rightToLeft\": false, \"autoPlay\" : 2000}'>\n\n  <div class=\"col post-item\" >\n\t\t\t<div class=\"col-inner\">\n\t\t\t<a href=\"https:\/\/cbvgroup.net\/?p=3110\" class=\"plain\">\n\t\t\t\t<div class=\"box box-normal box-text-bottom box-blog-post has-hover\">\n            \t\t\t\t\t<div class=\"box-image\" >\n  \t\t\t\t\t\t<div class=\"image-zoom image-glow image-cover\" style=\"padding-top:100%;\">\n  \t\t\t\t\t\t\t<img loading=\"lazy\" decoding=\"async\" width=\"1772\" height=\"1772\" src=\"https:\/\/cbvgroup.net\/wp-content\/uploads\/2024\/11\/Le-Tri-Thong-1.jpg\" class=\"attachment-original size-original wp-post-image\" alt=\"\" srcset=\"https:\/\/cbvgroup.net\/wp-content\/uploads\/2024\/11\/Le-Tri-Thong-1.jpg 1772w, https:\/\/cbvgroup.net\/wp-content\/uploads\/2024\/11\/Le-Tri-Thong-1-300x300.jpg 300w, https:\/\/cbvgroup.net\/wp-content\/uploads\/2024\/11\/Le-Tri-Thong-1-1024x1024.jpg 1024w, https:\/\/cbvgroup.net\/wp-content\/uploads\/2024\/11\/Le-Tri-Thong-1-150x150.jpg 150w, https:\/\/cbvgroup.net\/wp-content\/uploads\/2024\/11\/Le-Tri-Thong-1-768x768.jpg 768w, https:\/\/cbvgroup.net\/wp-content\/uploads\/2024\/11\/Le-Tri-Thong-1-1536x1536.jpg 1536w, https:\/\/cbvgroup.net\/wp-content\/uploads\/2024\/11\/Le-Tri-Thong-1-1320x1320.jpg 1320w, https:\/\/cbvgroup.net\/wp-content\/uploads\/2024\/11\/Le-Tri-Thong-1-600x600.jpg 600w, https:\/\/cbvgroup.net\/wp-content\/uploads\/2024\/11\/Le-Tri-Thong-1-100x100.jpg 100w\" sizes=\"auto, (max-width: 1772px) 100vw, 1772px\" \/>  \t\t\t\t\t\t\t  \t\t\t\t\t\t\t  \t\t\t\t\t\t<\/div>\n  \t\t\t\t\t\t  \t\t\t\t\t<\/div>\n          \t\t\t\t\t<div class=\"box-text text-center\" >\n\t\t\t\t\t<div class=\"box-text-inner blog-post-inner\">\n\n\t\t\t\t\t\n\t\t\t\t\t\t\t\t\t\t<h5 class=\"post-title is-large \">L\u00ca TR\u00cd TH\u00d4NG<\/h5>\n\t\t\t\t\t\t\t\t\t\t<div class=\"is-divider\"><\/div>\n\t\t\t\t\t\t\t\t\t\t<p class=\"from_the_blog_excerpt \">H\u01a1n 22 n\u0103m kinh nghi\u1ec7m chuy\u00ean s\u00e2u trong l\u0129nh v\u1ef1c Qu\u1ea3n tr\u1ecb chi\u1ebfn l\u01b0\u1ee3c v\u00e0 Qu\u1ea3n tr\u1ecb doanh nghi\u1ec7p t\u1ed5ng th\u1ec3 \u1edf v\u1ecb tr\u00ed C-Level, CEO\t\t\t\t\t<\/p>\n\t\t\t\t\t                    \n\t\t\t\t\t\n\t\t\t\t\t\n\t\t\t\t\t<\/div>\n\t\t\t\t\t<\/div>\n\t\t\t\t\t\t\t\t\t<\/div>\n\t\t\t\t<\/a>\n\t\t\t<\/div>\n\t\t<\/div><div class=\"col post-item\" >\n\t\t\t<div class=\"col-inner\">\n\t\t\t<a href=\"https:\/\/cbvgroup.net\/?p=1624\" class=\"plain\">\n\t\t\t\t<div class=\"box box-normal box-text-bottom box-blog-post has-hover\">\n            \t\t\t\t\t<div class=\"box-image\" >\n  \t\t\t\t\t\t<div class=\"image-zoom image-glow image-cover\" style=\"padding-top:100%;\">\n  \t\t\t\t\t\t\t<img loading=\"lazy\" decoding=\"async\" width=\"1772\" height=\"1772\" src=\"https:\/\/cbvgroup.net\/wp-content\/uploads\/2024\/11\/Vu-The-Du-1.jpg\" class=\"attachment-original size-original wp-post-image\" alt=\"\" srcset=\"https:\/\/cbvgroup.net\/wp-content\/uploads\/2024\/11\/Vu-The-Du-1.jpg 1772w, https:\/\/cbvgroup.net\/wp-content\/uploads\/2024\/11\/Vu-The-Du-1-300x300.jpg 300w, https:\/\/cbvgroup.net\/wp-content\/uploads\/2024\/11\/Vu-The-Du-1-1024x1024.jpg 1024w, https:\/\/cbvgroup.net\/wp-content\/uploads\/2024\/11\/Vu-The-Du-1-150x150.jpg 150w, https:\/\/cbvgroup.net\/wp-content\/uploads\/2024\/11\/Vu-The-Du-1-768x768.jpg 768w, https:\/\/cbvgroup.net\/wp-content\/uploads\/2024\/11\/Vu-The-Du-1-1536x1536.jpg 1536w, https:\/\/cbvgroup.net\/wp-content\/uploads\/2024\/11\/Vu-The-Du-1-1320x1320.jpg 1320w, https:\/\/cbvgroup.net\/wp-content\/uploads\/2024\/11\/Vu-The-Du-1-600x600.jpg 600w, https:\/\/cbvgroup.net\/wp-content\/uploads\/2024\/11\/Vu-The-Du-1-100x100.jpg 100w\" sizes=\"auto, (max-width: 1772px) 100vw, 1772px\" \/>  \t\t\t\t\t\t\t  \t\t\t\t\t\t\t  \t\t\t\t\t\t<\/div>\n  \t\t\t\t\t\t  \t\t\t\t\t<\/div>\n          \t\t\t\t\t<div class=\"box-text text-center\" >\n\t\t\t\t\t<div class=\"box-text-inner blog-post-inner\">\n\n\t\t\t\t\t\n\t\t\t\t\t\t\t\t\t\t<h5 class=\"post-title is-large \">DBA. V\u0168 TH\u1ebe D\u1ef0<\/h5>\n\t\t\t\t\t\t\t\t\t\t<div class=\"is-divider\"><\/div>\n\t\t\t\t\t\t\t\t\t\t<p class=\"from_the_blog_excerpt \">Ti\u1ebfn s\u1ef9 V\u0169 Th\u1ebf D\u1ef1 l\u00e0 chuy\u00ean gia nhi\u1ec1u kinh nghi\u1ec7m, hi\u1ec7n \u0111ang l\u00e0 CEO c\u1ee7a 2 c\u00f4ng ty THE BEAUTIFUL MIND Consulting v\u00e0 THE ATHENA RETAIL Consulting.\t\t\t\t\t<\/p>\n\t\t\t\t\t                    \n\t\t\t\t\t\n\t\t\t\t\t\n\t\t\t\t\t<\/div>\n\t\t\t\t\t<\/div>\n\t\t\t\t\t\t\t\t\t<\/div>\n\t\t\t\t<\/a>\n\t\t\t<\/div>\n\t\t<\/div><div class=\"col post-item\" >\n\t\t\t<div class=\"col-inner\">\n\t\t\t<a href=\"https:\/\/cbvgroup.net\/?p=1606\" class=\"plain\">\n\t\t\t\t<div class=\"box box-normal box-text-bottom box-blog-post has-hover\">\n            \t\t\t\t\t<div class=\"box-image\" >\n  \t\t\t\t\t\t<div class=\"image-zoom image-glow image-cover\" style=\"padding-top:100%;\">\n  \t\t\t\t\t\t\t<img loading=\"lazy\" decoding=\"async\" width=\"1772\" height=\"1772\" src=\"https:\/\/cbvgroup.net\/wp-content\/uploads\/2024\/11\/3.jpg\" class=\"attachment-original size-original wp-post-image\" alt=\"\" srcset=\"https:\/\/cbvgroup.net\/wp-content\/uploads\/2024\/11\/3.jpg 1772w, https:\/\/cbvgroup.net\/wp-content\/uploads\/2024\/11\/3-300x300.jpg 300w, https:\/\/cbvgroup.net\/wp-content\/uploads\/2024\/11\/3-1024x1024.jpg 1024w, https:\/\/cbvgroup.net\/wp-content\/uploads\/2024\/11\/3-150x150.jpg 150w, https:\/\/cbvgroup.net\/wp-content\/uploads\/2024\/11\/3-768x768.jpg 768w, https:\/\/cbvgroup.net\/wp-content\/uploads\/2024\/11\/3-1536x1536.jpg 1536w, https:\/\/cbvgroup.net\/wp-content\/uploads\/2024\/11\/3-1320x1320.jpg 1320w, https:\/\/cbvgroup.net\/wp-content\/uploads\/2024\/11\/3-600x600.jpg 600w, https:\/\/cbvgroup.net\/wp-content\/uploads\/2024\/11\/3-100x100.jpg 100w\" sizes=\"auto, (max-width: 1772px) 100vw, 1772px\" \/>  \t\t\t\t\t\t\t  \t\t\t\t\t\t\t  \t\t\t\t\t\t<\/div>\n  \t\t\t\t\t\t  \t\t\t\t\t<\/div>\n          \t\t\t\t\t<div class=\"box-text text-center\" >\n\t\t\t\t\t<div class=\"box-text-inner blog-post-inner\">\n\n\t\t\t\t\t\n\t\t\t\t\t\t\t\t\t\t<h5 class=\"post-title is-large \">L\u00ca NGUY\u1ec4N H\u1ed2NG PH\u01af\u01a0NG<\/h5>\n\t\t\t\t\t\t\t\t\t\t<div class=\"is-divider\"><\/div>\n\t\t\t\t\t\t\t\t\t\t<p class=\"from_the_blog_excerpt \">Ch\u1ee7 t\u1ecbch BIT GROUP v\u1edbi 18 n\u0103m kinh nghi\u1ec7m t\u01b0 v\u1ea5n, x\u00e2y d\u1ef1ng v\u00e0 qu\u1ea3n tr\u1ecb chi\u1ebfn l\u01b0\u1ee3c doanh nghi\u1ec7p, t\u1ed1i \u01b0u b\u1eb1ng h\u1ec7 th\u1ed1ng th\u00f4ng tin\t\t\t\t\t<\/p>\n\t\t\t\t\t                    \n\t\t\t\t\t\n\t\t\t\t\t\n\t\t\t\t\t<\/div>\n\t\t\t\t\t<\/div>\n\t\t\t\t\t\t\t\t\t<\/div>\n\t\t\t\t<\/a>\n\t\t\t<\/div>\n\t\t<\/div><div class=\"col post-item\" >\n\t\t\t<div class=\"col-inner\">\n\t\t\t<a href=\"https:\/\/cbvgroup.net\/?p=1612\" class=\"plain\">\n\t\t\t\t<div class=\"box box-normal box-text-bottom box-blog-post has-hover\">\n            \t\t\t\t\t<div class=\"box-image\" >\n  \t\t\t\t\t\t<div class=\"image-zoom image-glow image-cover\" style=\"padding-top:100%;\">\n  \t\t\t\t\t\t\t<img loading=\"lazy\" decoding=\"async\" width=\"1772\" height=\"1772\" src=\"https:\/\/cbvgroup.net\/wp-content\/uploads\/2024\/11\/Dr-1.jpg\" class=\"attachment-original size-original wp-post-image\" alt=\"\" srcset=\"https:\/\/cbvgroup.net\/wp-content\/uploads\/2024\/11\/Dr-1.jpg 1772w, https:\/\/cbvgroup.net\/wp-content\/uploads\/2024\/11\/Dr-1-300x300.jpg 300w, https:\/\/cbvgroup.net\/wp-content\/uploads\/2024\/11\/Dr-1-1024x1024.jpg 1024w, https:\/\/cbvgroup.net\/wp-content\/uploads\/2024\/11\/Dr-1-150x150.jpg 150w, https:\/\/cbvgroup.net\/wp-content\/uploads\/2024\/11\/Dr-1-768x768.jpg 768w, https:\/\/cbvgroup.net\/wp-content\/uploads\/2024\/11\/Dr-1-1536x1536.jpg 1536w, https:\/\/cbvgroup.net\/wp-content\/uploads\/2024\/11\/Dr-1-1320x1320.jpg 1320w, https:\/\/cbvgroup.net\/wp-content\/uploads\/2024\/11\/Dr-1-600x600.jpg 600w, https:\/\/cbvgroup.net\/wp-content\/uploads\/2024\/11\/Dr-1-100x100.jpg 100w\" sizes=\"auto, (max-width: 1772px) 100vw, 1772px\" \/>  \t\t\t\t\t\t\t  \t\t\t\t\t\t\t  \t\t\t\t\t\t<\/div>\n  \t\t\t\t\t\t  \t\t\t\t\t<\/div>\n          \t\t\t\t\t<div class=\"box-text text-center\" >\n\t\t\t\t\t<div class=\"box-text-inner blog-post-inner\">\n\n\t\t\t\t\t\n\t\t\t\t\t\t\t\t\t\t<h5 class=\"post-title is-large \">PhD. PETER CHENG<\/h5>\n\t\t\t\t\t\t\t\t\t\t<div class=\"is-divider\"><\/div>\n\t\t\t\t\t\t\t\t\t\t<p class=\"from_the_blog_excerpt \">Ti\u1ebfn s\u1ef9 Peter Cheng l\u00e0 Co-Founder & Executive Director c\u1ee7a C\u00f4ng ty t\u01b0 v\u1ea5n PACE-OD c\u00f3 tr\u1ee5 s\u1edf t\u1ea1i Singapore\t\t\t\t\t<\/p>\n\t\t\t\t\t                    \n\t\t\t\t\t\n\t\t\t\t\t\n\t\t\t\t\t<\/div>\n\t\t\t\t\t<\/div>\n\t\t\t\t\t\t\t\t\t<\/div>\n\t\t\t\t<\/a>\n\t\t\t<\/div>\n\t\t<\/div><div class=\"col post-item\" >\n\t\t\t<div class=\"col-inner\">\n\t\t\t<a href=\"https:\/\/cbvgroup.net\/?p=1615\" class=\"plain\">\n\t\t\t\t<div class=\"box box-normal box-text-bottom box-blog-post has-hover\">\n            \t\t\t\t\t<div class=\"box-image\" >\n  \t\t\t\t\t\t<div class=\"image-zoom image-glow image-cover\" style=\"padding-top:100%;\">\n  \t\t\t\t\t\t\t<img loading=\"lazy\" decoding=\"async\" width=\"1772\" height=\"1772\" src=\"https:\/\/cbvgroup.net\/wp-content\/uploads\/2024\/11\/Lyly-1.jpg\" class=\"attachment-original size-original wp-post-image\" alt=\"\" srcset=\"https:\/\/cbvgroup.net\/wp-content\/uploads\/2024\/11\/Lyly-1.jpg 1772w, https:\/\/cbvgroup.net\/wp-content\/uploads\/2024\/11\/Lyly-1-300x300.jpg 300w, https:\/\/cbvgroup.net\/wp-content\/uploads\/2024\/11\/Lyly-1-1024x1024.jpg 1024w, https:\/\/cbvgroup.net\/wp-content\/uploads\/2024\/11\/Lyly-1-150x150.jpg 150w, https:\/\/cbvgroup.net\/wp-content\/uploads\/2024\/11\/Lyly-1-768x768.jpg 768w, https:\/\/cbvgroup.net\/wp-content\/uploads\/2024\/11\/Lyly-1-1536x1536.jpg 1536w, https:\/\/cbvgroup.net\/wp-content\/uploads\/2024\/11\/Lyly-1-1320x1320.jpg 1320w, https:\/\/cbvgroup.net\/wp-content\/uploads\/2024\/11\/Lyly-1-600x600.jpg 600w, https:\/\/cbvgroup.net\/wp-content\/uploads\/2024\/11\/Lyly-1-100x100.jpg 100w\" sizes=\"auto, (max-width: 1772px) 100vw, 1772px\" \/>  \t\t\t\t\t\t\t  \t\t\t\t\t\t\t  \t\t\t\t\t\t<\/div>\n  \t\t\t\t\t\t  \t\t\t\t\t<\/div>\n          \t\t\t\t\t<div class=\"box-text text-center\" >\n\t\t\t\t\t<div class=\"box-text-inner blog-post-inner\">\n\n\t\t\t\t\t\n\t\t\t\t\t\t\t\t\t\t<h5 class=\"post-title is-large \">PhD. LILY CHENG<\/h5>\n\t\t\t\t\t\t\t\t\t\t<div class=\"is-divider\"><\/div>\n\t\t\t\t\t\t\t\t\t\t<p class=\"from_the_blog_excerpt \">Ti\u1ebfn s\u1ef9 LiLy Cheng l\u00e0 Founder & CEO c\u1ee7a C\u00f4ng ty t\u01b0 v\u1ea5n PACE-OD c\u00f3 tr\u1ee5 s\u1edf t\u1ea1i Singapore\t\t\t\t\t<\/p>\n\t\t\t\t\t                    \n\t\t\t\t\t\n\t\t\t\t\t\n\t\t\t\t\t<\/div>\n\t\t\t\t\t<\/div>\n\t\t\t\t\t\t\t\t\t<\/div>\n\t\t\t\t<\/a>\n\t\t\t<\/div>\n\t\t<\/div><\/div>\n\t\t<\/div>\n\t\t\t\t\t<\/div>\n\n\t\n\n\t<div id=\"col-1166963352\" class=\"col small-12 large-12\"  >\n\t\t\t\t<div class=\"col-inner\"  >\n\t\t\t\n\t\t\t\n\t<div id=\"text-657375549\" class=\"text title_22 hidden\">\n\t\t\n<h2>H\u1ed8I \u0110\u1ed2NG C\u1ed0 V\u1ea4N 2<\/h2>\n\t\t\n<style>\n#text-657375549 {\n  text-align: center;\n}\n<\/style>\n\t<\/div>\n\t\n\n\t\t<\/div>\n\t\t\t\t\t<\/div>\n\n\t\n<\/div>\n<div class=\"row\"  id=\"row-438572791\">\n<\/div>\n\t\t<\/div>\n\n\t\t\n<style>\n#section_454343923 {\n  padding-top: 30px;\n  padding-bottom: 30px;\n}\n#section_454343923 .ux-shape-divider--top svg {\n  height: 150px;\n  --divider-top-width: 100%;\n}\n#section_454343923 .ux-shape-divider--bottom svg {\n  height: 150px;\n  --divider-width: 100%;\n}\n<\/style>\n\t<\/section>\n\t\n","protected":false},"excerpt":{"rendered":"","protected":false},"author":1,"featured_media":0,"parent":0,"menu_order":0,"comment_status":"closed","ping_status":"closed","template":"page-blank.php","meta":{"footnotes":""},"class_list":["post-2593","page","type-page","status-publish","hentry"],"acf":[],"lang":"vi","translations":{"vi":2593,"en":2239},"pll_sync_post":[],"_links":{"self":[{"href":"https:\/\/cbvgroup.net\/index.php?rest_route=\/wp\/v2\/pages\/2593","targetHints":{"allow":["GET"]}}],"collection":[{"href":"https:\/\/cbvgroup.net\/index.php?rest_route=\/wp\/v2\/pages"}],"about":[{"href":"https:\/\/cbvgroup.net\/index.php?rest_route=\/wp\/v2\/types\/page"}],"author":[{"embeddable":true,"href":"https:\/\/cbvgroup.net\/index.php?rest_route=\/wp\/v2\/users\/1"}],"replies":[{"embeddable":true,"href":"https:\/\/cbvgroup.net\/index.php?rest_route=%2Fwp%2Fv2%2Fcomments&post=2593"}],"version-history":[{"count":17,"href":"https:\/\/cbvgroup.net\/index.php?rest_route=\/wp\/v2\/pages\/2593\/revisions"}],"predecessor-version":[{"id":5983,"href":"https:\/\/cbvgroup.net\/index.php?rest_route=\/wp\/v2\/pages\/2593\/revisions\/5983"}],"wp:attachment":[{"href":"https:\/\/cbvgroup.net\/index.php?rest_route=%2Fwp%2Fv2%2Fmedia&parent=2593"}],"curies":[{"name":"wp","href":"https:\/\/api.w.org\/{rel}","templated":true}]}}