{"id":2596,"date":"2023-11-17T07:49:34","date_gmt":"2023-11-17T07:49:34","guid":{"rendered":"https:\/\/giaiphaponline.vn\/cbvgroup\/?page_id=2596"},"modified":"2025-05-26T21:44:46","modified_gmt":"2025-05-26T14:44:46","slug":"doi-tac-chien-luoc-cbvgroup","status":"publish","type":"page","link":"https:\/\/cbvgroup.net\/?page_id=2596","title":{"rendered":"\u0110\u1ed1i t\u00e1c chi\u1ebfn l\u01b0\u1ee3c cbvgroup"},"content":{"rendered":"\t<div class=\"img has-hover x md-x lg-x y md-y lg-y\" id=\"image_1776196693\">\n\t\t\t\t\t\t\t\t<div class=\"img-inner image-cover dark\" style=\"padding-top:400px;\">\n\t\t\t<img loading=\"lazy\" decoding=\"async\" width=\"1020\" height=\"404\" src=\"https:\/\/cbvgroup.net\/wp-content\/uploads\/2024\/12\/Gioi-thieu_ben-trong-1-1-1024x406.jpg\" class=\"attachment-large size-large\" alt=\"\" srcset=\"https:\/\/cbvgroup.net\/wp-content\/uploads\/2024\/12\/Gioi-thieu_ben-trong-1-1-1024x406.jpg 1024w, https:\/\/cbvgroup.net\/wp-content\/uploads\/2024\/12\/Gioi-thieu_ben-trong-1-1-300x119.jpg 300w, https:\/\/cbvgroup.net\/wp-content\/uploads\/2024\/12\/Gioi-thieu_ben-trong-1-1-768x304.jpg 768w, https:\/\/cbvgroup.net\/wp-content\/uploads\/2024\/12\/Gioi-thieu_ben-trong-1-1-1536x609.jpg 1536w, https:\/\/cbvgroup.net\/wp-content\/uploads\/2024\/12\/Gioi-thieu_ben-trong-1-1-2048x812.jpg 2048w, https:\/\/cbvgroup.net\/wp-content\/uploads\/2024\/12\/Gioi-thieu_ben-trong-1-1-1320x523.jpg 1320w, https:\/\/cbvgroup.net\/wp-content\/uploads\/2024\/12\/Gioi-thieu_ben-trong-1-1-600x238.jpg 600w\" sizes=\"auto, (max-width: 1020px) 100vw, 1020px\" \/>\t\t\t\t\t\t\n\t\t\t\t\t<\/div>\n\t\t\t\t\t\t\t\t\n<style>\n#image_1776196693 {\n  width: 100%;\n}\n<\/style>\n\t<\/div>\n\t\n\t<section class=\"section pb-0\" id=\"section_1060995514\">\n\t\t<div class=\"bg section-bg fill bg-fill  bg-loaded\" >\n\n\t\t\t\n\t\t\t\n\t\t\t\n\n\t\t<\/div>\n\n\t\t\n\n\t\t<div class=\"section-content relative\">\n\t\t\t\n<div class=\"row\"  id=\"row-774756650\">\n\n\t<div id=\"col-92466203\" class=\"col pb-0 small-12 large-12\"  >\n\t\t\t\t<div class=\"col-inner\"  >\n\t\t\t\n\t\t\t\n\t<div id=\"text-2145002403\" class=\"text title_22\">\n\t\t\n<hr \/>\n<h1 style=\"text-align: center;\">\u0110\u1ed0I T\u00c1C CHI\u1ebeN L\u01af\u1ee2C TI\u00caU BI\u1ec2U<\/h1>\n<h1 style=\"text-align: center;\"><strong><span style=\"color: #339966;\">C\u00d4NG TY TNHH T\u1ea6M NH\u00ccN KINH DOANH TH\u00d4NG MINH (CBV GROUP)<\/span><\/strong><\/h1>\n<hr \/>\n\t\t\n<style>\n#text-2145002403 {\n  text-align: center;\n  color: rgb(0, 0, 0);\n}\n#text-2145002403 > * {\n  color: rgb(0, 0, 0);\n}\n<\/style>\n\t<\/div>\n\t\n\t<div id=\"gap-985270766\" class=\"gap-element clearfix\" style=\"display:block; height:auto;\">\n\t\t\n<style>\n#gap-985270766 {\n  padding-top: 30px;\n}\n<\/style>\n\t<\/div>\n\t\n\n  \n    <div class=\"row large-columns-3 medium-columns-1 small-columns-1 slider row-slider slider-nav-reveal slider-nav-push\"  data-flickity-options='{\"imagesLoaded\": true, \"groupCells\": \"100%\", \"dragThreshold\" : 5, \"cellAlign\": \"left\",\"wrapAround\": true,\"prevNextButtons\": true,\"percentPosition\": true,\"pageDots\": false, \"rightToLeft\": false, \"autoPlay\" : 3000}'>\n\n  <div class=\"col post-item\" >\n\t\t\t<div class=\"col-inner\">\n\t\t\t<a href=\"https:\/\/cbvgroup.net\/?p=2152\" class=\"plain\">\n\t\t\t\t<div class=\"box box-normal box-text-bottom box-blog-post has-hover\">\n            \t\t\t\t\t<div class=\"box-image\" >\n  \t\t\t\t\t\t<div class=\"image-glow image-cover\" style=\"padding-top:100%;\">\n  \t\t\t\t\t\t\t<img loading=\"lazy\" decoding=\"async\" width=\"702\" height=\"636\" src=\"https:\/\/cbvgroup.net\/wp-content\/uploads\/2023\/08\/PACE-OD-Square.jpg\" class=\"attachment-original size-original wp-post-image\" alt=\"\" srcset=\"https:\/\/cbvgroup.net\/wp-content\/uploads\/2023\/08\/PACE-OD-Square.jpg 702w, https:\/\/cbvgroup.net\/wp-content\/uploads\/2023\/08\/PACE-OD-Square-300x272.jpg 300w, https:\/\/cbvgroup.net\/wp-content\/uploads\/2023\/08\/PACE-OD-Square-600x544.jpg 600w\" sizes=\"auto, (max-width: 702px) 100vw, 702px\" \/>  \t\t\t\t\t\t\t  \t\t\t\t\t\t\t  \t\t\t\t\t\t<\/div>\n  \t\t\t\t\t\t  \t\t\t\t\t<\/div>\n          \t\t\t\t\t<div class=\"box-text text-center\" >\n\t\t\t\t\t<div class=\"box-text-inner blog-post-inner\">\n\n\t\t\t\t\t\n\t\t\t\t\t\t\t\t\t\t<h5 class=\"post-title is-xlarge \">PACE-OD (Tr\u1ee5 s\u1edf t\u1ea1i Singapore)<\/h5>\n\t\t\t\t\t\t\t\t\t\t<div class=\"is-divider\"><\/div>\n\t\t\t\t\t\t\t\t\t\t<p class=\"from_the_blog_excerpt \">C\u00f4ng ty h\u00e0ng \u0111\u1ea7u khu v\u1ef1c v\u1ec1 c\u00e1c gi\u1ea3i ph\u00e1p chuy\u1ec3n ho\u00e1 t\u1ed5 ch\u1ee9c v\u00e0 gia t\u0103ng n\u0103ng l\u1ef1c l\u00e3nh \u0111\u1ea1o cho nhi\u1ec1u t\u1ed5 ch\u1ee9c l\u1edbn. B\u00ean c\u1ea1nh \u0111\u00f3, PACE-OD s\u1edf h\u1eefu c\u00e1c c\u00f4ng c\u1ee5 Digital c\u00f3 t\u00ednh n\u0103ng kh\u1ea3o s\u00e1t, \u0111\u00e1nh gi\u00e1 chuy\u00ean s\u00e2u. \t\t\t\t\t<\/p>\n\t\t\t\t\t                    \n\t\t\t\t\t\n\t\t\t\t\t\n\t\t\t\t\t<\/div>\n\t\t\t\t\t<\/div>\n\t\t\t\t\t\t\t\t\t<\/div>\n\t\t\t\t<\/a>\n\t\t\t<\/div>\n\t\t<\/div><div class=\"col post-item\" >\n\t\t\t<div class=\"col-inner\">\n\t\t\t<a href=\"https:\/\/cbvgroup.net\/?p=2154\" class=\"plain\">\n\t\t\t\t<div class=\"box box-normal box-text-bottom box-blog-post has-hover\">\n            \t\t\t\t\t<div class=\"box-image\" >\n  \t\t\t\t\t\t<div class=\"image-glow image-cover\" style=\"padding-top:100%;\">\n  \t\t\t\t\t\t\t<img loading=\"lazy\" decoding=\"async\" width=\"635\" height=\"631\" src=\"https:\/\/cbvgroup.net\/wp-content\/uploads\/2023\/12\/Partner-Crestcom.jpg\" class=\"attachment-original size-original wp-post-image\" alt=\"\" srcset=\"https:\/\/cbvgroup.net\/wp-content\/uploads\/2023\/12\/Partner-Crestcom.jpg 635w, https:\/\/cbvgroup.net\/wp-content\/uploads\/2023\/12\/Partner-Crestcom-300x298.jpg 300w, https:\/\/cbvgroup.net\/wp-content\/uploads\/2023\/12\/Partner-Crestcom-150x150.jpg 150w, https:\/\/cbvgroup.net\/wp-content\/uploads\/2023\/12\/Partner-Crestcom-600x596.jpg 600w, https:\/\/cbvgroup.net\/wp-content\/uploads\/2023\/12\/Partner-Crestcom-100x100.jpg 100w\" sizes=\"auto, (max-width: 635px) 100vw, 635px\" \/>  \t\t\t\t\t\t\t  \t\t\t\t\t\t\t  \t\t\t\t\t\t<\/div>\n  \t\t\t\t\t\t  \t\t\t\t\t<\/div>\n          \t\t\t\t\t<div class=\"box-text text-center\" >\n\t\t\t\t\t<div class=\"box-text-inner blog-post-inner\">\n\n\t\t\t\t\t\n\t\t\t\t\t\t\t\t\t\t<h5 class=\"post-title is-xlarge \">CRESTCOM<\/h5>\n\t\t\t\t\t\t\t\t\t\t<div class=\"is-divider\"><\/div>\n\t\t\t\t\t\t\t\t\t\t<p class=\"from_the_blog_excerpt \">CRESTCOM (GLOBAL LEADERS) l\u00e0 t\u1eadp \u0111o\u00e0n h\u00e0ng \u0111\u1ea7u to\u00e0n c\u1ea7u v\u1ec1 c\u00e1c gi\u1ea3i ph\u00e1p ph\u00e1t tri\u1ec3n n\u0103ng l\u1ef1c l\u00e3nh \u0111\u1ea1o cho \u0111\u1ed9i ng\u0169 qu\u1ea3n tr\u1ecb c\u1ea5p cao v\u00e0 l\u1ef1c l\u01b0\u1ee3ng k\u1ebf th\u1eeba ti\u1ec1m n\u0103ng. C\u00e1c ch\u01b0\u01a1ng tr\u00ecnh n\u00e0y \u0111\u01b0\u1ee3c chu\u1ea9n ho\u00e1 to\u00e0n c\u1ea7u qua nhi\u1ec1u nghi\u00ean c\u1ee9u v\u00e0 \u0111\u00fac k\u1ebft.\t\t\t\t\t<\/p>\n\t\t\t\t\t                    \n\t\t\t\t\t\n\t\t\t\t\t\n\t\t\t\t\t<\/div>\n\t\t\t\t\t<\/div>\n\t\t\t\t\t\t\t\t\t<\/div>\n\t\t\t\t<\/a>\n\t\t\t<\/div>\n\t\t<\/div><\/div>\n\t\t<\/div>\n\t\t\t\t\t<\/div>\n\n\t\n<\/div>\n<div class=\"row\"  id=\"row-1521436022\">\n\n\t<div id=\"col-66386386\" class=\"col pb-0 small-12 large-12\"  >\n\t\t\t\t<div class=\"col-inner\"  >\n\t\t\t\n\t\t\t\n\t<div id=\"text-2308004700\" class=\"text title_22\">\n\t\t\n<hr \/>\n<h1 style=\"text-align: center;\">\u0110\u1ed0I T\u00c1C CHUY\u00caN M\u00d4N TI\u00caU BI\u1ec2U<\/h1>\n<hr \/>\n\t\t\n<style>\n#text-2308004700 {\n  text-align: center;\n  color: rgb(0, 0, 0);\n}\n#text-2308004700 > * {\n  color: rgb(0, 0, 0);\n}\n<\/style>\n\t<\/div>\n\t\n\t<div id=\"gap-1753837660\" class=\"gap-element clearfix\" style=\"display:block; height:auto;\">\n\t\t\n<style>\n#gap-1753837660 {\n  padding-top: 30px;\n}\n<\/style>\n\t<\/div>\n\t\n\n  \n    <div class=\"row large-columns-3 medium-columns-1 small-columns-1 slider row-slider slider-nav-reveal slider-nav-push\"  data-flickity-options='{\"imagesLoaded\": true, \"groupCells\": \"100%\", \"dragThreshold\" : 5, \"cellAlign\": \"left\",\"wrapAround\": true,\"prevNextButtons\": true,\"percentPosition\": true,\"pageDots\": false, \"rightToLeft\": false, \"autoPlay\" : 3000}'>\n\n  <div class=\"col post-item\" >\n\t\t\t<div class=\"col-inner\">\n\t\t\t<a href=\"https:\/\/cbvgroup.net\/?p=2160\" class=\"plain\">\n\t\t\t\t<div class=\"box box-normal box-text-bottom box-blog-post has-hover\">\n            \t\t\t\t\t<div class=\"box-image\" >\n  \t\t\t\t\t\t<div class=\"image-glow image-cover\" style=\"padding-top:100%;\">\n  \t\t\t\t\t\t\t<img loading=\"lazy\" decoding=\"async\" width=\"929\" height=\"727\" src=\"https:\/\/cbvgroup.net\/wp-content\/uploads\/2024\/01\/BIT-Group.jpg\" class=\"attachment-original size-original wp-post-image\" alt=\"\" srcset=\"https:\/\/cbvgroup.net\/wp-content\/uploads\/2024\/01\/BIT-Group.jpg 929w, https:\/\/cbvgroup.net\/wp-content\/uploads\/2024\/01\/BIT-Group-300x235.jpg 300w, https:\/\/cbvgroup.net\/wp-content\/uploads\/2024\/01\/BIT-Group-768x601.jpg 768w, https:\/\/cbvgroup.net\/wp-content\/uploads\/2024\/01\/BIT-Group-600x470.jpg 600w\" sizes=\"auto, (max-width: 929px) 100vw, 929px\" \/>  \t\t\t\t\t\t\t  \t\t\t\t\t\t\t  \t\t\t\t\t\t<\/div>\n  \t\t\t\t\t\t  \t\t\t\t\t<\/div>\n          \t\t\t\t\t<div class=\"box-text text-center\" >\n\t\t\t\t\t<div class=\"box-text-inner blog-post-inner\">\n\n\t\t\t\t\t\n\t\t\t\t\t\t\t\t\t\t<h5 class=\"post-title is-large \">BIT Group<\/h5>\n\t\t\t\t\t\t\t\t\t\t<div class=\"is-divider\"><\/div>\n\t\t\t\t\t\t\t\t\t\t<p class=\"from_the_blog_excerpt \">BIT Group l\u00e0 nh\u00f3m c\u00f4ng ty cung c\u1ea5p gi\u1ea3i ph\u00e1p \u0111\u00e0o t\u1ea1o, qu\u1ea3n l\u00fd, truy\u1ec1n th\u00f4ng, b\u00e1n h\u00e0ng tr\u00ean n\u1ec1n t\u1ea3ng c\u00f4ng ngh\u1ec7 v\u1edbi m\u1ee5c ti\u00eau n\u00e2ng cao hi\u1ec7u qu\u1ea3 kinh doanh cho c\u00e1c kh\u00e1ch h\u00e0ng doanh nghi\u1ec7p v\u1edbi g\u1ea7n 20 n\u0103m h\u00ecnh th\u00e0nh v\u00e0 ph\u00e1t tri\u1ec3n\t\t\t\t\t<\/p>\n\t\t\t\t\t                    \n\t\t\t\t\t\n\t\t\t\t\t\n\t\t\t\t\t<\/div>\n\t\t\t\t\t<\/div>\n\t\t\t\t\t\t\t\t\t<\/div>\n\t\t\t\t<\/a>\n\t\t\t<\/div>\n\t\t<\/div><\/div>\n\t\t<\/div>\n\t\t\t\t\t<\/div>\n\n\t\n<\/div>\n\t\t<\/div>\n\n\t\t\n<style>\n#section_1060995514 {\n  padding-top: 30px;\n  padding-bottom: 30px;\n}\n#section_1060995514 .ux-shape-divider--top svg {\n  height: 150px;\n  --divider-top-width: 100%;\n}\n#section_1060995514 .ux-shape-divider--bottom svg {\n  height: 150px;\n  --divider-width: 100%;\n}\n<\/style>\n\t<\/section>\n\t\n","protected":false},"excerpt":{"rendered":"","protected":false},"author":1,"featured_media":0,"parent":0,"menu_order":0,"comment_status":"closed","ping_status":"closed","template":"page-blank.php","meta":{"footnotes":""},"class_list":["post-2596","page","type-page","status-publish","hentry"],"acf":[],"lang":"vi","translations":{"vi":2596},"pll_sync_post":[],"_links":{"self":[{"href":"https:\/\/cbvgroup.net\/index.php?rest_route=\/wp\/v2\/pages\/2596","targetHints":{"allow":["GET"]}}],"collection":[{"href":"https:\/\/cbvgroup.net\/index.php?rest_route=\/wp\/v2\/pages"}],"about":[{"href":"https:\/\/cbvgroup.net\/index.php?rest_route=\/wp\/v2\/types\/page"}],"author":[{"embeddable":true,"href":"https:\/\/cbvgroup.net\/index.php?rest_route=\/wp\/v2\/users\/1"}],"replies":[{"embeddable":true,"href":"https:\/\/cbvgroup.net\/index.php?rest_route=%2Fwp%2Fv2%2Fcomments&post=2596"}],"version-history":[{"count":27,"href":"https:\/\/cbvgroup.net\/index.php?rest_route=\/wp\/v2\/pages\/2596\/revisions"}],"predecessor-version":[{"id":5984,"href":"https:\/\/cbvgroup.net\/index.php?rest_route=\/wp\/v2\/pages\/2596\/revisions\/5984"}],"wp:attachment":[{"href":"https:\/\/cbvgroup.net\/index.php?rest_route=%2Fwp%2Fv2%2Fmedia&parent=2596"}],"curies":[{"name":"wp","href":"https:\/\/api.w.org\/{rel}","templated":true}]}}