{"id":3385,"date":"2024-06-24T11:18:54","date_gmt":"2024-06-24T11:18:54","guid":{"rendered":"https:\/\/demo.cbvgroup.net\/?page_id=3385"},"modified":"2025-01-20T10:07:54","modified_gmt":"2025-01-20T03:07:54","slug":"giai-phap-nen-tang-so-hoa","status":"publish","type":"page","link":"https:\/\/cbvgroup.net\/?page_id=3385","title":{"rendered":"Gi\u1ea3i ph\u00e1p n\u1ec1n t\u1ea3ng s\u1ed1 h\u00f3a"},"content":{"rendered":"\t<div class=\"img has-hover x md-x lg-x y md-y lg-y\" id=\"image_407173935\">\n\t\t\t\t\t\t\t\t<div class=\"img-inner image-cover dark\" style=\"padding-top:400px;\">\n\t\t\t<img loading=\"lazy\" decoding=\"async\" width=\"2560\" height=\"1015\" src=\"https:\/\/cbvgroup.net\/wp-content\/uploads\/2025\/01\/4-2-scaled.jpg\" class=\"attachment-original size-original\" alt=\"\" srcset=\"https:\/\/cbvgroup.net\/wp-content\/uploads\/2025\/01\/4-2-scaled.jpg 2560w, https:\/\/cbvgroup.net\/wp-content\/uploads\/2025\/01\/4-2-300x119.jpg 300w, https:\/\/cbvgroup.net\/wp-content\/uploads\/2025\/01\/4-2-1024x406.jpg 1024w, https:\/\/cbvgroup.net\/wp-content\/uploads\/2025\/01\/4-2-768x304.jpg 768w, https:\/\/cbvgroup.net\/wp-content\/uploads\/2025\/01\/4-2-1536x609.jpg 1536w, https:\/\/cbvgroup.net\/wp-content\/uploads\/2025\/01\/4-2-2048x812.jpg 2048w, https:\/\/cbvgroup.net\/wp-content\/uploads\/2025\/01\/4-2-1320x523.jpg 1320w, https:\/\/cbvgroup.net\/wp-content\/uploads\/2025\/01\/4-2-600x238.jpg 600w\" sizes=\"auto, (max-width: 2560px) 100vw, 2560px\" \/>\t\t\t\t\t\t\n\t\t\t\t\t<\/div>\n\t\t\t\t\t\t\t\t\n<style>\n#image_407173935 {\n  width: 100%;\n}\n<\/style>\n\t<\/div>\n\t\n\t<section class=\"section\" id=\"section_2135158425\">\n\t\t<div class=\"bg section-bg fill bg-fill  bg-loaded\" >\n\n\t\t\t\n\t\t\t<div class=\"section-bg-overlay absolute fill\"><\/div>\n\t\t\t\n\n\t\t<\/div>\n\n\t\t\n\n\t\t<div class=\"section-content relative\">\n\t\t\t\n<hr \/>\n<h2 style=\"text-align: center;\"><span style=\"color: #282828;\"><strong>C\u00c1C C\u00d4NG C\u1ee4 &amp; GI\u1ea2I PH\u00c1P S\u1ed0<\/strong><\/span><\/h2>\n<hr \/>\n\n  \n    <div class=\"row large-columns-2 medium-columns-1 small-columns-1 slider row-slider slider-nav-reveal slider-nav-push\"  data-flickity-options='{\"imagesLoaded\": true, \"groupCells\": \"100%\", \"dragThreshold\" : 5, \"cellAlign\": \"left\",\"wrapAround\": true,\"prevNextButtons\": true,\"percentPosition\": true,\"pageDots\": false, \"rightToLeft\": false, \"autoPlay\" : 3000}'>\n\n  <div class=\"col post-item\" >\n\t\t\t<div class=\"col-inner\">\n\t\t\t<a href=\"https:\/\/cbvgroup.net\/?p=3391\" class=\"plain\">\n\t\t\t\t<div class=\"box box-normal box-text-bottom box-blog-post has-hover\">\n            \t\t\t\t\t<div class=\"box-image\" >\n  \t\t\t\t\t\t<div class=\"image-zoom image-cover\" style=\"padding-top:56.25%;\">\n  \t\t\t\t\t\t\t<img loading=\"lazy\" decoding=\"async\" width=\"2560\" height=\"1434\" src=\"https:\/\/cbvgroup.net\/wp-content\/uploads\/2024\/06\/LIFT01-scaled.jpg\" class=\"attachment-original size-original wp-post-image\" alt=\"\" srcset=\"https:\/\/cbvgroup.net\/wp-content\/uploads\/2024\/06\/LIFT01-scaled.jpg 2560w, https:\/\/cbvgroup.net\/wp-content\/uploads\/2024\/06\/LIFT01-300x168.jpg 300w, https:\/\/cbvgroup.net\/wp-content\/uploads\/2024\/06\/LIFT01-1024x574.jpg 1024w, https:\/\/cbvgroup.net\/wp-content\/uploads\/2024\/06\/LIFT01-768x430.jpg 768w, https:\/\/cbvgroup.net\/wp-content\/uploads\/2024\/06\/LIFT01-1536x860.jpg 1536w, https:\/\/cbvgroup.net\/wp-content\/uploads\/2024\/06\/LIFT01-2048x1147.jpg 2048w, https:\/\/cbvgroup.net\/wp-content\/uploads\/2024\/06\/LIFT01-1320x739.jpg 1320w, https:\/\/cbvgroup.net\/wp-content\/uploads\/2024\/06\/LIFT01-600x336.jpg 600w\" sizes=\"auto, (max-width: 2560px) 100vw, 2560px\" \/>  \t\t\t\t\t\t\t  \t\t\t\t\t\t\t  \t\t\t\t\t\t<\/div>\n  \t\t\t\t\t\t  \t\t\t\t\t<\/div>\n          \t\t\t\t\t<div class=\"box-text text-center\" style=\"padding:0px 0px 0px 0px;\">\n\t\t\t\t\t<div class=\"box-text-inner blog-post-inner\">\n\n\t\t\t\t\t\n\t\t\t\t\t\t\t\t\t\t<h5 class=\"post-title is-large \">L.I.F.T LMS &#8211; GI\u1ea2I PH\u00c1P H\u1eccC T\u1eacP TO\u00c0N DI\u1ec6N<\/h5>\n\t\t\t\t\t\t\t\t\t\t<div class=\"is-divider\"><\/div>\n\t\t\t\t\t\t\t\t\t\t<p class=\"from_the_blog_excerpt \">Ph\u1ea7n m\u1ec1m Qu\u1ea3n tr\u1ecb gi\u1ea3i ph\u00e1p h\u1ecdc t\u1eadp to\u00e0n di\u1ec7n \u0111\u01b0\u1ee3c \u0111\u1ed9i ng\u0169 CBV Group g\u1ed3m c\u00e1c Chuy\u00ean gia nhi\u1ec1u kinh nghi\u1ec7m trong l\u0129nh v\u1ef1c L&OD c\u00f9ng c\u00e1c K\u1ef9 s\u01b0 l\u1eadp tr\u00ecnh x\u00e2y d\u1ef1ng n\u00ean, \u0111\u01b0\u1ee3c c\u00e1c Doanh nghi\u1ec7p g\u1ea7n 100,000 Users s\u1eed d\u1ee5ng v\u1edbi t\u1ea7n su\u1ea5t cao\t\t\t\t\t<\/p>\n\t\t\t\t\t                    \n\t\t\t\t\t\n\t\t\t\t\t\n\t\t\t\t\t<\/div>\n\t\t\t\t\t<\/div>\n\t\t\t\t\t\t\t\t\t<\/div>\n\t\t\t\t<\/a>\n\t\t\t<\/div>\n\t\t<\/div><div class=\"col post-item\" >\n\t\t\t<div class=\"col-inner\">\n\t\t\t<a href=\"https:\/\/cbvgroup.net\/?p=3468\" class=\"plain\">\n\t\t\t\t<div class=\"box box-normal box-text-bottom box-blog-post has-hover\">\n            \t\t\t\t\t<div class=\"box-image\" >\n  \t\t\t\t\t\t<div class=\"image-zoom image-cover\" style=\"padding-top:56.25%;\">\n  \t\t\t\t\t\t\t<img loading=\"lazy\" decoding=\"async\" width=\"1896\" height=\"1019\" src=\"https:\/\/cbvgroup.net\/wp-content\/uploads\/2024\/06\/E-Commerce-Report-icon.jpg\" class=\"attachment-original size-original wp-post-image\" alt=\"\" srcset=\"https:\/\/cbvgroup.net\/wp-content\/uploads\/2024\/06\/E-Commerce-Report-icon.jpg 1896w, https:\/\/cbvgroup.net\/wp-content\/uploads\/2024\/06\/E-Commerce-Report-icon-300x161.jpg 300w, https:\/\/cbvgroup.net\/wp-content\/uploads\/2024\/06\/E-Commerce-Report-icon-1024x550.jpg 1024w, https:\/\/cbvgroup.net\/wp-content\/uploads\/2024\/06\/E-Commerce-Report-icon-768x413.jpg 768w, https:\/\/cbvgroup.net\/wp-content\/uploads\/2024\/06\/E-Commerce-Report-icon-1536x826.jpg 1536w, https:\/\/cbvgroup.net\/wp-content\/uploads\/2024\/06\/E-Commerce-Report-icon-1320x709.jpg 1320w, https:\/\/cbvgroup.net\/wp-content\/uploads\/2024\/06\/E-Commerce-Report-icon-600x322.jpg 600w\" sizes=\"auto, (max-width: 1896px) 100vw, 1896px\" \/>  \t\t\t\t\t\t\t  \t\t\t\t\t\t\t  \t\t\t\t\t\t<\/div>\n  \t\t\t\t\t\t  \t\t\t\t\t<\/div>\n          \t\t\t\t\t<div class=\"box-text text-center\" style=\"padding:0px 0px 0px 0px;\">\n\t\t\t\t\t<div class=\"box-text-inner blog-post-inner\">\n\n\t\t\t\t\t\n\t\t\t\t\t\t\t\t\t\t<h5 class=\"post-title is-large \">B\u00c1O C\u00c1O TH\u1eca TR\u01af\u1edcNG E-COMMERCE<\/h5>\n\t\t\t\t\t\t\t\t\t\t<div class=\"is-divider\"><\/div>\n\t\t\t\t\t\t\t\t\t\t<p class=\"from_the_blog_excerpt \">E-Commerce Report l\u00e0 c\u00f4ng c\u1ee5 ph\u00e2n t\u00edch th\u01b0\u01a1ng m\u1ea1i \u0111i\u1ec7n t\u1eed ti\u00ean ti\u1ebfn v\u1edbi c\u00e1c t\u00ednh n\u0103ng d\u1ec5 s\u1eed d\u1ee5ng, data-driven gi\u00fap nghi\u00ean c\u1ee9u, thu th\u1eadp v\u00e0 ph\u00e2n t\u00edch d\u1eef li\u1ec7u cho c\u00e1c doanh nghi\u1ec7p th\u01b0\u01a1ng m\u1ea1i \u0111i\u1ec7n t\u1eed.\t\t\t\t\t<\/p>\n\t\t\t\t\t                    \n\t\t\t\t\t\n\t\t\t\t\t\n\t\t\t\t\t<\/div>\n\t\t\t\t\t<\/div>\n\t\t\t\t\t\t\t\t\t<\/div>\n\t\t\t\t<\/a>\n\t\t\t<\/div>\n\t\t<\/div><div class=\"col post-item\" >\n\t\t\t<div class=\"col-inner\">\n\t\t\t<a href=\"https:\/\/cbvgroup.net\/?p=3479\" class=\"plain\">\n\t\t\t\t<div class=\"box box-normal box-text-bottom box-blog-post has-hover\">\n            \t\t\t\t\t<div class=\"box-image\" >\n  \t\t\t\t\t\t<div class=\"image-zoom image-cover\" style=\"padding-top:56.25%;\">\n  \t\t\t\t\t\t\t<img loading=\"lazy\" decoding=\"async\" width=\"1444\" height=\"873\" src=\"https:\/\/cbvgroup.net\/wp-content\/uploads\/2024\/06\/FA-Report-icon.jpg\" class=\"attachment-original size-original wp-post-image\" alt=\"\" srcset=\"https:\/\/cbvgroup.net\/wp-content\/uploads\/2024\/06\/FA-Report-icon.jpg 1444w, https:\/\/cbvgroup.net\/wp-content\/uploads\/2024\/06\/FA-Report-icon-300x181.jpg 300w, https:\/\/cbvgroup.net\/wp-content\/uploads\/2024\/06\/FA-Report-icon-1024x619.jpg 1024w, https:\/\/cbvgroup.net\/wp-content\/uploads\/2024\/06\/FA-Report-icon-768x464.jpg 768w, https:\/\/cbvgroup.net\/wp-content\/uploads\/2024\/06\/FA-Report-icon-1320x798.jpg 1320w, https:\/\/cbvgroup.net\/wp-content\/uploads\/2024\/06\/FA-Report-icon-600x363.jpg 600w\" sizes=\"auto, (max-width: 1444px) 100vw, 1444px\" \/>  \t\t\t\t\t\t\t  \t\t\t\t\t\t\t  \t\t\t\t\t\t<\/div>\n  \t\t\t\t\t\t  \t\t\t\t\t<\/div>\n          \t\t\t\t\t<div class=\"box-text text-center\" style=\"padding:0px 0px 0px 0px;\">\n\t\t\t\t\t<div class=\"box-text-inner blog-post-inner\">\n\n\t\t\t\t\t\n\t\t\t\t\t\t\t\t\t\t<h5 class=\"post-title is-large \">B\u00c1O C\u00c1O T\u00c0I CH\u00cdNH &#8211; K\u1ebe TO\u00c1N QU\u1ea2N TR\u1eca<\/h5>\n\t\t\t\t\t\t\t\t\t\t<div class=\"is-divider\"><\/div>\n\t\t\t\t\t\t\t\t\t\t<p class=\"from_the_blog_excerpt \">F&A Report l\u00e0 c\u00f4ng c\u1ee5 k\u1ebft n\u1ed1i c\u00e1c s\u1ed1 li\u1ec7u trong c\u00e1c ph\u1ea7n m\u1ec1m K\u1ebf to\u00e1n m\u00e0 Doanh nghi\u1ec7p \u0111ang d\u00f9ng \u0111\u1ec3 nhanh ch\u00f3ng th\u1ec3 hi\u1ec7n B\u00e1o c\u00e1o v\u00e0 Bi\u1ec3u \u0111\u1ed3 ph\u00e2n t\u00edch c\u00e1c ch\u1ec9 s\u1ed1 T\u00e0i ch\u00ednh - K\u1ebf to\u00e1n\t\t\t\t\t<\/p>\n\t\t\t\t\t                    \n\t\t\t\t\t\n\t\t\t\t\t\n\t\t\t\t\t<\/div>\n\t\t\t\t\t<\/div>\n\t\t\t\t\t\t\t\t\t<\/div>\n\t\t\t\t<\/a>\n\t\t\t<\/div>\n\t\t<\/div><\/div>\n\t\t<\/div>\n\n\t\t\n<style>\n#section_2135158425 {\n  padding-top: 60px;\n  padding-bottom: 60px;\n  background-color: rgb(193, 193, 193);\n}\n#section_2135158425 .section-bg-overlay {\n  background-color: rgba(255, 255, 255, 0.85);\n}\n#section_2135158425 .ux-shape-divider--top svg {\n  height: 150px;\n  --divider-top-width: 100%;\n}\n#section_2135158425 .ux-shape-divider--bottom svg {\n  height: 150px;\n  --divider-width: 100%;\n}\n<\/style>\n\t<\/section>\n\t\n\t<div id=\"text-2982520349\" class=\"text\">\n\t\t\n<p style='display: flex;justify-content: center;' ><video width=\"50%\" height=\"auto\" controls autoplay muted><source src=\"https:\/\/cbvgroup.net\/wp-content\/uploads\/2024\/09\/L.I.F.T.mp4\" type=\"video\/mp4\">Tr\u00ecnh duy\u1ec7t c\u1ee7a b\u1ea1n kh\u00f4ng h\u1ed7 tr\u1ee3 th\u1ebb video.<\/video><\/p>\n\t\t\n<style>\n#text-2982520349 {\n  text-align: center;\n}\n<\/style>\n\t<\/div>\n\t\n\n","protected":false},"excerpt":{"rendered":"","protected":false},"author":1,"featured_media":0,"parent":0,"menu_order":0,"comment_status":"closed","ping_status":"closed","template":"page-blank.php","meta":{"footnotes":""},"class_list":["post-3385","page","type-page","status-publish","hentry"],"acf":[],"lang":"vi","translations":{"vi":3385},"pll_sync_post":[],"_links":{"self":[{"href":"https:\/\/cbvgroup.net\/index.php?rest_route=\/wp\/v2\/pages\/3385","targetHints":{"allow":["GET"]}}],"collection":[{"href":"https:\/\/cbvgroup.net\/index.php?rest_route=\/wp\/v2\/pages"}],"about":[{"href":"https:\/\/cbvgroup.net\/index.php?rest_route=\/wp\/v2\/types\/page"}],"author":[{"embeddable":true,"href":"https:\/\/cbvgroup.net\/index.php?rest_route=\/wp\/v2\/users\/1"}],"replies":[{"embeddable":true,"href":"https:\/\/cbvgroup.net\/index.php?rest_route=%2Fwp%2Fv2%2Fcomments&post=3385"}],"version-history":[{"count":61,"href":"https:\/\/cbvgroup.net\/index.php?rest_route=\/wp\/v2\/pages\/3385\/revisions"}],"predecessor-version":[{"id":5241,"href":"https:\/\/cbvgroup.net\/index.php?rest_route=\/wp\/v2\/pages\/3385\/revisions\/5241"}],"wp:attachment":[{"href":"https:\/\/cbvgroup.net\/index.php?rest_route=%2Fwp%2Fv2%2Fmedia&parent=3385"}],"curies":[{"name":"wp","href":"https:\/\/api.w.org\/{rel}","templated":true}]}}