{"id":523,"date":"2023-06-13T14:33:59","date_gmt":"2023-06-13T14:33:59","guid":{"rendered":"https:\/\/giaiphaponline.vn\/cbvgroup\/?page_id=523"},"modified":"2025-01-20T09:59:42","modified_gmt":"2025-01-20T02:59:42","slug":"tu-van-chien-luoc","status":"publish","type":"page","link":"https:\/\/cbvgroup.net\/?page_id=523","title":{"rendered":"T\u01b0 v\u1ea5n doanh nghi\u1ec7p"},"content":{"rendered":"<div class=\"slider-wrapper relative\" id=\"slider-831181068\" >\n    <div class=\"slider slider-nav-circle slider-nav-large slider-nav-light slider-style-normal\"\n        data-flickity-options='{\n            \"cellAlign\": \"center\",\n            \"imagesLoaded\": true,\n            \"lazyLoad\": 1,\n            \"freeScroll\": false,\n            \"wrapAround\": true,\n            \"autoPlay\": 6000,\n            \"pauseAutoPlayOnHover\" : true,\n            \"prevNextButtons\": true,\n            \"contain\" : true,\n            \"adaptiveHeight\" : true,\n            \"dragThreshold\" : 10,\n            \"percentPosition\": true,\n            \"pageDots\": true,\n            \"rightToLeft\": false,\n            \"draggable\": true,\n            \"selectedAttraction\": 0.1,\n            \"parallax\" : 0,\n            \"friction\": 0.6        }'\n        >\n        \n\t<div class=\"img has-hover x md-x lg-x y md-y lg-y\" id=\"image_287039713\">\n\t\t\t\t\t\t\t\t<div class=\"img-inner image-cover dark\" style=\"padding-top:400px;\">\n\t\t\t<img loading=\"lazy\" decoding=\"async\" width=\"1020\" height=\"404\" src=\"https:\/\/cbvgroup.net\/wp-content\/uploads\/2025\/01\/1_1-1024x406.jpg\" class=\"attachment-large size-large\" alt=\"\" srcset=\"https:\/\/cbvgroup.net\/wp-content\/uploads\/2025\/01\/1_1-1024x406.jpg 1024w, https:\/\/cbvgroup.net\/wp-content\/uploads\/2025\/01\/1_1-300x119.jpg 300w, https:\/\/cbvgroup.net\/wp-content\/uploads\/2025\/01\/1_1-768x304.jpg 768w, https:\/\/cbvgroup.net\/wp-content\/uploads\/2025\/01\/1_1-1536x609.jpg 1536w, https:\/\/cbvgroup.net\/wp-content\/uploads\/2025\/01\/1_1-2048x812.jpg 2048w, https:\/\/cbvgroup.net\/wp-content\/uploads\/2025\/01\/1_1-1320x523.jpg 1320w, https:\/\/cbvgroup.net\/wp-content\/uploads\/2025\/01\/1_1-600x238.jpg 600w\" sizes=\"auto, (max-width: 1020px) 100vw, 1020px\" \/>\t\t\t\t\t\t\n\t\t\t\t\t<\/div>\n\t\t\t\t\t\t\t\t\n<style>\n#image_287039713 {\n  width: 100%;\n}\n<\/style>\n\t<\/div>\n\t\n     <\/div>\n\n     <div class=\"loading-spin dark large centered\"><\/div>\n\n     \t<\/div>\n\n\n\t<section class=\"section\" id=\"section_678044650\">\n\t\t<div class=\"bg section-bg fill bg-fill  bg-loaded\" >\n\n\t\t\t\n\t\t\t\n\t\t\t\n\n\t\t<\/div>\n\n\t\t\n\n\t\t<div class=\"section-content relative\">\n\t\t\t\n<div class=\"row\"  id=\"row-650737213\">\n\n\t<div id=\"col-2120448996\" class=\"col medium-6 small-12 large-6\"  >\n\t\t\t\t<div class=\"col-inner\"  >\n\t\t\t\n\t\t\t\n\t<div class=\"img has-hover x md-x lg-x y md-y lg-y\" id=\"image_1866447550\">\n\t\t\t\t\t\t\t\t<div class=\"img-inner dark\" >\n\t\t\t<img loading=\"lazy\" decoding=\"async\" width=\"740\" height=\"460\" src=\"https:\/\/cbvgroup.net\/wp-content\/uploads\/2023\/07\/tu-van-chien-luoc-MKT.webp\" class=\"attachment-original size-original\" alt=\"\" srcset=\"https:\/\/cbvgroup.net\/wp-content\/uploads\/2023\/07\/tu-van-chien-luoc-MKT.webp 740w, https:\/\/cbvgroup.net\/wp-content\/uploads\/2023\/07\/tu-van-chien-luoc-MKT-600x373.webp 600w, https:\/\/cbvgroup.net\/wp-content\/uploads\/2023\/07\/tu-van-chien-luoc-MKT-300x186.webp 300w\" sizes=\"auto, (max-width: 740px) 100vw, 740px\" \/>\t\t\t\t\t\t\n\t\t\t\t\t<\/div>\n\t\t\t\t\t\t\t\t\n<style>\n#image_1866447550 {\n  width: 100%;\n}\n<\/style>\n\t<\/div>\n\t\n\t\t<\/div>\n\t\t\t\t\t<\/div>\n\n\t\n\n\t<div id=\"col-770333661\" class=\"col medium-6 small-12 large-6\"  >\n\t\t\t\t<div class=\"col-inner\"  >\n\t\t\t\n\t\t\t\n\t<div id=\"text-1862099193\" class=\"text title_22\">\n\t\t\n<h2>GI\u1ea2I PH\u00c1P QU\u1ea2N TR\u1eca DOANH NGHI\u1ec6P<\/h2>\n\t\t\n<style>\n#text-1862099193 {\n  color: rgb(0, 0, 0);\n}\n#text-1862099193 > * {\n  color: rgb(0, 0, 0);\n}\n<\/style>\n\t<\/div>\n\t\n<div style=\"text-align: justify;\">\n<p><span style=\"color: #008000;\"><strong>CBV Group<\/strong><\/span> t\u1ef1 h\u00e0o c\u00f3 \u0111\u1ed9i ng\u0169 chuy\u00ean gia t\u01b0 v\u1ea5n d\u00e0y d\u1eb7n kinh nghi\u1ec7m, t\u1eebng gi\u1eef c\u00e1c v\u1ecb tr\u00ed quan tr\u1ecdng t\u1ea1i nh\u1eefng doanh nghi\u1ec7p l\u1edbn v\u00e0 tham gia nhi\u1ec1u d\u1ef1 \u00e1n v\u1edbi c\u00e1c c\u00f4ng ty t\u01b0 v\u1ea5n h\u00e0ng \u0111\u1ea7u nh\u01b0 McKinsey, BCG, Big 4. \u0110\u1ed9i ng\u0169 n\u00e0y kh\u00f4ng ch\u1ec9 c\u00f3 ki\u1ebfn th\u1ee9c chuy\u00ean s\u00e2u m\u00e0 c\u00f2n n\u1ed5i b\u1eadt v\u1edbi n\u0103ng l\u1ef1c th\u1ef1c chi\u1ebfn trong c\u00e1c d\u1ef1 \u00e1n t\u00e1i c\u1ea5u tr\u00fac t\u1ed5 ch\u1ee9c, chuy\u1ec3n \u0111\u1ed5i m\u00f4 h\u00ecnh qu\u1ea3n tr\u1ecb v\u00e0 l\u00e3nh \u0111\u1ea1o.<\/p>\n<p>C\u00e1c chuy\u00ean gia <span style=\"color: #008000;\"><strong>CBV Group<\/strong><\/span> t\u1eadp trung v\u00e0o vi\u1ec7c \u0111\u1ed3ng b\u1ed9 chi\u1ebfn l\u01b0\u1ee3c t\u1ed5ng th\u1ec3 c\u1ee7a doanh nghi\u1ec7p v\u1edbi c\u00e1c k\u1ebf ho\u1ea1ch v\u1eadn h\u00e0nh chi ti\u1ebft, \u0111\u1ed3ng th\u1eddi h\u1ed7 tr\u1ee3 tri\u1ec3n khai th\u1ef1c t\u1ebf nh\u1eb1m \u0111\u1ea3m b\u1ea3o hi\u1ec7u qu\u1ea3 b\u1ec1n v\u1eefng. Kh\u00f4ng ch\u1ec9 t\u01b0 v\u1ea5n tr\u00ean l\u00fd thuy\u1ebft, h\u1ecd lu\u00f4n \u0111\u1ed3ng h\u00e0nh c\u00f9ng kh\u00e1ch h\u00e0ng, gi\u00fap t\u1ed1i \u01b0u h\u00f3a ngu\u1ed3n l\u1ef1c v\u00e0 th\u00fac \u0111\u1ea9y t\u0103ng tr\u01b0\u1edfng.<\/p>\n<p>Kh\u00e1ch h\u00e0ng c\u1ee7a <span style=\"color: #333333;\"><span style=\"color: #008000;\"><strong>CBV Group<\/strong><\/span> ch\u1ee7 y\u1ebfu l\u00e0 c\u00e1c doanh nghi\u1ec7p v\u1eeba v\u00e0 l\u1edbn, \u0111\u1eb7c bi\u1ec7t l\u00e0 nh\u1eefng \u0111\u01a1n v\u1ecb \u0111ang c\u1ea7n chuy\u1ec3n m\u00ecnh m\u1ea1nh m\u1ebd \u0111\u1ec3 t\u1ea1o \u0111\u1ed9t ph\u00e1. CBV Group<\/span> cam k\u1ebft mang \u0111\u1ebfn c\u00e1c gi\u1ea3i ph\u00e1p thi\u1ebft th\u1ef1c, hi\u1ec7u qu\u1ea3 v\u00e0 b\u1ec1n v\u1eefng cho s\u1ef1 ph\u00e1t tri\u1ec3n d\u00e0i h\u1ea1n c\u1ee7a doanh nghi\u1ec7p.<\/p>\n<\/div>\n\t\t<\/div>\n\t\t\t\t\t<\/div>\n\n\t\n<\/div>\n\t\t<\/div>\n\n\t\t\n<style>\n#section_678044650 {\n  padding-top: 0px;\n  padding-bottom: 0px;\n}\n#section_678044650 .ux-shape-divider--top svg {\n  height: 150px;\n  --divider-top-width: 100%;\n}\n#section_678044650 .ux-shape-divider--bottom svg {\n  height: 150px;\n  --divider-width: 100%;\n}\n@media (min-width:550px) {\n  #section_678044650 {\n    padding-top: 30px;\n    padding-bottom: 30px;\n  }\n}\n<\/style>\n\t<\/section>\n\t\n\t<section class=\"section\" id=\"section_1965163732\">\n\t\t<div class=\"bg section-bg fill bg-fill  bg-loaded\" >\n\n\t\t\t\n\t\t\t\n\t\t\t\n\n\t\t<\/div>\n\n\t\t\n\n\t\t<div class=\"section-content relative\">\n\t\t\t\n<div class=\"row\"  id=\"row-283484616\">\n\n\t<div id=\"col-2088427957\" class=\"col medium-6 small-12 large-6\"  >\n\t\t\t\t<div class=\"col-inner\"  >\n\t\t\t\n\t\t\t\n\t<div id=\"text-3978415810\" class=\"text title_22\">\n\t\t\n<h2>C\u00c1CH TI\u1ebeP C\u1eacN BAO QU\u00c1T TO\u00c0N DI\u1ec6N<\/h2>\n\t\t\n<style>\n#text-3978415810 {\n  color: rgb(0, 0, 0);\n}\n#text-3978415810 > * {\n  color: rgb(0, 0, 0);\n}\n<\/style>\n\t<\/div>\n\t\n<p><span style=\"font-size: 100%;\"><span style=\"color: #008000;\"><span style=\"color: #282828;\">Ph\u01b0\u01a1ng ch\u00e2m ti\u1ebfp c\u1eadn v\u00e0 t\u01b0 v\u1ea5n gi\u1ea3i ph\u00e1p c\u1ee7a <\/span><span style=\"font-size: 120%;\"><strong>CBV Group<\/strong><\/span><\/span>: <\/span><\/p>\n<p style=\"text-align: justify;\"><span style=\"font-size: 100%;\">&#8211; <strong>KH\u00d4NG<\/strong> t\u1eadp trung c\u1ee5c b\u1ed9 v\u00e0o m\u1ea3ng ch\u1ee9c n\u0103ng ho\u1eb7c v\u1ea5n \u0111\u1ec1 c\u1ea7n gi\u1ea3i quy\u1ebft, m\u00e0 r\u00e0 so\u00e1t nh\u1eefng ph\u1ea7n li\u00ean quan \u0111\u1ec3 \u0111\u1ea3m b\u1ea3o s\u1ef1 k\u1ebft n\u1ed1i hi\u1ec7u qu\u1ea3.<\/span><\/p>\n<p style=\"text-align: justify;\"><span style=\"font-size: 100%;\">&#8211; <strong>KH\u00d4NG<\/strong> ch\u1ec9 nh\u00ecn v\u00e0o \u201ctri\u1ec7u ch\u1ee9ng\u201d, m\u00e0 c\u1ea7n x\u00e1c \u0111\u1ecbnh nguy\u00ean nh\u00e2n g\u1ed1c.<\/span><\/p>\n<p style=\"text-align: justify;\"><span style=\"font-size: 100%;\">&#8211; <strong>KH\u00d4NG<\/strong> th\u1ef1c hi\u1ec7n c\u1ee9ng nh\u1eafc theo quy tr\u00ecnh t\u01b0 v\u1ea5n, m\u00e0 s\u1ebd k\u1ebf th\u1eeba c\u00e1c h\u1ea1ng m\u1ee5c Doanh nghi\u1ec7p \u0111\u00e3 c\u00f3 \u0111\u1ec3 t\u1ed1i \u01b0u ngu\u1ed3n l\u1ef1c.<\/span><\/p>\n<p style=\"text-align: justify;\"><span style=\"font-size: 100%;\">&#8211; <span style=\"color: #333333;\"><strong>KH\u00d4NG<\/strong><\/span> ch\u1ec9 gi\u1ea3i quy\u1ebft v\u1ea5n \u0111\u1ec1 hi\u1ec7n t\u1ea1i, m\u00e0 c\u00f2n chu\u1ea9n b\u1ecb c\u00e1c gi\u1ea3i ph\u00e1p cho t\u01b0\u01a1ng lai.<\/span><\/p>\n<p style=\"text-align: justify;\"><span style=\"font-size: 100%;\">&#8211; <strong>KH\u00d4NG<\/strong> ch\u1ec9 \u0111\u01a1n thu\u1ea7n l\u00e0 t\u01b0 v\u1ea5n gi\u1ea3i ph\u00e1p g\u00f3i g\u1ecdn, m\u00e0 c\u00f2n l\u00e0 s\u1ef1 \u0111\u1ed3ng h\u00e0nh &#8211; theo d\u00f5i &#8211; tinh ch\u1ec9nh khi th\u1ef1c thi.<\/span><\/p>\n\t<div id=\"gap-1530677307\" class=\"gap-element clearfix\" style=\"display:block; height:auto;\">\n\t\t\n<style>\n#gap-1530677307 {\n  padding-top: 10px;\n}\n@media (min-width:550px) {\n  #gap-1530677307 {\n    padding-top: 55px;\n  }\n}\n<\/style>\n\t<\/div>\n\t\n\t\t<\/div>\n\t\t\t\t\t<\/div>\n\n\t\n\n\t<div id=\"col-318798978\" class=\"col medium-6 small-12 large-6\"  >\n\t\t\t\t<div class=\"col-inner\"  >\n\t\t\t\n\t\t\t\n\t<div class=\"img has-hover x md-x lg-x y md-y lg-y\" id=\"image_57792619\">\n\t\t\t\t\t\t\t\t<div class=\"img-inner dark\" >\n\t\t\t<img loading=\"lazy\" decoding=\"async\" width=\"2020\" height=\"839\" src=\"https:\/\/cbvgroup.net\/wp-content\/uploads\/2024\/01\/Consulting-approaches.jpg\" class=\"attachment-original size-original\" alt=\"\" srcset=\"https:\/\/cbvgroup.net\/wp-content\/uploads\/2024\/01\/Consulting-approaches.jpg 2020w, https:\/\/cbvgroup.net\/wp-content\/uploads\/2024\/01\/Consulting-approaches-300x125.jpg 300w, https:\/\/cbvgroup.net\/wp-content\/uploads\/2024\/01\/Consulting-approaches-1024x425.jpg 1024w, https:\/\/cbvgroup.net\/wp-content\/uploads\/2024\/01\/Consulting-approaches-768x319.jpg 768w, https:\/\/cbvgroup.net\/wp-content\/uploads\/2024\/01\/Consulting-approaches-1536x638.jpg 1536w, https:\/\/cbvgroup.net\/wp-content\/uploads\/2024\/01\/Consulting-approaches-1320x548.jpg 1320w, https:\/\/cbvgroup.net\/wp-content\/uploads\/2024\/01\/Consulting-approaches-600x249.jpg 600w\" sizes=\"auto, (max-width: 2020px) 100vw, 2020px\" \/>\t\t\t\t\t\t\n\t\t\t\t\t<\/div>\n\t\t\t\t\t\t\t\t\n<style>\n#image_57792619 {\n  width: 100%;\n}\n<\/style>\n\t<\/div>\n\t\n<div class=\"row\"  id=\"row-1410517633\">\n\n\t<div id=\"col-1896228181\" class=\"col small-12 large-12\"  >\n\t\t\t\t<div class=\"col-inner\"  >\n\t\t\t\n\t\t\t\n\t<div class=\"img has-hover x md-x lg-x y md-y lg-y\" id=\"image_1776004710\">\n\t\t\t\t\t\t\t\t<div class=\"img-inner dark\" >\n\t\t\t<img loading=\"lazy\" decoding=\"async\" width=\"1020\" height=\"589\" src=\"https:\/\/cbvgroup.net\/wp-content\/uploads\/2024\/09\/Pic_web_new_house_1-1024x591.png\" class=\"attachment-large size-large\" alt=\"\" srcset=\"https:\/\/cbvgroup.net\/wp-content\/uploads\/2024\/09\/Pic_web_new_house_1-1024x591.png 1024w, https:\/\/cbvgroup.net\/wp-content\/uploads\/2024\/09\/Pic_web_new_house_1-300x173.png 300w, https:\/\/cbvgroup.net\/wp-content\/uploads\/2024\/09\/Pic_web_new_house_1-768x443.png 768w, https:\/\/cbvgroup.net\/wp-content\/uploads\/2024\/09\/Pic_web_new_house_1-1536x886.png 1536w, https:\/\/cbvgroup.net\/wp-content\/uploads\/2024\/09\/Pic_web_new_house_1-2048x1181.png 2048w, https:\/\/cbvgroup.net\/wp-content\/uploads\/2024\/09\/Pic_web_new_house_1-1320x761.png 1320w, https:\/\/cbvgroup.net\/wp-content\/uploads\/2024\/09\/Pic_web_new_house_1-600x346.png 600w\" sizes=\"auto, (max-width: 1020px) 100vw, 1020px\" \/>\t\t\t\t\t\t\n\t\t\t\t\t<\/div>\n\t\t\t\t\t\t\t\t\n<style>\n#image_1776004710 {\n  width: 100%;\n}\n<\/style>\n\t<\/div>\n\t\n\t\t<\/div>\n\t\t\t\t\t<\/div>\n\n\t\n<\/div>\n\t\t<\/div>\n\t\t\t\t\t<\/div>\n\n\t\n<\/div>\n\t\t<\/div>\n\n\t\t\n<style>\n#section_1965163732 {\n  padding-top: 0px;\n  padding-bottom: 0px;\n}\n#section_1965163732 .ux-shape-divider--top svg {\n  height: 150px;\n  --divider-top-width: 100%;\n}\n#section_1965163732 .ux-shape-divider--bottom svg {\n  height: 150px;\n  --divider-width: 100%;\n}\n@media (min-width:550px) {\n  #section_1965163732 {\n    padding-top: 30px;\n    padding-bottom: 30px;\n  }\n}\n<\/style>\n\t<\/section>\n\t\n\t<section class=\"section\" id=\"section_793134655\">\n\t\t<div class=\"bg section-bg fill bg-fill  bg-loaded\" >\n\n\t\t\t\n\t\t\t\n\t\t\t\n\n\t\t<\/div>\n\n\t\t\n\n\t\t<div class=\"section-content relative\">\n\t\t\t\n<h2 style=\"text-align: center;\"><strong>QUY TR\u00ccNH T\u01af V\u1ea4N GI\u1ea2I PH\u00c1P QU\u1ea2N TR\u1eca DOANH NGHI\u1ec6P<\/strong><\/h2>\n<h2 style=\"text-align: center;\"><span style=\"color: #008000;\"><strong>CBV GROUP \u00a9 <\/strong><\/span><\/h2>\n<div class=\"row\"  id=\"row-1299740305\">\n\n\t<div id=\"col-258260476\" class=\"col medium-2 small-12 large-2\"  >\n\t\t\t\t<div class=\"col-inner\"  >\n\t\t\t\n\t\t\t\n\t\t<\/div>\n\t\t\t\t\t<\/div>\n\n\t\n\n\t<div id=\"col-1728019921\" class=\"col medium-8 small-12 large-8\"  >\n\t\t\t\t<div class=\"col-inner\"  >\n\t\t\t\n\t\t\t\n\t<div class=\"img has-hover x md-x lg-x y md-y lg-y\" id=\"image_969150487\">\n\t\t\t\t\t\t\t\t<div class=\"img-inner dark\" >\n\t\t\t<img loading=\"lazy\" decoding=\"async\" width=\"1020\" height=\"411\" src=\"https:\/\/cbvgroup.net\/wp-content\/uploads\/2024\/09\/Pic_web_new_8_1_1-1024x413.jpg\" class=\"attachment-large size-large\" alt=\"\" srcset=\"https:\/\/cbvgroup.net\/wp-content\/uploads\/2024\/09\/Pic_web_new_8_1_1-1024x413.jpg 1024w, https:\/\/cbvgroup.net\/wp-content\/uploads\/2024\/09\/Pic_web_new_8_1_1-300x121.jpg 300w, https:\/\/cbvgroup.net\/wp-content\/uploads\/2024\/09\/Pic_web_new_8_1_1-768x309.jpg 768w, https:\/\/cbvgroup.net\/wp-content\/uploads\/2024\/09\/Pic_web_new_8_1_1-1536x619.jpg 1536w, https:\/\/cbvgroup.net\/wp-content\/uploads\/2024\/09\/Pic_web_new_8_1_1-2048x825.jpg 2048w, https:\/\/cbvgroup.net\/wp-content\/uploads\/2024\/09\/Pic_web_new_8_1_1-1320x532.jpg 1320w, https:\/\/cbvgroup.net\/wp-content\/uploads\/2024\/09\/Pic_web_new_8_1_1-600x242.jpg 600w\" sizes=\"auto, (max-width: 1020px) 100vw, 1020px\" \/>\t\t\t\t\t\t\n\t\t\t\t\t<\/div>\n\t\t\t\t\t\t\t\t\n<style>\n#image_969150487 {\n  width: 100%;\n}\n<\/style>\n\t<\/div>\n\t\n\t\t<\/div>\n\t\t\t\t\t<\/div>\n\n\t\n<\/div>\n\t\t<\/div>\n\n\t\t\n<style>\n#section_793134655 {\n  padding-top: 0px;\n  padding-bottom: 0px;\n}\n#section_793134655 .ux-shape-divider--top svg {\n  height: 150px;\n  --divider-top-width: 100%;\n}\n#section_793134655 .ux-shape-divider--bottom svg {\n  height: 150px;\n  --divider-width: 100%;\n}\n@media (min-width:550px) {\n  #section_793134655 {\n    padding-top: 30px;\n    padding-bottom: 30px;\n  }\n}\n<\/style>\n\t<\/section>\n\t\n\n\n\n\n\n\t<div class=\"img has-hover x md-x lg-x y md-y lg-y\" id=\"image_832866525\">\n\t\t\t\t\t\t\t\t<div class=\"img-inner image-cover dark\" style=\"padding-top:400px;\">\n\t\t\t\t\t\t\t\t\t\n\t\t\t\t\t<\/div>\n\t\t\t\t\t\t\t\t\n<style>\n#image_832866525 {\n  width: 100%;\n}\n<\/style>\n\t<\/div>\n\t\n","protected":false},"excerpt":{"rendered":"","protected":false},"author":1,"featured_media":0,"parent":0,"menu_order":0,"comment_status":"closed","ping_status":"closed","template":"page-blank.php","meta":{"footnotes":""},"class_list":["post-523","page","type-page","status-publish","hentry"],"acf":[],"lang":"vi","translations":{"vi":523,"en":2257},"pll_sync_post":[],"_links":{"self":[{"href":"https:\/\/cbvgroup.net\/index.php?rest_route=\/wp\/v2\/pages\/523","targetHints":{"allow":["GET"]}}],"collection":[{"href":"https:\/\/cbvgroup.net\/index.php?rest_route=\/wp\/v2\/pages"}],"about":[{"href":"https:\/\/cbvgroup.net\/index.php?rest_route=\/wp\/v2\/types\/page"}],"author":[{"embeddable":true,"href":"https:\/\/cbvgroup.net\/index.php?rest_route=\/wp\/v2\/users\/1"}],"replies":[{"embeddable":true,"href":"https:\/\/cbvgroup.net\/index.php?rest_route=%2Fwp%2Fv2%2Fcomments&post=523"}],"version-history":[{"count":70,"href":"https:\/\/cbvgroup.net\/index.php?rest_route=\/wp\/v2\/pages\/523\/revisions"}],"predecessor-version":[{"id":5221,"href":"https:\/\/cbvgroup.net\/index.php?rest_route=\/wp\/v2\/pages\/523\/revisions\/5221"}],"wp:attachment":[{"href":"https:\/\/cbvgroup.net\/index.php?rest_route=%2Fwp%2Fv2%2Fmedia&parent=523"}],"curies":[{"name":"wp","href":"https:\/\/api.w.org\/{rel}","templated":true}]}}