{"id":598,"date":"2023-06-13T17:00:15","date_gmt":"2023-06-13T17:00:15","guid":{"rendered":"https:\/\/giaiphaponline.vn\/cbvgroup\/?page_id=598"},"modified":"2025-01-20T10:04:17","modified_gmt":"2025-01-20T03:04:17","slug":"khoa-hoc","status":"publish","type":"page","link":"https:\/\/cbvgroup.net\/?page_id=598","title":{"rendered":"Kh\u00f3a h\u1ecdc"},"content":{"rendered":"\t<div class=\"img has-hover x md-x lg-x y md-y lg-y\" id=\"image_1282361880\">\n\t\t\t\t\t\t\t\t<div class=\"img-inner image-cover dark\" style=\"padding-top:400px;\">\n\t\t\t<img loading=\"lazy\" decoding=\"async\" width=\"2560\" height=\"1015\" src=\"https:\/\/cbvgroup.net\/wp-content\/uploads\/2025\/01\/2-2-scaled.jpg\" class=\"attachment-original size-original\" alt=\"\" srcset=\"https:\/\/cbvgroup.net\/wp-content\/uploads\/2025\/01\/2-2-scaled.jpg 2560w, https:\/\/cbvgroup.net\/wp-content\/uploads\/2025\/01\/2-2-300x119.jpg 300w, https:\/\/cbvgroup.net\/wp-content\/uploads\/2025\/01\/2-2-1024x406.jpg 1024w, https:\/\/cbvgroup.net\/wp-content\/uploads\/2025\/01\/2-2-768x304.jpg 768w, https:\/\/cbvgroup.net\/wp-content\/uploads\/2025\/01\/2-2-1536x609.jpg 1536w, https:\/\/cbvgroup.net\/wp-content\/uploads\/2025\/01\/2-2-2048x812.jpg 2048w, https:\/\/cbvgroup.net\/wp-content\/uploads\/2025\/01\/2-2-1320x523.jpg 1320w, https:\/\/cbvgroup.net\/wp-content\/uploads\/2025\/01\/2-2-600x238.jpg 600w\" sizes=\"auto, (max-width: 2560px) 100vw, 2560px\" \/>\t\t\t\t\t\t\n\t\t\t\t\t<\/div>\n\t\t\t\t\t\t\t\t\n<style>\n#image_1282361880 {\n  width: 100%;\n}\n<\/style>\n\t<\/div>\n\t\n\t<section class=\"section\" id=\"section_2139856356\">\n\t\t<div class=\"bg section-bg fill bg-fill  bg-loaded\" >\n\n\t\t\t\n\t\t\t\n\t\t\t\n\n\t\t<\/div>\n\n\t\t\n\n\t\t<div class=\"section-content relative\">\n\t\t\t\n<div class=\"row\"  id=\"row-1750293345\">\n\n\t<div id=\"col-53685696\" class=\"col small-12 large-12\"  >\n\t\t\t\t<div class=\"col-inner\"  >\n\t\t\t\n\t\t\t\n\t<div id=\"text-1031131297\" class=\"text title_22 title_khoahoc_page hidden\">\n\t\t\n<h2>T\u1ea4T C\u1ea2 KH\u00d3A H\u1eccC<\/h2>\n<div class=\"search_khoa_hoc\">\n\t<form action=\"#\" method=\"get\">\n<input placeholder=\"T\u00ecm ki\u1ebfm\" type=\"text\" name=\"tu_khoa\" value=\"\">\n<\/form>\n<\/div>\n\n\n\t\t\n<style>\n#text-1031131297 {\n  text-align: center;\n}\n<\/style>\n\t<\/div>\n\t\n\t<div id=\"text-419894042\" class=\"text title_22 hidden\">\n\t\t\n<h2><strong>N\u0102NG L\u1ef0C L\u00c3NH \u0110\u1ea0O V\u00c0 QU\u1ea2N L\u00dd<\/strong><\/h2>\n\t\t\n<style>\n#text-419894042 {\n  text-align: center;\n}\n<\/style>\n\t<\/div>\n\t\n\n\t<div id=\"text-496711791\" class=\"text title_22 hidden\">\n\t\t\n<h2><a href=\"https:\/\/cbvgroup.net\/danh-muc-san-pham\/khoa-hoc\/bo-tro-danh-cho-lanh-dao\/\">B\u1ed4 TR\u1ee2 D\u00c0NH CHO L\u00c3NH \u0110\u1ea0O<\/a><\/h2>\n\t\t\n<style>\n#text-496711791 {\n  text-align: center;\n}\n<\/style>\n\t<\/div>\n\t\n\n\t<div id=\"text-266760922\" class=\"text title_22 hidden\">\n\t\t\n<h2><a href=\"https:\/\/cbvgroup.net\/danh-muc-san-pham\/khoa-hoc\/quoc-te-cho-lanh-dao\/\">QU\u1ed0C T\u1ebe CHO L\u00c3NH \u0110\u1ea0O<\/a><\/h2>\n\t\t\n<style>\n#text-266760922 {\n  text-align: center;\n}\n<\/style>\n\t<\/div>\n\t\n\n\t<div id=\"text-2860962872\" class=\"text title_22 hidden\">\n\t\t\n<h2><a href=\"https:\/\/cbvgroup.net\/danh-muc-san-pham\/khoa-hoc\/ky-nang-danh-cho-nha-quan-ly\/\">K\u1ef8 N\u0102NG D\u00c0NH CHO NH\u00c0 QU\u1ea2N L\u00dd<\/a><\/h2>\n\t\t\n<style>\n#text-2860962872 {\n  text-align: center;\n}\n<\/style>\n\t<\/div>\n\t\n\n\t<div id=\"text-3701614779\" class=\"text title_22\">\n\t\t\n<hr \/>\n<h2><strong>CH\u01af\u01a0NG TR\u00ccNH PH\u00c1T TRI\u1ec2N N\u0102NG L\u1ef0C T\u01af DUY<\/strong><\/h2>\n<hr \/>\n<p>\u00a0<\/p>\n\t\t\n<style>\n#text-3701614779 {\n  text-align: center;\n}\n<\/style>\n\t<\/div>\n\t\n\n  \n    <div class=\"row large-columns-4 medium-columns-3 small-columns-1 row-small slider row-slider slider-nav-reveal slider-nav-push\"  data-flickity-options='{\"imagesLoaded\": true, \"groupCells\": \"100%\", \"dragThreshold\" : 5, \"cellAlign\": \"left\",\"wrapAround\": true,\"prevNextButtons\": true,\"percentPosition\": true,\"pageDots\": false, \"rightToLeft\": false, \"autoPlay\" : false}'>\n\n  \t\n\t     <div class=\"product-small col has-hover product type-product post-4245 status-publish first instock product_cat-nang-luc-phat-trien-ban-than product_cat-khoa-hoc product_tag-ky-nang-cho-sinh-vien product_tag-ky-nang-mem product_tag-soft-skills has-post-thumbnail featured shipping-taxable product-type-simple\">\n\t<div class=\"col-inner\">\n\t\n<div class=\"badge-container absolute left top z-1\">\n\n<\/div>\n\t<div class=\"product-small box \">\n\t\t<div class=\"box-image\">\n\t\t\t<div class=\"image-fade_in_back\">\n\t\t\t\t<a href=\"https:\/\/cbvgroup.net\/?product=4245\" aria-label=\"12 SOFT SKILLS FOR STUDENTS\">\n\t\t\t\t\t<img loading=\"lazy\" decoding=\"async\" width=\"300\" height=\"300\" src=\"https:\/\/cbvgroup.net\/wp-content\/uploads\/2024\/11\/Bai-1-300x300.jpg\" class=\"attachment-woocommerce_thumbnail size-woocommerce_thumbnail\" alt=\"\" srcset=\"https:\/\/cbvgroup.net\/wp-content\/uploads\/2024\/11\/Bai-1-300x300.jpg 300w, https:\/\/cbvgroup.net\/wp-content\/uploads\/2024\/11\/Bai-1-1024x1024.jpg 1024w, https:\/\/cbvgroup.net\/wp-content\/uploads\/2024\/11\/Bai-1-150x150.jpg 150w, https:\/\/cbvgroup.net\/wp-content\/uploads\/2024\/11\/Bai-1-768x768.jpg 768w, https:\/\/cbvgroup.net\/wp-content\/uploads\/2024\/11\/Bai-1-1536x1536.jpg 1536w, https:\/\/cbvgroup.net\/wp-content\/uploads\/2024\/11\/Bai-1-2048x2048.jpg 2048w, https:\/\/cbvgroup.net\/wp-content\/uploads\/2024\/11\/Bai-1-1320x1320.jpg 1320w, https:\/\/cbvgroup.net\/wp-content\/uploads\/2024\/11\/Bai-1-600x600.jpg 600w, https:\/\/cbvgroup.net\/wp-content\/uploads\/2024\/11\/Bai-1-100x100.jpg 100w\" sizes=\"auto, (max-width: 300px) 100vw, 300px\" \/><img loading=\"lazy\" decoding=\"async\" width=\"300\" height=\"300\" src=\"https:\/\/cbvgroup.net\/wp-content\/uploads\/2024\/11\/Flyer_CBVGroup_-Soft-skills-for-students_1-300x300.jpg\" class=\"show-on-hover absolute fill hide-for-small back-image\" alt=\"\" srcset=\"https:\/\/cbvgroup.net\/wp-content\/uploads\/2024\/11\/Flyer_CBVGroup_-Soft-skills-for-students_1-300x300.jpg 300w, https:\/\/cbvgroup.net\/wp-content\/uploads\/2024\/11\/Flyer_CBVGroup_-Soft-skills-for-students_1-150x150.jpg 150w, https:\/\/cbvgroup.net\/wp-content\/uploads\/2024\/11\/Flyer_CBVGroup_-Soft-skills-for-students_1-100x100.jpg 100w\" sizes=\"auto, (max-width: 300px) 100vw, 300px\" \/>\t\t\t\t<\/a>\n\t\t\t<\/div>\n\t\t\t<div class=\"image-tools is-small top right show-on-hover\">\n\t\t\t\t\t\t\t<\/div>\n\t\t\t<div class=\"image-tools is-small hide-for-small bottom left show-on-hover\">\n\t\t\t\t\t\t\t<\/div>\n\t\t\t<div class=\"image-tools grid-tools text-center hide-for-small bottom hover-slide-in show-on-hover\">\n\t\t\t\t\t\t\t<\/div>\n\t\t\t\t\t<\/div>\n\n\t\t<div class=\"box-text box-text-products\">\n\t\t\t<div class=\"title-wrapper\"><p class=\"name product-title woocommerce-loop-product__title\"><a href=\"https:\/\/cbvgroup.net\/?product=4245\" class=\"woocommerce-LoopProduct-link woocommerce-loop-product__link\">12 SOFT SKILLS FOR STUDENTS<\/a><\/p><\/div><div class=\"price-wrapper\"><\/div>\t\t<\/div>\n\t<\/div>\n\t<div style='font-size: 12px; padding-bottom: 10px; height: 130px; text-align: justify;'>\n\tSinh vi\u00ean n\u0103m cu\u1ed1i chu\u1ea9n b\u1ecb h\u00e0nh trang cho ch\u1eb7ng \u0111\u01b0\u1eddng s\u1ef1 nghi\u1ec7p t\u01b0\u01a1ng lai, c\u1ea7n trang b\u1ecb th\u00eam k\u1ef9 n\u0103ng m\u1ec1m \u0111\u1ec3 s\u1eb5n s\u00e0ng t\u1ef1 tin h\u00f2a nh\u1eadp m\u00f4i tr\u01b0\u1eddng l\u00e0m vi\u1ec7c chuy\u00ean nghi\u1ec7p.<\/div>\n<div style=\"display: flex; justify-content: space-between;\">\n\t\t\t\t\t\t   <a href=\"#\" class=\"button_xem_chi_tiet\">Open: \/\/<\/a>     \n\t\t\t\t\t\t<a href=\"#\" class=\"button_xem_chi_tiet\">C\u00f2n: -20572 ng\u00e0y<\/a>\n<\/div>\n\n\t<\/div>\n<\/div><div class=\"product-small col has-hover product type-product post-3234 status-publish instock product_cat-nang-luc-phat-trien-ban-than product_cat-khoa-hoc product_tag-quan-tri-nhan-tai product_tag-talent-management has-post-thumbnail featured shipping-taxable product-type-simple\">\n\t<div class=\"col-inner\">\n\t\n<div class=\"badge-container absolute left top z-1\">\n\n<\/div>\n\t<div class=\"product-small box \">\n\t\t<div class=\"box-image\">\n\t\t\t<div class=\"image-fade_in_back\">\n\t\t\t\t<a href=\"https:\/\/cbvgroup.net\/?product=talent-management-2\" aria-label=\"TALENT MANAGEMENT\">\n\t\t\t\t\t<img loading=\"lazy\" decoding=\"async\" width=\"300\" height=\"300\" src=\"https:\/\/cbvgroup.net\/wp-content\/uploads\/2024\/05\/Talent-management-1-300x300.jpg\" class=\"attachment-woocommerce_thumbnail size-woocommerce_thumbnail\" alt=\"\" srcset=\"https:\/\/cbvgroup.net\/wp-content\/uploads\/2024\/05\/Talent-management-1-300x300.jpg 300w, https:\/\/cbvgroup.net\/wp-content\/uploads\/2024\/05\/Talent-management-1-150x150.jpg 150w, https:\/\/cbvgroup.net\/wp-content\/uploads\/2024\/05\/Talent-management-1-100x100.jpg 100w\" sizes=\"auto, (max-width: 300px) 100vw, 300px\" \/><img loading=\"lazy\" decoding=\"async\" width=\"300\" height=\"300\" src=\"https:\/\/cbvgroup.net\/wp-content\/uploads\/2024\/05\/2-Talent-management-300x300.jpg\" class=\"show-on-hover absolute fill hide-for-small back-image\" alt=\"\" srcset=\"https:\/\/cbvgroup.net\/wp-content\/uploads\/2024\/05\/2-Talent-management-300x300.jpg 300w, https:\/\/cbvgroup.net\/wp-content\/uploads\/2024\/05\/2-Talent-management-150x150.jpg 150w, https:\/\/cbvgroup.net\/wp-content\/uploads\/2024\/05\/2-Talent-management-100x100.jpg 100w\" sizes=\"auto, (max-width: 300px) 100vw, 300px\" \/>\t\t\t\t<\/a>\n\t\t\t<\/div>\n\t\t\t<div class=\"image-tools is-small top right show-on-hover\">\n\t\t\t\t\t\t\t<\/div>\n\t\t\t<div class=\"image-tools is-small hide-for-small bottom left show-on-hover\">\n\t\t\t\t\t\t\t<\/div>\n\t\t\t<div class=\"image-tools grid-tools text-center hide-for-small bottom hover-slide-in show-on-hover\">\n\t\t\t\t\t\t\t<\/div>\n\t\t\t\t\t<\/div>\n\n\t\t<div class=\"box-text box-text-products\">\n\t\t\t<div class=\"title-wrapper\"><p class=\"name product-title woocommerce-loop-product__title\"><a href=\"https:\/\/cbvgroup.net\/?product=talent-management-2\" class=\"woocommerce-LoopProduct-link woocommerce-loop-product__link\">TALENT MANAGEMENT<\/a><\/p><\/div><div class=\"price-wrapper\"><\/div>\t\t<\/div>\n\t<\/div>\n\t<div style='font-size: 12px; padding-bottom: 10px; height: 130px; text-align: justify;'>\n\tR\u1ea5t nhi\u1ec1u t\u1ed5 ch\u1ee9c nghe \u0111\u1ebfn l\u1ee3i \u00edch khi \u00e1p d\u1ee5ng ch\u01b0\u01a1ng tr\u00ecnh qu\u1ea3n tr\u1ecb nh\u00e2n t\u00e0i v\u00e0o qu\u1ea3n l\u00fd nh\u00e2n s\u1ef1, nh\u01b0ng th\u1ef1c s\u1ef1, qu\u1ea3n tr\u1ecb nh\u00e2n t\u00e0i \/ <strong>Talent Management<\/strong>\u00a0l\u00e0 g\u00ec th\u00ec kh\u00f4ng ph\u1ea3i ai c\u0169ng n\u1eafm r\u00f5.<\/div>\n<div style=\"display: flex; justify-content: space-between;\">\n\t\t\t\t\t\t   <a href=\"#\" class=\"button_xem_chi_tiet\">Open: 12\/09\/2024<\/a>     \n\t\t\t\t\t\t<a href=\"#\" class=\"button_xem_chi_tiet\">C\u00f2n: -594 ng\u00e0y<\/a>\n<\/div>\n\n\t<\/div>\n<\/div><div class=\"product-small col has-hover product type-product post-3232 status-publish instock product_cat-nang-luc-phat-trien-ban-than product_cat-khoa-hoc has-post-thumbnail featured shipping-taxable product-type-simple\">\n\t<div class=\"col-inner\">\n\t\n<div class=\"badge-container absolute left top z-1\">\n\n<\/div>\n\t<div class=\"product-small box \">\n\t\t<div class=\"box-image\">\n\t\t\t<div class=\"image-fade_in_back\">\n\t\t\t\t<a href=\"https:\/\/cbvgroup.net\/?product=3232\" aria-label=\"DESIGN THINKING\">\n\t\t\t\t\t<img loading=\"lazy\" decoding=\"async\" width=\"300\" height=\"300\" src=\"https:\/\/cbvgroup.net\/wp-content\/uploads\/2024\/05\/anh-1-1-300x300.jpg\" class=\"attachment-woocommerce_thumbnail size-woocommerce_thumbnail\" alt=\"\" srcset=\"https:\/\/cbvgroup.net\/wp-content\/uploads\/2024\/05\/anh-1-1-300x300.jpg 300w, https:\/\/cbvgroup.net\/wp-content\/uploads\/2024\/05\/anh-1-1-150x150.jpg 150w, https:\/\/cbvgroup.net\/wp-content\/uploads\/2024\/05\/anh-1-1-100x100.jpg 100w\" sizes=\"auto, (max-width: 300px) 100vw, 300px\" \/><img loading=\"lazy\" decoding=\"async\" width=\"300\" height=\"300\" src=\"https:\/\/cbvgroup.net\/wp-content\/uploads\/2024\/05\/1-Design-Thinking-300x300.jpg\" class=\"show-on-hover absolute fill hide-for-small back-image\" alt=\"\" srcset=\"https:\/\/cbvgroup.net\/wp-content\/uploads\/2024\/05\/1-Design-Thinking-300x300.jpg 300w, https:\/\/cbvgroup.net\/wp-content\/uploads\/2024\/05\/1-Design-Thinking-150x150.jpg 150w, https:\/\/cbvgroup.net\/wp-content\/uploads\/2024\/05\/1-Design-Thinking-100x100.jpg 100w\" sizes=\"auto, (max-width: 300px) 100vw, 300px\" \/>\t\t\t\t<\/a>\n\t\t\t<\/div>\n\t\t\t<div class=\"image-tools is-small top right show-on-hover\">\n\t\t\t\t\t\t\t<\/div>\n\t\t\t<div class=\"image-tools is-small hide-for-small bottom left show-on-hover\">\n\t\t\t\t\t\t\t<\/div>\n\t\t\t<div class=\"image-tools grid-tools text-center hide-for-small bottom hover-slide-in show-on-hover\">\n\t\t\t\t\t\t\t<\/div>\n\t\t\t\t\t<\/div>\n\n\t\t<div class=\"box-text box-text-products\">\n\t\t\t<div class=\"title-wrapper\"><p class=\"name product-title woocommerce-loop-product__title\"><a href=\"https:\/\/cbvgroup.net\/?product=3232\" class=\"woocommerce-LoopProduct-link woocommerce-loop-product__link\">DESIGN THINKING<\/a><\/p><\/div><div class=\"price-wrapper\"><\/div>\t\t<\/div>\n\t<\/div>\n\t<div style='font-size: 12px; padding-bottom: 10px; height: 130px; text-align: justify;'>\n\t<strong>Design Thinking<\/strong> - T\u01b0 duy gi\u1ea3i ph\u00e1p \u0111\u1ed9t ph\u00e1 cho Business -\u00a0 l\u00e0 qu\u00e1 tr\u00ecnh t\u01b0 duy nh\u1eb1m ti\u1ebfp c\u1eadn v\u00e0 gi\u1ea3i quy\u1ebft v\u1ea5n \u0111\u1ec1 d\u1ef1a tr\u00ean t\u01b0 duy h\u00ecnh \u1ea3nh \u0111\u1ec3 h\u1eefu h\u00ecnh h\u00f3a gi\u1ea3i ph\u00e1p.<\/div>\n<div style=\"display: flex; justify-content: space-between;\">\n\t\t\t\t\t\t   <a href=\"#\" class=\"button_xem_chi_tiet\">Open: 15\/08\/2024<\/a>     \n\t\t\t\t\t\t<a href=\"#\" class=\"button_xem_chi_tiet\">C\u00f2n: -622 ng\u00e0y<\/a>\n<\/div>\n\n\t<\/div>\n<\/div><\/div>\n\t\t<\/div>\n\t\t\t\t\t<\/div>\n\n\t\n<\/div>\n\t\t<\/div>\n\n\t\t\n<style>\n#section_2139856356 {\n  padding-top: 30px;\n  padding-bottom: 30px;\n  background-color: rgba(245, 245, 245, 0);\n}\n#section_2139856356 .ux-shape-divider--top svg {\n  height: 150px;\n  --divider-top-width: 100%;\n}\n#section_2139856356 .ux-shape-divider--bottom svg {\n  height: 150px;\n  --divider-width: 100%;\n}\n<\/style>\n\t<\/section>\n\t\n","protected":false},"excerpt":{"rendered":"","protected":false},"author":1,"featured_media":0,"parent":0,"menu_order":0,"comment_status":"closed","ping_status":"closed","template":"page-blank.php","meta":{"footnotes":""},"class_list":["post-598","page","type-page","status-publish","hentry"],"acf":[],"lang":"vi","translations":{"vi":598,"en":2255},"pll_sync_post":[],"_links":{"self":[{"href":"https:\/\/cbvgroup.net\/index.php?rest_route=\/wp\/v2\/pages\/598","targetHints":{"allow":["GET"]}}],"collection":[{"href":"https:\/\/cbvgroup.net\/index.php?rest_route=\/wp\/v2\/pages"}],"about":[{"href":"https:\/\/cbvgroup.net\/index.php?rest_route=\/wp\/v2\/types\/page"}],"author":[{"embeddable":true,"href":"https:\/\/cbvgroup.net\/index.php?rest_route=\/wp\/v2\/users\/1"}],"replies":[{"embeddable":true,"href":"https:\/\/cbvgroup.net\/index.php?rest_route=%2Fwp%2Fv2%2Fcomments&post=598"}],"version-history":[{"count":40,"href":"https:\/\/cbvgroup.net\/index.php?rest_route=\/wp\/v2\/pages\/598\/revisions"}],"predecessor-version":[{"id":5232,"href":"https:\/\/cbvgroup.net\/index.php?rest_route=\/wp\/v2\/pages\/598\/revisions\/5232"}],"wp:attachment":[{"href":"https:\/\/cbvgroup.net\/index.php?rest_route=%2Fwp%2Fv2%2Fmedia&parent=598"}],"curies":[{"name":"wp","href":"https:\/\/api.w.org\/{rel}","templated":true}]}}