{"id":1894,"date":"2023-07-11T05:03:42","date_gmt":"2023-07-11T05:03:42","guid":{"rendered":"https:\/\/giaiphaponline.vn\/cbvgroup\/?post_type=product&#038;p=1894"},"modified":"2024-06-25T04:37:57","modified_gmt":"2024-06-25T04:37:57","slug":"khoa-hoc-giam-doc-dieu-hanh-ceo","status":"publish","type":"product","link":"https:\/\/cbvgroup.net\/?product=khoa-hoc-giam-doc-dieu-hanh-ceo","title":{"rendered":"Kh\u00f3a h\u1ecdc Gi\u00e1m \u0111\u1ed1c \u0111i\u1ec1u h\u00e0nh (CEO)"},"content":{"rendered":"<p>Ch\u01b0\u01a1ng tr\u00ecnh \u201cGi\u00e1m \u0111\u1ed1c \u0110i\u1ec1u h\u00e0nh\u201d\/ \u201cChief Executive Officer\u201d (CEO) \u0111\u01b0\u1ee3c PACE tri\u1ec3n khai d\u00e0nh cho <a href=\"https:\/\/www.pace.edu.vn\/tin-kho-tri-thuc\/lanh-dao-la-gi\" target=\"_blank\" rel=\"noopener\">nh\u00e0 l\u00e3nh \u0111\u1ea1o<\/a>. Ban Gi\u1ea3ng Hu\u1ea5n l\u00e0 c\u00e1c chuy\u00ean gia ng\u01b0\u1eddi Vi\u1ec7t Nam, c\u00f3 ki\u1ebfn th\u1ee9c v\u00e0 kinh nghi\u1ec7m qu\u1ed1c t\u1ebf trong t\u1eebng chuy\u00ean \u0111\u1ec1 m\u00e0 h\u1ecd ph\u1ee5 tr\u00e1ch.<\/p>\n<p>Ch\u01b0\u01a1ng tr\u00ecnh n\u00e0y s\u1ebd trang b\u1ecb, cung c\u1ea5p cho H\u1ecdc vi\u00ean:<\/p>\n<ul>\n<li aria-level=\"1\">T\u01b0 duy, nh\u1eadn th\u1ee9c c\u1ed1t l\u00f5i m\u00e0 m\u1ed9t CEO chuy\u00ean nghi\u1ec7p c\u1ea7n c\u00f3 trong m\u00f4i tr\u01b0\u1eddng kinh doanh to\u00e0n c\u1ea7u nh\u01b0 ng\u00e0y nay.<\/li>\n<li aria-level=\"1\">Ki\u1ebfn th\u1ee9c, n\u1ec1n t\u1ea3ng \u0111a l\u0129nh v\u1ef1c v\u00e0 tr\u00ean nhi\u1ec1u kh\u00eda c\u1ea1nh m\u00e0 CEO c\u1ea7n trang b\u1ecb.<\/li>\n<li aria-level=\"1\">T\u01b0 duy, nh\u1eadn th\u1ee9c, ki\u1ebfn th\u1ee9c c\u00f9ng v\u1edbi n\u0103ng khi\u1ebfu b\u1ea9m sinh v\u1ec1 qu\u1ea3n tr\u1ecb, s\u1ef1 tr\u1ea3i nghi\u1ec7m qu\u1ea3n l\u00fd c\u1ee7a b\u1ea3n th\u00e2n \u0111\u1ec3 tr\u1edf th\u00e0nh m\u1ed9t gi\u00e1m \u0111\u1ed1c \u0111i\u1ec1u h\u00e0nh chuy\u00ean nghi\u1ec7p.<\/li>\n<\/ul>\n","protected":false},"excerpt":{"rendered":"<p>Ch\u01b0\u01a1ng tr\u00ecnh \u201cGi\u00e1m \u0111\u1ed1c \u0110i\u1ec1u h\u00e0nh\u201d\/ \u201cChief Executive Officer\u201d (CEO) \u0111\u01b0\u1ee3c PACE tri\u1ec3n khai d\u00e0nh cho <a href=\"https:\/\/www.pace.edu.vn\/tin-kho-tri-thuc\/lanh-dao-la-gi\" target=\"_blank\" rel=\"noopener\">nh\u00e0 l\u00e3nh \u0111\u1ea1o<\/a>. Ban Gi\u1ea3ng Hu\u1ea5n l\u00e0 c\u00e1c chuy\u00ean gia ng\u01b0\u1eddi Vi\u1ec7t Nam, c\u00f3 ki\u1ebfn th\u1ee9c v\u00e0 kinh nghi\u1ec7m qu\u1ed1c t\u1ebf trong t\u1eebng chuy\u00ean \u0111\u1ec1 m\u00e0 h\u1ecd ph\u1ee5 tr\u00e1ch.<\/p>\n","protected":false},"featured_media":1895,"comment_status":"closed","ping_status":"closed","template":"","meta":[],"product_cat":[52],"product_tag":[],"class_list":{"0":"post-1894","1":"product","2":"type-product","3":"status-publish","4":"has-post-thumbnail","6":"product_cat-khoa-hoc","8":"first","9":"instock","10":"shipping-taxable","11":"product-type-simple"},"acf":[],"lang":"vi","translations":{"vi":1894},"pll_sync_post":[],"_links":{"self":[{"href":"https:\/\/cbvgroup.net\/index.php?rest_route=\/wp\/v2\/product\/1894","targetHints":{"allow":["GET"]}}],"collection":[{"href":"https:\/\/cbvgroup.net\/index.php?rest_route=\/wp\/v2\/product"}],"about":[{"href":"https:\/\/cbvgroup.net\/index.php?rest_route=\/wp\/v2\/types\/product"}],"replies":[{"embeddable":true,"href":"https:\/\/cbvgroup.net\/index.php?rest_route=%2Fwp%2Fv2%2Fcomments&post=1894"}],"wp:featuredmedia":[{"embeddable":true,"href":"https:\/\/cbvgroup.net\/index.php?rest_route=\/wp\/v2\/media\/1895"}],"wp:attachment":[{"href":"https:\/\/cbvgroup.net\/index.php?rest_route=%2Fwp%2Fv2%2Fmedia&parent=1894"}],"wp:term":[{"taxonomy":"product_cat","embeddable":true,"href":"https:\/\/cbvgroup.net\/index.php?rest_route=%2Fwp%2Fv2%2Fproduct_cat&post=1894"},{"taxonomy":"product_tag","embeddable":true,"href":"https:\/\/cbvgroup.net\/index.php?rest_route=%2Fwp%2Fv2%2Fproduct_tag&post=1894"}],"curies":[{"name":"wp","href":"https:\/\/api.w.org\/{rel}","templated":true}]}}