{"id":1896,"date":"2023-07-11T05:04:53","date_gmt":"2023-07-11T05:04:53","guid":{"rendered":"https:\/\/giaiphaponline.vn\/cbvgroup\/?post_type=product&#038;p=1896"},"modified":"2024-06-25T04:37:18","modified_gmt":"2024-06-25T04:37:18","slug":"khoa-hoc-giam-doc-nhan-su-chro","status":"publish","type":"product","link":"https:\/\/cbvgroup.net\/?product=khoa-hoc-giam-doc-nhan-su-chro","title":{"rendered":"Kh\u00f3a h\u1ecdc Gi\u00e1m \u0111\u1ed1c Nh\u00e2n s\u1ef1 (CHRO)"},"content":{"rendered":"<p>V\u1edbi nh\u1eefng nh\u1eadn th\u1ee9c s\u00e2u s\u1eafc v\u1ec1 s\u1ef1 thay \u0111\u1ed5i c\u1ee7a ng\u00e0nh qu\u1ea3n tr\u1ecb nh\u00e2n s\u1ef1 th\u1ebf gi\u1edbi, c\u00f9ng b\u1ed1i c\u1ea3nh nh\u00e2n s\u1ef1 Vi\u1ec7t Nam hi\u1ec7n nay v\u00e0 quy \u0111\u1ecbnh m\u1edbi c\u1ee7a Ph\u00e1p lu\u1eadt v\u1ec1 lao \u0111\u1ed9ng, c\u00e1c chuy\u00ean gia c\u1ee7a PACE \u0111\u00e3 ti\u1ebfn h\u00e0nh nghi\u00ean c\u1ee9u, thi\u1ebft k\u1ebf v\u00e0 bi\u00ean so\u1ea1n kho\u00e1 h\u1ecdc \u201cGi\u00e1m \u0111\u1ed1c Nh\u00e2n s\u1ef1\u201d (CHRO) d\u00e0nh cho c\u1ea5p l\u00e3nh \u0111\u1ea1o, qu\u1ea3n l\u00fd .<\/p>\n<p>Ch\u01b0\u01a1ng tr\u00ecnh n\u00e0y s\u1ebd trang b\u1ecb cho H\u1ecdc vi\u00ean:<\/p>\n<ul>\n<li aria-level=\"1\">Ch\u00e2n dung c\u1ee7a m\u1ed9t Gi\u00e1m \u0111\u1ed1c Nh\u00e2n s\u1ef1 (CHRO) chuy\u00ean nghi\u1ec7p l\u00e0 nh\u01b0 th\u1ebf n\u00e0o? Bi\u1ebft \u0111\u01b0\u1ee3c nh\u1eefng ai v\u00e0 n\u00ean l\u00e0m th\u1ebf n\u00e0o \u0111\u1ec3 tr\u1edf th\u00e0nh m\u1ed9t CHRO chuy\u00ean nghi\u1ec7p.<\/li>\n<li aria-level=\"1\">T\u01b0 duy, nh\u1eadn th\u1ee9c, ki\u1ebfn th\u1ee9c v\u00e0 k\u1ef9 n\u0103ng n\u1ec1n t\u1ea3ng, c\u1ea7n thi\u1ebft m\u00e0 b\u1ea5t k\u1ef3 m\u1ed9t Gi\u00e1m \u0111\u1ed1c nh\u00e2n s\u1ef1 chuy\u00ean nghi\u1ec7p n\u00e0o c\u0169ng c\u1ea7n ph\u1ea3i trang b\u1ecb.<\/li>\n<\/ul>\n","protected":false},"excerpt":{"rendered":"<p>V\u1edbi nh\u1eefng nh\u1eadn th\u1ee9c s\u00e2u s\u1eafc v\u1ec1 s\u1ef1 thay \u0111\u1ed5i c\u1ee7a ng\u00e0nh qu\u1ea3n tr\u1ecb nh\u00e2n s\u1ef1 th\u1ebf gi\u1edbi, c\u00f9ng b\u1ed1i c\u1ea3nh nh\u00e2n s\u1ef1 Vi\u1ec7t Nam hi\u1ec7n nay v\u00e0 quy \u0111\u1ecbnh m\u1edbi c\u1ee7a Ph\u00e1p lu\u1eadt v\u1ec1 lao \u0111\u1ed9ng, c\u00e1c chuy\u00ean gia c\u1ee7a PACE \u0111\u00e3 ti\u1ebfn h\u00e0nh nghi\u00ean c\u1ee9u, thi\u1ebft k\u1ebf v\u00e0 bi\u00ean so\u1ea1n kho\u00e1 h\u1ecdc \u201cGi\u00e1m \u0111\u1ed1c Nh\u00e2n s\u1ef1\u201d (CHRO) d\u00e0nh cho c\u1ea5p l\u00e3nh \u0111\u1ea1o, qu\u1ea3n l\u00fd .<\/p>\n","protected":false},"featured_media":1742,"comment_status":"closed","ping_status":"closed","template":"","meta":[],"product_cat":[52],"product_tag":[],"class_list":{"0":"post-1896","1":"product","2":"type-product","3":"status-publish","4":"has-post-thumbnail","6":"product_cat-khoa-hoc","8":"first","9":"instock","10":"shipping-taxable","11":"product-type-simple"},"acf":[],"lang":"vi","translations":{"vi":1896},"pll_sync_post":[],"_links":{"self":[{"href":"https:\/\/cbvgroup.net\/index.php?rest_route=\/wp\/v2\/product\/1896","targetHints":{"allow":["GET"]}}],"collection":[{"href":"https:\/\/cbvgroup.net\/index.php?rest_route=\/wp\/v2\/product"}],"about":[{"href":"https:\/\/cbvgroup.net\/index.php?rest_route=\/wp\/v2\/types\/product"}],"replies":[{"embeddable":true,"href":"https:\/\/cbvgroup.net\/index.php?rest_route=%2Fwp%2Fv2%2Fcomments&post=1896"}],"wp:featuredmedia":[{"embeddable":true,"href":"https:\/\/cbvgroup.net\/index.php?rest_route=\/wp\/v2\/media\/1742"}],"wp:attachment":[{"href":"https:\/\/cbvgroup.net\/index.php?rest_route=%2Fwp%2Fv2%2Fmedia&parent=1896"}],"wp:term":[{"taxonomy":"product_cat","embeddable":true,"href":"https:\/\/cbvgroup.net\/index.php?rest_route=%2Fwp%2Fv2%2Fproduct_cat&post=1896"},{"taxonomy":"product_tag","embeddable":true,"href":"https:\/\/cbvgroup.net\/index.php?rest_route=%2Fwp%2Fv2%2Fproduct_tag&post=1896"}],"curies":[{"name":"wp","href":"https:\/\/api.w.org\/{rel}","templated":true}]}}