{"id":1897,"date":"2023-07-11T05:05:56","date_gmt":"2023-07-11T05:05:56","guid":{"rendered":"https:\/\/giaiphaponline.vn\/cbvgroup\/?post_type=product&#038;p=1897"},"modified":"2024-06-24T10:37:48","modified_gmt":"2024-06-24T10:37:48","slug":"khoa-hoc-giam-doc-tai-chinh-cfo","status":"publish","type":"product","link":"https:\/\/cbvgroup.net\/?product=khoa-hoc-giam-doc-tai-chinh-cfo","title":{"rendered":"Kh\u00f3a h\u1ecdc Gi\u00e1m \u0111\u1ed1c T\u00e0i ch\u00ednh (CFO)"},"content":{"rendered":"<p>Trong b\u1ed1i c\u1ea3nh n\u1ec1n t\u00e0i ch\u00ednh c\u1ee7a n\u01b0\u1edbc ta c\u00f2n \u0111ang \u1edf tr\u00ecnh \u0111\u1ed9 ph\u00e1t tri\u1ec3n r\u1ea5t th\u1ea5p so v\u1edbi th\u1ebf gi\u1edbi, Vi\u1ec7t Nam ta \u0111\u00e3 v\u00e0 \u0111ang trong qu\u00e1 tr\u00ecnh h\u1ed9i nh\u1eadp s\u00e2u r\u1ed9ng v\u1edbi th\u1ebf gi\u1edbi, \u0111\u1eb7c bi\u1ec7t l\u00e0 v\u1ec1 kinh t\u1ebf &#8211; t\u00e0i ch\u00ednh. Ng\u01b0\u1eddi l\u00e0m t\u00e0i ch\u00ednh ng\u00e0y nay kh\u00f4ng ch\u1ec9 ph\u1ea3i so k\u00e8 v\u1edbi \u0111\u1ed3ng nghi\u1ec7p trong n\u01b0\u1edbc, m\u00e0 c\u00f2n ph\u1ea3i ph\u1ea5n \u0111\u1ea5u \u0111\u1ec3 tranh \u0111ua v\u1edbi c\u00e1c \u0111\u1ed3ng nghi\u1ec7p tr\u00ean kh\u1eafp th\u1ebf gi\u1edbi.<\/p>\n<p>T\u1eeb v\u1ecb th\u1ebf v\u00e0 t\u1ea7m v\u00f3c c\u1ee7a n\u1ec1n t\u00e0i ch\u00ednh Vi\u1ec7t Nam hi\u1ec7n nay, t\u1eeb vi\u1ec5n c\u1ea3nh t\u01b0\u01a1ng lai c\u1ee7a n\u1ec1n t\u00e0i ch\u00ednh v\u00e0 ngh\u1ec1 qu\u1ea3n tr\u1ecb t\u00e0i ch\u00ednh, c\u00f9ng v\u1edbi ch\u00e2n dung c\u1ee7a Gi\u00e1m \u0111\u1ed1c t\u00e0i ch\u00ednh trong th\u1eddi k\u1ef3 m\u1edbi, ch\u01b0\u01a1ng tr\u00ecnh \u0111\u00e0o t\u1ea1o &#8220;Gi\u00e1m \u0110\u1ed1c T\u00e0i Ch\u00ednh&#8221;\/ &#8220;Chief Financial Officer&#8221; (CFO) c\u1ee7a PACE \u0111\u00e3 ra \u0111\u1eddi.<\/p>\n<p>Ch\u01b0\u01a1ng tr\u00ecnh n\u00e0y v\u1edbi Ban Gi\u1ea3ng Hu\u1ea5n l\u00e0 c\u00e1c chuy\u00ean gia d\u00e0y d\u1eb7n kinh nghi\u1ec7m trong l\u0129nh v\u1ef1c t\u00e0i ch\u00ednh, k\u1ebf to\u00e1n, nh\u1eefng ng\u01b0\u1eddi c\u00f3 t\u00e2m huy\u1ebft v\u1edbi quy\u1ebft t\u00e2m thu h\u1eb9p kho\u1ea3ng c\u00e1ch v\u1ec1 tr\u00ecnh \u0111\u1ed9 qu\u1ea3n tr\u1ecb t\u00e0i ch\u00ednh c\u1ee7a Vi\u1ec7t Nam so v\u1edbi b\u1ea1n b\u00e8 \u0111\u1ed3ng nghi\u1ec7p th\u1ebf gi\u1edbi.<\/p>\n<p>Kho\u00e1 h\u1ecdc n\u00e0y d\u00e0nh ri\u00eang cho c\u00e1c nh\u00e0 l\u00e3nh \u0111\u1ea1o, qu\u1ea3n l\u00fd t\u00e0i ch\u00ednh v\u1edbi m\u1ee5c ti\u00eau cung c\u1ea5p cho H\u1ecdc vi\u00ean:<\/p>\n<ul>\n<li aria-level=\"1\">T\u01b0 duy, nh\u1eadn th\u1ee9c c\u1ed1t l\u00f5i m\u00e0 m\u1ed9t Gi\u00e1m \u0111\u1ed1c t\u00e0i ch\u00ednh chuy\u00ean nghi\u1ec7p c\u1ea7n c\u00f3 trong m\u00f4i tr\u01b0\u1eddng kinh doanh to\u00e0n c\u1ea7u nh\u01b0 hi\u1ec7n nay.<\/li>\n<li aria-level=\"1\">Nh\u1eefng m\u00f4 h\u00ecnh, c\u00f4ng c\u1ee5, ph\u01b0\u01a1ng ph\u00e1p qu\u1ea3n tr\u1ecb t\u00e0i ch\u00ednh c\u1eadp nh\u1ea5t m\u1edbi nh\u1ea5t c\u1ee7a th\u1ebf gi\u1edbi \u0111\u1ec3 trang b\u1ecb cho m\u1ed9t CFO chuy\u00ean nghi\u1ec7p.<\/li>\n<\/ul>\n","protected":false},"excerpt":{"rendered":"<p>Ch\u01b0\u01a1ng tr\u00ecnh n\u00e0y v\u1edbi Ban Gi\u1ea3ng Hu\u1ea5n l\u00e0 c\u00e1c chuy\u00ean gia d\u00e0y d\u1eb7n kinh nghi\u1ec7m trong l\u0129nh v\u1ef1c t\u00e0i ch\u00ednh, k\u1ebf to\u00e1n, nh\u1eefng ng\u01b0\u1eddi c\u00f3 t\u00e2m huy\u1ebft v\u1edbi quy\u1ebft t\u00e2m thu h\u1eb9p kho\u1ea3ng c\u00e1ch v\u1ec1 tr\u00ecnh \u0111\u1ed9 qu\u1ea3n tr\u1ecb t\u00e0i ch\u00ednh c\u1ee7a Vi\u1ec7t Nam so v\u1edbi b\u1ea1n b\u00e8 \u0111\u1ed3ng nghi\u1ec7p th\u1ebf gi\u1edbi.<\/p>\n","protected":false},"featured_media":1898,"comment_status":"closed","ping_status":"closed","template":"","meta":[],"product_cat":[52],"product_tag":[],"class_list":{"0":"post-1897","1":"product","2":"type-product","3":"status-publish","4":"has-post-thumbnail","6":"product_cat-khoa-hoc","8":"first","9":"instock","10":"shipping-taxable","11":"product-type-simple"},"acf":[],"lang":"vi","translations":{"vi":1897},"pll_sync_post":[],"_links":{"self":[{"href":"https:\/\/cbvgroup.net\/index.php?rest_route=\/wp\/v2\/product\/1897","targetHints":{"allow":["GET"]}}],"collection":[{"href":"https:\/\/cbvgroup.net\/index.php?rest_route=\/wp\/v2\/product"}],"about":[{"href":"https:\/\/cbvgroup.net\/index.php?rest_route=\/wp\/v2\/types\/product"}],"replies":[{"embeddable":true,"href":"https:\/\/cbvgroup.net\/index.php?rest_route=%2Fwp%2Fv2%2Fcomments&post=1897"}],"wp:featuredmedia":[{"embeddable":true,"href":"https:\/\/cbvgroup.net\/index.php?rest_route=\/wp\/v2\/media\/1898"}],"wp:attachment":[{"href":"https:\/\/cbvgroup.net\/index.php?rest_route=%2Fwp%2Fv2%2Fmedia&parent=1897"}],"wp:term":[{"taxonomy":"product_cat","embeddable":true,"href":"https:\/\/cbvgroup.net\/index.php?rest_route=%2Fwp%2Fv2%2Fproduct_cat&post=1897"},{"taxonomy":"product_tag","embeddable":true,"href":"https:\/\/cbvgroup.net\/index.php?rest_route=%2Fwp%2Fv2%2Fproduct_tag&post=1897"}],"curies":[{"name":"wp","href":"https:\/\/api.w.org\/{rel}","templated":true}]}}