{"id":1899,"date":"2023-07-11T05:07:17","date_gmt":"2023-07-11T05:07:17","guid":{"rendered":"https:\/\/giaiphaponline.vn\/cbvgroup\/?post_type=product&#038;p=1899"},"modified":"2024-06-24T10:37:50","modified_gmt":"2024-06-24T10:37:50","slug":"khoa-hoc-giam-doc-marketing-cmo","status":"publish","type":"product","link":"https:\/\/cbvgroup.net\/?product=khoa-hoc-giam-doc-marketing-cmo","title":{"rendered":"Kh\u00f3a h\u1ecdc Gi\u00e1m \u0111\u1ed1c Marketing (CMO)"},"content":{"rendered":"<p>Ch\u01b0\u01a1ng tr\u00ecnh \u201cGi\u00e1m \u0111\u1ed1c Marketing\u201d (CMO) \u0111\u01b0\u1ee3c PACE tri\u1ec3n khai th\u00e0nh c\u00f4ng trong su\u1ed1t h\u01a1n 20 n\u0103m qua. Ch\u01b0\u01a1ng tr\u00ecnh \u0111\u01b0\u1ee3c thi\u1ebft k\u1ebf b\u1edfi c\u00e1c gi\u1ea3ng vi\u00ean gi\u00e0u kinh nghi\u1ec7m c\u1ee7a PACE, gi\u00fap c\u00e1c nh\u00e0 l\u00e3nh \u0111\u1ea1o bi\u1ebft c\u00e1ch s\u1eed d\u1ee5ng d\u1eef li\u1ec7u \u0111\u1ec3 ho\u1ea1ch \u0111\u1ecbnh chi\u1ebfn l\u01b0\u1ee3c Marketing, \u0111\u1ed3ng th\u1eddi th\u1ef1c hi\u1ec7n c\u00e1c chi\u1ebfn l\u01b0\u1ee3c ti\u1ebfp th\u1ecb \u0111a k\u00eanh, nh\u1eb1m t\u1ed1i \u01b0u tr\u1ea3i nghi\u1ec7m kh\u00e1ch h\u00e0ng.<\/p>\n<p>Ch\u01b0\u01a1ng tr\u00ecnh s\u1ebd gi\u00fap H\u1ecdc vi\u00ean:<\/p>\n<ul>\n<li aria-level=\"1\">Hi\u1ec3u s\u1ef1 thay \u0111\u1ed5i v\u1ec1 vai tr\u00f2, v\u1ecb th\u1ebf c\u1ee7a m\u1ed9t CMO trong th\u1eddi \u0111\u1ea1i 4.0 ng\u00e0y nay.<\/li>\n<li aria-level=\"1\">Hi\u1ec3u \u0111\u01b0\u1ee3c xu h\u01b0\u1edbng m\u1edbi nh\u1ea5t trong ng\u00e0nh qu\u1ea3n tr\u1ecb Marketing th\u1ebf gi\u1edbi n\u00f3i chung v\u00e0 t\u1ea1i Vi\u1ec7t Nam n\u00f3i ri\u00eang.<\/li>\n<li aria-level=\"1\">N\u1eafm r\u00f5 t\u01b0 duy, ki\u1ebfn th\u1ee9c c\u1ed1t l\u00f5i m\u00e0 m\u1ed9t CMO th\u1eddi nay c\u1ea7n ph\u1ea3i c\u00f3 nh\u01b0 x\u00e2y d\u1ef1ng, \u0111\u1ecbnh h\u01b0\u1edbng tri\u1ec3n khai chi\u1ebfn l\u01b0\u1ee3c Marketing d\u1ef1a tr\u00ean k\u1ebft qu\u1ea3 nghi\u00ean c\u1ee9u, ph\u00e2n t\u00edch th\u1ecb tr\u01b0\u1eddng, Digital Marketing, c\u00e1c ho\u1ea1t \u0111\u1ed9ng truy\u1ec1n th\u00f4ng Marketing t\u00edch h\u1ee3p,&#8230;<\/li>\n<li aria-level=\"1\">N\u00e2ng cao vai tr\u00f2 qu\u1ea3n tr\u1ecb v\u00e0 l\u00e3nh \u0111\u1ea1o \u0111\u1ed9i ng\u0169 Marketing nh\u1eb1m \u0111\u1ea1t \u0111\u01b0\u1ee3c m\u1ee5c ti\u00eau, \u0111\u1ed3ng th\u1eddi t\u1ed1i \u01b0u h\u00f3a hi\u1ec7u qu\u1ea3 kinh doanh trong doanh nghi\u1ec7p.<\/li>\n<\/ul>\n","protected":false},"excerpt":{"rendered":"<p>Ch\u01b0\u01a1ng tr\u00ecnh \u201cGi\u00e1m \u0111\u1ed1c Marketing\u201d (CMO) \u0111\u01b0\u1ee3c PACE tri\u1ec3n khai th\u00e0nh c\u00f4ng trong su\u1ed1t h\u01a1n 20 n\u0103m qua. Ch\u01b0\u01a1ng tr\u00ecnh \u0111\u01b0\u1ee3c thi\u1ebft k\u1ebf b\u1edfi c\u00e1c gi\u1ea3ng vi\u00ean gi\u00e0u kinh nghi\u1ec7m c\u1ee7a PACE, gi\u00fap c\u00e1c nh\u00e0 l\u00e3nh \u0111\u1ea1o bi\u1ebft c\u00e1ch s\u1eed d\u1ee5ng d\u1eef li\u1ec7u \u0111\u1ec3 ho\u1ea1ch \u0111\u1ecbnh chi\u1ebfn l\u01b0\u1ee3c Marketing, \u0111\u1ed3ng th\u1eddi th\u1ef1c hi\u1ec7n c\u00e1c chi\u1ebfn l\u01b0\u1ee3c ti\u1ebfp th\u1ecb \u0111a k\u00eanh, nh\u1eb1m t\u1ed1i \u01b0u tr\u1ea3i nghi\u1ec7m kh\u00e1ch h\u00e0ng.<\/p>\n","protected":false},"featured_media":1900,"comment_status":"closed","ping_status":"closed","template":"","meta":[],"product_cat":[52],"product_tag":[],"class_list":{"0":"post-1899","1":"product","2":"type-product","3":"status-publish","4":"has-post-thumbnail","6":"product_cat-khoa-hoc","8":"first","9":"instock","10":"shipping-taxable","11":"product-type-simple"},"acf":[],"lang":"vi","translations":{"vi":1899},"pll_sync_post":[],"_links":{"self":[{"href":"https:\/\/cbvgroup.net\/index.php?rest_route=\/wp\/v2\/product\/1899","targetHints":{"allow":["GET"]}}],"collection":[{"href":"https:\/\/cbvgroup.net\/index.php?rest_route=\/wp\/v2\/product"}],"about":[{"href":"https:\/\/cbvgroup.net\/index.php?rest_route=\/wp\/v2\/types\/product"}],"replies":[{"embeddable":true,"href":"https:\/\/cbvgroup.net\/index.php?rest_route=%2Fwp%2Fv2%2Fcomments&post=1899"}],"wp:featuredmedia":[{"embeddable":true,"href":"https:\/\/cbvgroup.net\/index.php?rest_route=\/wp\/v2\/media\/1900"}],"wp:attachment":[{"href":"https:\/\/cbvgroup.net\/index.php?rest_route=%2Fwp%2Fv2%2Fmedia&parent=1899"}],"wp:term":[{"taxonomy":"product_cat","embeddable":true,"href":"https:\/\/cbvgroup.net\/index.php?rest_route=%2Fwp%2Fv2%2Fproduct_cat&post=1899"},{"taxonomy":"product_tag","embeddable":true,"href":"https:\/\/cbvgroup.net\/index.php?rest_route=%2Fwp%2Fv2%2Fproduct_tag&post=1899"}],"curies":[{"name":"wp","href":"https:\/\/api.w.org\/{rel}","templated":true}]}}