{"id":1903,"date":"2023-07-11T05:11:17","date_gmt":"2023-07-11T05:11:17","guid":{"rendered":"https:\/\/giaiphaponline.vn\/cbvgroup\/?post_type=product&#038;p=1903"},"modified":"2024-06-24T10:36:58","modified_gmt":"2024-06-24T10:36:58","slug":"khoa-hoc-giam-doc-san-xuat-cpo","status":"publish","type":"product","link":"https:\/\/cbvgroup.net\/?product=khoa-hoc-giam-doc-san-xuat-cpo","title":{"rendered":"Kh\u00f3a h\u1ecdc Gi\u00e1m \u0111\u1ed1c S\u1ea3n xu\u1ea5t (CPO)"},"content":{"rendered":"<p>\u201cGi\u00e1m \u0111\u1ed1c S\u1ea3n xu\u1ea5t\u201d CPO l\u00e0 m\u1ed9t trong s\u1ed1 nh\u1eefng ch\u01b0\u01a1ng tr\u00ecnh \u0111\u00e0o t\u1ea1o \u0111\u1eb7c bi\u1ec7t, \u0111\u01b0\u1ee3c PACE n\u1ed7 l\u1ef1c tri\u1ec3n khai v\u1edbi mong mu\u1ed1n gi\u00fap c\u00e1c nh\u00e0 l\u00e3nh \u0111\u1ea1o c\u00f3 th\u1ec3 \u0111\u01b0a nh\u1eefng c\u00f4ng ngh\u1ec7 qu\u1ea3n l\u00fd s\u1ea3n xu\u1ea5t ti\u00ean ti\u1ebfn v\u00e0 hi\u1ec7u qu\u1ea3 nh\u1ea5t v\u00e0o doanh nghi\u1ec7p c\u1ee7a m\u00ecnh, cho d\u00f9 l\u00e0 doanh nghi\u1ec7p ho\u1ea1t \u0111\u1ed9ng trong l\u0129nh v\u1ef1c n\u00e0o, quy m\u00f4 l\u1edbn hay nh\u1ecf.<\/p>\n<p>Ch\u01b0\u01a1ng tr\u00ecnh v\u1edbi Ban Gi\u1ea3ng Hu\u1ea5n l\u00e0 c\u00e1c chuy\u00ean gia gi\u00e0u kinh nghi\u1ec7m v\u1ec1 l\u0129nh v\u1ef1c s\u1ea3n xu\u1ea5t, qu\u1ea3n tr\u1ecb s\u1ea3n xu\u1ea5t, l\u00e0 nh\u1eefng ng\u01b0\u1eddi c\u00f3 hi\u1ec3u bi\u1ebft s\u00e2u s\u1eafc v\u1ec1 xu h\u01b0\u1edbng m\u1edbi nh\u1ea5t trong s\u1ea3n xu\u1ea5t, n\u0103ng su\u1ea5t v\u00e0 ch\u1ea5t l\u01b0\u1ee3ng qu\u1ed1c t\u1ebf, \u0111\u1ed3ng th\u1eddi am hi\u1ec3u v\u1ec1 m\u00f4i tr\u01b0\u1eddng ho\u1ea1t \u0111\u1ed9ng s\u1ea3n xu\u1ea5t t\u1ea1i Vi\u1ec7t Nam hi\u1ec7n nay.<\/p>\n<p>Ch\u01b0\u01a1ng tr\u00ecnh n\u00e0y cung c\u1ea5p cho H\u1ecdc vi\u00ean:<\/p>\n<ul>\n<li aria-level=\"1\">Bi\u1ebft \u0111\u01b0\u1ee3c ch\u00e2n dung c\u1ee7a m\u1ed9t Gi\u00e1m \u0111\u1ed1c s\u1ea3n xu\u1ea5t (CPO) chuy\u00ean nghi\u1ec7p, bi\u1ebft \u0111\u01b0\u1ee3c \u0111\u1ed1i t\u01b0\u1ee3ng n\u00e0o v\u00e0 c\u1ea7n l\u00e0m g\u00ec \u0111\u1ec3 tr\u1edf th\u00e0nh m\u1ed9t CPO chuy\u00ean nghi\u1ec7p.<\/li>\n<li aria-level=\"1\">T\u01b0 duy, nh\u1eadn th\u1ee9c c\u1ed1t l\u00f5i v\u00e0 ki\u1ebfn th\u1ee9c, k\u1ef9 n\u0103ng c\u1ea7n thi\u1ebft c\u1ea7n c\u00f3 c\u1ee7a m\u1ed9t CPO chuy\u00ean nghi\u1ec7p.<\/li>\n<\/ul>\n","protected":false},"excerpt":{"rendered":"<p>\u201cGi\u00e1m \u0111\u1ed1c S\u1ea3n xu\u1ea5t\u201d CPO l\u00e0 m\u1ed9t trong s\u1ed1 nh\u1eefng ch\u01b0\u01a1ng tr\u00ecnh \u0111\u00e0o t\u1ea1o \u0111\u1eb7c bi\u1ec7t, \u0111\u01b0\u1ee3c PACE n\u1ed7 l\u1ef1c tri\u1ec3n khai v\u1edbi mong mu\u1ed1n gi\u00fap c\u00e1c nh\u00e0 l\u00e3nh \u0111\u1ea1o c\u00f3 th\u1ec3 \u0111\u01b0a nh\u1eefng c\u00f4ng ngh\u1ec7 qu\u1ea3n l\u00fd s\u1ea3n xu\u1ea5t ti\u00ean ti\u1ebfn v\u00e0 hi\u1ec7u qu\u1ea3 nh\u1ea5t v\u00e0o doanh nghi\u1ec7p c\u1ee7a m\u00ecnh, cho d\u00f9 l\u00e0 doanh nghi\u1ec7p ho\u1ea1t \u0111\u1ed9ng trong l\u0129nh v\u1ef1c n\u00e0o, quy m\u00f4 l\u1edbn hay nh\u1ecf.<\/p>\n","protected":false},"featured_media":1904,"comment_status":"closed","ping_status":"closed","template":"","meta":[],"product_cat":[52],"product_tag":[],"class_list":{"0":"post-1903","1":"product","2":"type-product","3":"status-publish","4":"has-post-thumbnail","6":"product_cat-khoa-hoc","8":"first","9":"instock","10":"shipping-taxable","11":"product-type-simple"},"acf":[],"lang":"vi","translations":{"vi":1903},"pll_sync_post":[],"_links":{"self":[{"href":"https:\/\/cbvgroup.net\/index.php?rest_route=\/wp\/v2\/product\/1903","targetHints":{"allow":["GET"]}}],"collection":[{"href":"https:\/\/cbvgroup.net\/index.php?rest_route=\/wp\/v2\/product"}],"about":[{"href":"https:\/\/cbvgroup.net\/index.php?rest_route=\/wp\/v2\/types\/product"}],"replies":[{"embeddable":true,"href":"https:\/\/cbvgroup.net\/index.php?rest_route=%2Fwp%2Fv2%2Fcomments&post=1903"}],"wp:featuredmedia":[{"embeddable":true,"href":"https:\/\/cbvgroup.net\/index.php?rest_route=\/wp\/v2\/media\/1904"}],"wp:attachment":[{"href":"https:\/\/cbvgroup.net\/index.php?rest_route=%2Fwp%2Fv2%2Fmedia&parent=1903"}],"wp:term":[{"taxonomy":"product_cat","embeddable":true,"href":"https:\/\/cbvgroup.net\/index.php?rest_route=%2Fwp%2Fv2%2Fproduct_cat&post=1903"},{"taxonomy":"product_tag","embeddable":true,"href":"https:\/\/cbvgroup.net\/index.php?rest_route=%2Fwp%2Fv2%2Fproduct_tag&post=1903"}],"curies":[{"name":"wp","href":"https:\/\/api.w.org\/{rel}","templated":true}]}}