{"id":1905,"date":"2023-07-11T05:14:40","date_gmt":"2023-07-11T05:14:40","guid":{"rendered":"https:\/\/giaiphaponline.vn\/cbvgroup\/?post_type=product&#038;p=1905"},"modified":"2024-06-24T10:37:53","modified_gmt":"2024-06-24T10:37:53","slug":"giam-doc-chuyen-doi-so-cdo","status":"publish","type":"product","link":"https:\/\/cbvgroup.net\/?product=giam-doc-chuyen-doi-so-cdo","title":{"rendered":"Gi\u00e1m \u0111\u1ed1c Chuy\u1ec3n \u0111\u1ed5i s\u1ed1 (CDO)"},"content":{"rendered":"<p>Ch\u01b0\u01a1ng tr\u00ecnh \u201cGi\u00e1m \u0111\u1ed1c Chuy\u1ec3n \u0111\u1ed5i s\u1ed1\/ Chief Digital Officer (CDO)\u201d do H\u1ecdc vi\u1ec7n Qu\u1ea3n l\u00fd PACE thi\u1ebft k\u1ebf, bi\u00ean so\u1ea1n v\u00e0 tri\u1ec3n khai, nh\u1eb1m tr\u1ea3 l\u1eddi cho c\u00e2u h\u1ecfi nh\u1eefng ng\u01b0\u1eddi n\u1eafm gi\u1eef v\u1ecb tr\u00ed gi\u00e1m \u0111\u1ed1c chuy\u1ec3n \u0111\u1ed5i s\u1ed1 c\u00f3 th\u1ec3 l\u00e0m \u0111\u00fang v\u00e0 l\u00e0m t\u1ed1t c\u00f4ng vi\u1ec7c \u0111\u1ec3 d\u1eabn d\u1eaft qu\u00e1 tr\u00ecnh chuy\u1ec3n \u0111\u1ed5i s\u1ed1 c\u1ee7a doanh nghi\u1ec7p th\u00e0nh c\u00f4ng.<\/p>\n<p>Ch\u01b0\u01a1ng tr\u00ecnh cung c\u1ea5p cho H\u1ecdc vi\u00ean:<\/p>\n<ul>\n<li aria-level=\"1\">N\u1eafm r\u00f5 v\u1ec1 vai tr\u00f2, n\u0103ng l\u1ef1c c\u1ea7n c\u00f3 c\u1ee7a m\u1ed9t gi\u00e1m \u0111\u1ed1c chuy\u1ec3n \u0111\u1ed5i s\u1ed1.<\/li>\n<li aria-level=\"1\">Thi\u1ebft l\u1eadp t\u1ea7m nh\u00ecn, chi\u1ebfn l\u01b0\u1ee3c chuy\u1ec3n \u0111\u1ed5i s\u1ed1 cho to\u00e0n b\u1ed9 doanh nghi\u1ec7p. \u0110\u1ed3ng th\u1eddi c\u00f3 th\u1ec3 tri\u1ec3n khai chi\u1ebfn l\u01b0\u1ee3c m\u1ed9t c\u00e1ch \u0111\u1ed3ng b\u1ed9 tr\u00ean m\u1ecdi kh\u00eda c\u1ea1nh.<\/li>\n<li aria-level=\"1\">Ph\u00e1t tri\u1ec3n k\u1ef9 n\u0103ng qu\u1ea3n l\u00fd \u0111\u1ed9i ng\u0169, qu\u1ea3n tr\u1ecb s\u1ef1 thay \u0111\u1ed5i nh\u1eb1m d\u1eabn d\u1eaft qu\u00e1 tr\u00ecnh chuy\u1ec3n \u0111\u1ed5i s\u1ed1 cho doanh nghi\u1ec7p th\u00e0nh c\u00f4ng v\u00e0 hi\u1ec7u qu\u1ea3 nh\u1ea5t.<\/li>\n<li aria-level=\"1\">Bi\u1ebft c\u00e1ch \u0111\u01b0a v\u00e0o v\u0103n h\u00f3a doanh nghi\u1ec7p tinh th\u1ea7n chuy\u1ec3n \u0111\u1ed5i s\u1ed1 \u0111\u1ec3 h\u00ecnh th\u00e0nh v\u0103n h\u00f3a s\u1ed1, t\u1ea1o ra s\u1ef1 chuy\u1ec3n \u0111\u1ed5i s\u1ed1 li\u00ean t\u1ee5c v\u00e0 b\u1ec1n v\u1eefng.<\/li>\n<\/ul>\n","protected":false},"excerpt":{"rendered":"<p>Ch\u01b0\u01a1ng tr\u00ecnh \u201cGi\u00e1m \u0111\u1ed1c Chuy\u1ec3n \u0111\u1ed5i s\u1ed1\/ Chief Digital Officer (CDO)\u201d do H\u1ecdc vi\u1ec7n Qu\u1ea3n l\u00fd PACE thi\u1ebft k\u1ebf, bi\u00ean so\u1ea1n v\u00e0 tri\u1ec3n khai, nh\u1eb1m tr\u1ea3 l\u1eddi cho c\u00e2u h\u1ecfi nh\u1eefng ng\u01b0\u1eddi n\u1eafm gi\u1eef v\u1ecb tr\u00ed gi\u00e1m \u0111\u1ed1c chuy\u1ec3n \u0111\u1ed5i s\u1ed1 c\u00f3 th\u1ec3 l\u00e0m \u0111\u00fang v\u00e0 l\u00e0m t\u1ed1t c\u00f4ng vi\u1ec7c \u0111\u1ec3 d\u1eabn d\u1eaft qu\u00e1 tr\u00ecnh chuy\u1ec3n \u0111\u1ed5i s\u1ed1 c\u1ee7a doanh nghi\u1ec7p th\u00e0nh c\u00f4ng.<\/p>\n","protected":false},"featured_media":1906,"comment_status":"closed","ping_status":"closed","template":"","meta":[],"product_cat":[78,52],"product_tag":[],"class_list":{"0":"post-1905","1":"product","2":"type-product","3":"status-publish","4":"has-post-thumbnail","6":"product_cat-chuong-trinh-phat-trien-nang-luc-chuyen-mon","7":"product_cat-khoa-hoc","9":"first","10":"instock","11":"shipping-taxable","12":"product-type-simple"},"acf":[],"lang":"vi","translations":{"vi":1905},"pll_sync_post":[],"_links":{"self":[{"href":"https:\/\/cbvgroup.net\/index.php?rest_route=\/wp\/v2\/product\/1905","targetHints":{"allow":["GET"]}}],"collection":[{"href":"https:\/\/cbvgroup.net\/index.php?rest_route=\/wp\/v2\/product"}],"about":[{"href":"https:\/\/cbvgroup.net\/index.php?rest_route=\/wp\/v2\/types\/product"}],"replies":[{"embeddable":true,"href":"https:\/\/cbvgroup.net\/index.php?rest_route=%2Fwp%2Fv2%2Fcomments&post=1905"}],"wp:featuredmedia":[{"embeddable":true,"href":"https:\/\/cbvgroup.net\/index.php?rest_route=\/wp\/v2\/media\/1906"}],"wp:attachment":[{"href":"https:\/\/cbvgroup.net\/index.php?rest_route=%2Fwp%2Fv2%2Fmedia&parent=1905"}],"wp:term":[{"taxonomy":"product_cat","embeddable":true,"href":"https:\/\/cbvgroup.net\/index.php?rest_route=%2Fwp%2Fv2%2Fproduct_cat&post=1905"},{"taxonomy":"product_tag","embeddable":true,"href":"https:\/\/cbvgroup.net\/index.php?rest_route=%2Fwp%2Fv2%2Fproduct_tag&post=1905"}],"curies":[{"name":"wp","href":"https:\/\/api.w.org\/{rel}","templated":true}]}}