{"id":1907,"date":"2023-07-11T05:19:22","date_gmt":"2023-07-11T05:19:22","guid":{"rendered":"https:\/\/giaiphaponline.vn\/cbvgroup\/?post_type=product&#038;p=1907"},"modified":"2024-06-25T04:36:46","modified_gmt":"2024-06-25T04:36:46","slug":"tai-chinh-danh-cho-lanh-dao","status":"publish","type":"product","link":"https:\/\/cbvgroup.net\/?product=tai-chinh-danh-cho-lanh-dao","title":{"rendered":"T\u00e0i ch\u00ednh d\u00e0nh cho l\u00e3nh \u0111\u1ea1o"},"content":{"rendered":"<p>Ch\u01b0\u01a1ng tr\u00ecnh \u201cT\u00e0i ch\u00ednh d\u00e0nh cho L\u00e3nh \u0111\u1ea1o\u201d \u0111\u01b0\u1ee3c PACE tri\u1ec3n khai th\u00e0nh c\u00f4ng su\u1ed1t h\u01a1n 20 n\u0103m qua c\u00f9ng s\u1ef1 tham gia c\u1ee7a c\u00e1c c\u1ea5p l\u00e3nh \u0111\u1ea1o doanh nghi\u1ec7p trong v\u00e0 ngo\u00e0i n\u01b0\u1edbc.<\/p>\n<p>Thay v\u00ec ph\u1ea3i m\u1ea5t nhi\u1ec1u n\u0103m nh\u01b0 \u201cd\u00e2n\u201d t\u00e0i ch\u00ednh (Finance for Finance Leaders), c\u00e1c nh\u00e0 l\u00e3nh \u0111\u1ea1o ch\u1ec9 c\u1ea7n 2 tu\u1ea7n \u0111\u1ec3 c\u00f3 th\u1ec3 l\u0129nh h\u1ed9i \u0111\u01b0\u1ee3c nh\u1eefng ki\u1ebfn th\u1ee9c c\u1ed1t l\u00f5i nh\u1ea5t v\u1ec1 t\u00e0i ch\u00ednh v\u00e0 qu\u1ea3n tr\u1ecb t\u00e0i ch\u00ednh.<\/p>\n<p>Ch\u01b0\u01a1ng tr\u00ecnh s\u1ebd cung c\u1ea5p cho H\u1ecdc vi\u00ean:<\/p>\n<ul>\n<li aria-level=\"1\">C\u00e1i nh\u00ecn t\u1ed5ng quan, r\u00f5 r\u00e0ng h\u01a1n v\u1ec1 t\u00e0i ch\u00ednh v\u00e0 t\u00e0i ch\u00ednh doanh nghi\u1ec7p.<\/li>\n<li aria-level=\"1\">Bi\u1ebft c\u00e1ch t\u1ed5 ch\u1ee9c, \u0111i\u1ec1u h\u00e0nh c\u00f4ng t\u00e1c qu\u1ea3n tr\u1ecb t\u00e0i ch\u00ednh trong doanh nghi\u1ec7p.<\/li>\n<li aria-level=\"1\">Ho\u1ea1ch \u0111\u1ecbnh t\u00e0i ch\u00ednh v\u00e0 ph\u00e2n t\u00edch t\u00ecnh h\u00ecnh t\u00e0i ch\u00ednh doanh nghi\u1ec7p.<\/li>\n<li aria-level=\"1\">Th\u1ea3o lu\u1eadn v\u1ec1 th\u1eddi \u0111i\u1ec3m s\u1eed d\u1ee5ng t\u01b0 v\u1ea5n t\u00e0i ch\u00ednh v\u00e0 bi\u1ebft c\u00e1ch s\u1eed d\u1ee5ng nh\u01b0 th\u1ebf n\u00e0o cho hi\u1ec7u qu\u1ea3.<\/li>\n<\/ul>\n","protected":false},"excerpt":{"rendered":"<p>Ch\u01b0\u01a1ng tr\u00ecnh \u201cT\u00e0i ch\u00ednh d\u00e0nh cho L\u00e3nh \u0111\u1ea1o\u201d \u0111\u01b0\u1ee3c PACE tri\u1ec3n khai th\u00e0nh c\u00f4ng su\u1ed1t h\u01a1n 20 n\u0103m qua c\u00f9ng s\u1ef1 tham gia c\u1ee7a c\u00e1c c\u1ea5p l\u00e3nh \u0111\u1ea1o doanh nghi\u1ec7p trong v\u00e0 ngo\u00e0i n\u01b0\u1edbc.<\/p>\n","protected":false},"featured_media":1908,"comment_status":"closed","ping_status":"closed","template":"","meta":[],"product_cat":[77],"product_tag":[],"class_list":{"0":"post-1907","1":"product","2":"type-product","3":"status-publish","4":"has-post-thumbnail","6":"product_cat-chuong-trinh-phat-trien-nang-luc-lanh-dao-va-quan-ly","8":"first","9":"instock","10":"shipping-taxable","11":"product-type-simple"},"acf":[],"lang":"vi","translations":{"vi":1907},"pll_sync_post":[],"_links":{"self":[{"href":"https:\/\/cbvgroup.net\/index.php?rest_route=\/wp\/v2\/product\/1907","targetHints":{"allow":["GET"]}}],"collection":[{"href":"https:\/\/cbvgroup.net\/index.php?rest_route=\/wp\/v2\/product"}],"about":[{"href":"https:\/\/cbvgroup.net\/index.php?rest_route=\/wp\/v2\/types\/product"}],"replies":[{"embeddable":true,"href":"https:\/\/cbvgroup.net\/index.php?rest_route=%2Fwp%2Fv2%2Fcomments&post=1907"}],"wp:featuredmedia":[{"embeddable":true,"href":"https:\/\/cbvgroup.net\/index.php?rest_route=\/wp\/v2\/media\/1908"}],"wp:attachment":[{"href":"https:\/\/cbvgroup.net\/index.php?rest_route=%2Fwp%2Fv2%2Fmedia&parent=1907"}],"wp:term":[{"taxonomy":"product_cat","embeddable":true,"href":"https:\/\/cbvgroup.net\/index.php?rest_route=%2Fwp%2Fv2%2Fproduct_cat&post=1907"},{"taxonomy":"product_tag","embeddable":true,"href":"https:\/\/cbvgroup.net\/index.php?rest_route=%2Fwp%2Fv2%2Fproduct_tag&post=1907"}],"curies":[{"name":"wp","href":"https:\/\/api.w.org\/{rel}","templated":true}]}}