{"id":1909,"date":"2023-07-11T05:20:36","date_gmt":"2023-07-11T05:20:36","guid":{"rendered":"https:\/\/giaiphaponline.vn\/cbvgroup\/?post_type=product&#038;p=1909"},"modified":"2024-06-24T10:37:01","modified_gmt":"2024-06-24T10:37:01","slug":"ke-toan-danh-cho-lanh-dao","status":"publish","type":"product","link":"https:\/\/cbvgroup.net\/?product=ke-toan-danh-cho-lanh-dao","title":{"rendered":"K\u1ebf to\u00e1n d\u00e0nh cho l\u00e3nh \u0111\u1ea1o"},"content":{"rendered":"<p>Ch\u01b0\u01a1ng tr\u00ecnh \u0111\u00e0o t\u1ea1o &#8220;K\u1ebf to\u00e1n d\u00e0nh cho L\u00e3nh \u0111\u1ea1o&#8221; c\u1ee7a PACE \u0111\u01b0\u1ee3c thi\u1ebft k\u1ebf d\u00e0nh ri\u00eang cho c\u00e1c s\u1ebfp, thay v\u00ec m\u1ea5t nhi\u1ec1u n\u0103m, c\u00e1c nh\u00e0 l\u00e3nh \u0111\u1ea1o ch\u1ec9 c\u1ea7n 2 tu\u1ea7n \u0111\u1ec3 c\u00f3 \u0111\u01b0\u1ee3c c\u00f4ng c\u1ee5 qu\u1ea3n l\u00fd quan tr\u1ecdng ph\u1ee5c v\u1ee5 cho c\u00f4ng t\u00e1c qu\u1ea3n l\u00fd c\u1ee7a m\u00ecnh, \u0111\u00f3 ch\u00ednh l\u00e0 K\u1ebf to\u00e1n.<\/p>\n<p>Ch\u01b0\u01a1ng tr\u00ecnh n\u00e0y cung c\u1ea5p cho H\u1ecdc vi\u00ean:<\/p>\n<ul>\n<li aria-level=\"1\">Hi\u1ec3u c\u00e1ch th\u1ee9c \u0111\u1ec3 c\u00f3 th\u1ec3 t\u1ed5 ch\u1ee9c b\u1ed9 m\u00e1y k\u1ebf to\u00e1n trong doanh nghi\u1ec7p.<\/li>\n<li aria-level=\"1\">Hi\u1ec3u \u0111\u01b0\u1ee3c vai tr\u00f2 v\u00e0 ch\u1ee9c n\u0103ng c\u1ee7a b\u1ed9 ph\u1eadn k\u1ebf to\u00e1n trong c\u00f4ng t\u00e1c \u0111i\u1ec1u h\u00e0nh doanh nghi\u1ec7p.<\/li>\n<li aria-level=\"1\">Bi\u1ebft c\u00e1ch ch\u1ec9 \u0111\u1ea1o, y\u00eau c\u1ea7u b\u1ed9 ph\u1eadn k\u1ebf to\u00e1n ph\u1ea3i l\u00e0m nh\u1eefng g\u00ec v\u00e0 nh\u01b0 th\u1ebf n\u00e0o cho hi\u1ec7u qu\u1ea3.<\/li>\n<li aria-level=\"1\">Bi\u1ebft c\u00e1ch \u0111\u1ecdc, hi\u1ec3u, ph\u00e2n t\u00edch c\u00e1c b\u00e1o c\u00e1o t\u00e0i ch\u00ednh do k\u1ebf to\u00e1n tr\u00ecnh l\u00ean.<\/li>\n<li aria-level=\"1\">Bi\u1ebft s\u1eed d\u1ee5ng th\u00f4ng tin v\u00e0 k\u1ebft qu\u1ea3 b\u00e1o c\u00e1o do k\u1ebf to\u00e1n do b\u1ed9 ph\u1eadn k\u1ebf to\u00e1n cung c\u1ea5p nh\u1eb1m ph\u1ee5c v\u1ee5 c\u00f4ng t\u00e1c qu\u1ea3n l\u00fd, \u0111i\u1ec1u h\u00e0nh.<\/li>\n<li aria-level=\"1\">Hi\u1ec3u v\u1ec1 m\u1ed1i t\u01b0\u01a1ng quan gi\u1eefa b\u1ed9 ph\u1eadn k\u1ebf to\u00e1n v\u00e0 c\u00e1c ph\u00f2ng ban\/ b\u1ed9 ph\u1eadn kh\u00e1c trong doanh nghi\u1ec7p.<\/li>\n<\/ul>\n","protected":false},"excerpt":{"rendered":"<p>Ch\u01b0\u01a1ng tr\u00ecnh \u0111\u00e0o t\u1ea1o &#8220;K\u1ebf to\u00e1n d\u00e0nh cho L\u00e3nh \u0111\u1ea1o&#8221; c\u1ee7a PACE \u0111\u01b0\u1ee3c thi\u1ebft k\u1ebf d\u00e0nh ri\u00eang cho c\u00e1c s\u1ebfp, thay v\u00ec m\u1ea5t nhi\u1ec1u n\u0103m, c\u00e1c nh\u00e0 l\u00e3nh \u0111\u1ea1o ch\u1ec9 c\u1ea7n 2 tu\u1ea7n \u0111\u1ec3 c\u00f3 \u0111\u01b0\u1ee3c c\u00f4ng c\u1ee5 qu\u1ea3n l\u00fd quan tr\u1ecdng ph\u1ee5c v\u1ee5 cho c\u00f4ng t\u00e1c qu\u1ea3n l\u00fd c\u1ee7a m\u00ecnh, \u0111\u00f3 ch\u00ednh l\u00e0 K\u1ebf to\u00e1n.<\/p>\n","protected":false},"featured_media":1910,"comment_status":"closed","ping_status":"closed","template":"","meta":[],"product_cat":[77,52],"product_tag":[],"class_list":{"0":"post-1909","1":"product","2":"type-product","3":"status-publish","4":"has-post-thumbnail","6":"product_cat-chuong-trinh-phat-trien-nang-luc-lanh-dao-va-quan-ly","7":"product_cat-khoa-hoc","9":"first","10":"instock","11":"shipping-taxable","12":"product-type-simple"},"acf":[],"lang":"vi","translations":{"vi":1909},"pll_sync_post":[],"_links":{"self":[{"href":"https:\/\/cbvgroup.net\/index.php?rest_route=\/wp\/v2\/product\/1909","targetHints":{"allow":["GET"]}}],"collection":[{"href":"https:\/\/cbvgroup.net\/index.php?rest_route=\/wp\/v2\/product"}],"about":[{"href":"https:\/\/cbvgroup.net\/index.php?rest_route=\/wp\/v2\/types\/product"}],"replies":[{"embeddable":true,"href":"https:\/\/cbvgroup.net\/index.php?rest_route=%2Fwp%2Fv2%2Fcomments&post=1909"}],"wp:featuredmedia":[{"embeddable":true,"href":"https:\/\/cbvgroup.net\/index.php?rest_route=\/wp\/v2\/media\/1910"}],"wp:attachment":[{"href":"https:\/\/cbvgroup.net\/index.php?rest_route=%2Fwp%2Fv2%2Fmedia&parent=1909"}],"wp:term":[{"taxonomy":"product_cat","embeddable":true,"href":"https:\/\/cbvgroup.net\/index.php?rest_route=%2Fwp%2Fv2%2Fproduct_cat&post=1909"},{"taxonomy":"product_tag","embeddable":true,"href":"https:\/\/cbvgroup.net\/index.php?rest_route=%2Fwp%2Fv2%2Fproduct_tag&post=1909"}],"curies":[{"name":"wp","href":"https:\/\/api.w.org\/{rel}","templated":true}]}}