{"id":1912,"date":"2023-07-11T05:22:28","date_gmt":"2023-07-11T05:22:28","guid":{"rendered":"https:\/\/giaiphaponline.vn\/cbvgroup\/?post_type=product&#038;p=1912"},"modified":"2024-06-25T04:35:17","modified_gmt":"2024-06-25T04:35:17","slug":"chuyen-doi-so-danh-cho-lanh-dao","status":"publish","type":"product","link":"https:\/\/cbvgroup.net\/?product=chuyen-doi-so-danh-cho-lanh-dao","title":{"rendered":"Chuy\u1ec3n \u0111\u1ed5i s\u1ed1 d\u00e0nh cho l\u00e3nh \u0111\u1ea1o"},"content":{"rendered":"<p>Ch\u01b0\u01a1ng tr\u00ecnh \u201cChuy\u1ec3n \u0110\u1ed5i S\u1ed1 D\u00e0nh Cho L\u00e3nh \u0110\u1ea1o\/ Digital Transformation Program\u201d do H\u1ecdc vi\u1ec7n Qu\u1ea3n l\u00fd PACE thi\u1ebft k\u1ebf, bi\u00ean so\u1ea1n v\u00e0 tri\u1ec3n khai, d\u00e0nh ri\u00eang cho c\u00e1c nh\u00e0 l\u00e3nh \u0111\u1ea1o doanh nghi\u1ec7p.<\/p>\n<p>Sau khi ho\u00e0n t\u1ea5t kho\u00e1 h\u1ecdc, c\u00e1c nh\u00e0 l\u00e3nh \u0111\u1ea1o c\u00f3 th\u1ec3:<\/p>\n<ul>\n<li aria-level=\"1\">Hi\u1ec3u r\u00f5 v\u1ec1 t\u1ea7m quan tr\u1ecdng c\u1ee7a chuy\u1ec3n \u0111\u1ed5i s\u1ed1 trong cu\u1ed9c c\u00e1ch m\u1ea1ng 4.0 nh\u01b0 ng\u00e0y nay.<\/li>\n<li aria-level=\"1\">Hi\u1ec3u r\u00f5 h\u01a1n v\u1ec1 vai tr\u00f2 l\u00e3nh \u0111\u1ea1o, qu\u1ea3n l\u00fd c\u1ee7a ho\u1ea1t \u0111\u1ed9ng chuy\u1ec3n \u0111\u1ed5i s\u1ed1 trong doanh nghi\u1ec7p.<\/li>\n<li aria-level=\"1\">N\u1eafm \u0111\u01b0\u1ee3c m\u00f4 h\u00ecnh, c\u00e1ch th\u1ee9c c\u0169ng nh\u01b0 qu\u00e1 tr\u00ecnh c\u1ee7a c\u00e1c giai \u0111o\u1ea1n chuy\u1ec3n \u0111\u1ed5i s\u1ed1.<\/li>\n<li aria-level=\"1\">N\u1eafm \u0111\u01b0\u1ee3c c\u00e1c t\u01b0 duy, ph\u01b0\u01a1ng ph\u00e1p, k\u1ef9 n\u0103ng v\u00e0 c\u00f4ng c\u1ee5 thi\u1ebft y\u1ebfu \u0111\u1ec3 d\u1eabn d\u1eaft qu\u00e1 tr\u00ecnh chuy\u1ec3n \u0111\u1ed5i s\u1ed1 di\u1ec5n ra th\u00e0nh c\u00f4ng.<\/li>\n<\/ul>\n","protected":false},"excerpt":{"rendered":"<p>Ch\u01b0\u01a1ng tr\u00ecnh \u201cChuy\u1ec3n \u0110\u1ed5i S\u1ed1 D\u00e0nh Cho L\u00e3nh \u0110\u1ea1o\/ Digital Transformation Program\u201d do H\u1ecdc vi\u1ec7n Qu\u1ea3n l\u00fd PACE thi\u1ebft k\u1ebf, bi\u00ean so\u1ea1n v\u00e0 tri\u1ec3n khai, d\u00e0nh ri\u00eang cho c\u00e1c nh\u00e0 l\u00e3nh \u0111\u1ea1o doanh nghi\u1ec7p.<\/p>\n","protected":false},"featured_media":1913,"comment_status":"closed","ping_status":"closed","template":"","meta":[],"product_cat":[77,52],"product_tag":[],"class_list":{"0":"post-1912","1":"product","2":"type-product","3":"status-publish","4":"has-post-thumbnail","6":"product_cat-chuong-trinh-phat-trien-nang-luc-lanh-dao-va-quan-ly","7":"product_cat-khoa-hoc","9":"first","10":"instock","11":"shipping-taxable","12":"product-type-simple"},"acf":[],"lang":"vi","translations":{"vi":1912},"pll_sync_post":[],"_links":{"self":[{"href":"https:\/\/cbvgroup.net\/index.php?rest_route=\/wp\/v2\/product\/1912","targetHints":{"allow":["GET"]}}],"collection":[{"href":"https:\/\/cbvgroup.net\/index.php?rest_route=\/wp\/v2\/product"}],"about":[{"href":"https:\/\/cbvgroup.net\/index.php?rest_route=\/wp\/v2\/types\/product"}],"replies":[{"embeddable":true,"href":"https:\/\/cbvgroup.net\/index.php?rest_route=%2Fwp%2Fv2%2Fcomments&post=1912"}],"wp:featuredmedia":[{"embeddable":true,"href":"https:\/\/cbvgroup.net\/index.php?rest_route=\/wp\/v2\/media\/1913"}],"wp:attachment":[{"href":"https:\/\/cbvgroup.net\/index.php?rest_route=%2Fwp%2Fv2%2Fmedia&parent=1912"}],"wp:term":[{"taxonomy":"product_cat","embeddable":true,"href":"https:\/\/cbvgroup.net\/index.php?rest_route=%2Fwp%2Fv2%2Fproduct_cat&post=1912"},{"taxonomy":"product_tag","embeddable":true,"href":"https:\/\/cbvgroup.net\/index.php?rest_route=%2Fwp%2Fv2%2Fproduct_tag&post=1912"}],"curies":[{"name":"wp","href":"https:\/\/api.w.org\/{rel}","templated":true}]}}