{"id":1914,"date":"2023-07-11T05:28:43","date_gmt":"2023-07-11T05:28:43","guid":{"rendered":"https:\/\/giaiphaponline.vn\/cbvgroup\/?post_type=product&#038;p=1914"},"modified":"2024-06-24T10:37:02","modified_gmt":"2024-06-24T10:37:02","slug":"doc-hieu-bao-cao-tai-chinh","status":"publish","type":"product","link":"https:\/\/cbvgroup.net\/?product=doc-hieu-bao-cao-tai-chinh","title":{"rendered":"\u0110\u1ecdc hi\u1ec3u b\u00e1o c\u00e1o t\u00e0i ch\u00ednh"},"content":{"rendered":"<p>L\u00e0m sao \u0111\u1ec3 gi\u00fap nh\u1eefng nh\u00e0 l\u00e3nh \u0111\u1ea1o, c\u1ed5 \u0111\u00f4ng, nh\u00e0 \u0111\u1ea7u t\u01b0 &#8211; \u201cd\u00e2n ngo\u1ea1i \u0111\u1ea1o\u201d v\u1ec1 t\u00e0i ch\u00ednh &#8211; k\u1ebf to\u00e1n c\u00f3 th\u1ec3 \u0111\u1ecdc hi\u1ec3u nh\u1eefng b\u00e1o c\u00e1o t\u00e0i ch\u00ednh c\u1ee7a doanh nghi\u1ec7p m\u00e0 kh\u00f4ng c\u1ea7n m\u1ea5t nhi\u1ec1u th\u1eddi gian. Th\u1ea5u c\u1ea3m \u0111\u01b0\u1ee3c n\u1ed7i tr\u0103n tr\u1edf \u0111\u00f3, Tr\u01b0\u1eddng Doanh Nh\u00e2n PACE v\u00e0 Tr\u01b0\u1eddng T\u00e0i Ch\u00ednh K\u1ebf To\u00e1n PACE \u0111\u00e3 ph\u1ed1i h\u1ee3p tri\u1ec3n khai kho\u00e1 h\u1ecdc \u201c\u0110\u1ecdc hi\u1ec3u B\u00e1o C\u00e1o T\u00e0i Ch\u00ednh\u201d d\u00e0nh cho nh\u00e0 l\u00e3nh \u0111\u1ea1o, c\u1ed5 \u0111\u00f4ng, nh\u00e0 \u0111\u1ea7u t\u01b0&#8230;<\/p>\n<p>Ch\u01b0\u01a1ng tr\u00ecnh n\u00e0y gi\u00fap cung c\u1ea5p cho H\u1ecdc vi\u00ean:<\/p>\n<ul>\n<li aria-level=\"1\">Hi\u1ec3u v\u1ec1 t\u1ea7m quan tr\u1ecdng c\u1ee7a ph\u00e2n t\u00edch b\u00e1o c\u00e1o t\u00e0i ch\u00ednh trong qu\u1ea3n l\u00fd, kinh doanh ho\u1eb7c \u0111\u1ea7u t\u01b0.<\/li>\n<li aria-level=\"1\">N\u1eafm r\u00f5 b\u00e1o c\u00e1o t\u00e0i ch\u00ednh c\u1ee7a doanh nghi\u1ec7p l\u00e0 c\u00e1i g\u00ec v\u00e0 \u0111\u1ec3 l\u00e0m g\u00ec?<\/li>\n<li aria-level=\"1\">Hi\u1ec3u r\u00f5 b\u00e1o c\u00e1o k\u1ebft qu\u1ea3 kinh doanh, b\u00e1o c\u00e1o l\u01b0u chuy\u1ec3n ti\u1ec1n t\u1ec7, b\u1ea3ng c\u00e2n \u0111\u1ed1i k\u1ebf to\u00e1n.<\/li>\n<li aria-level=\"1\">Bi\u1ebft c\u00e1ch ph\u00e2n t\u00edch t\u1ed5ng quan c\u00e1c b\u00e1o c\u00e1o t\u00e0i ch\u00ednh, t\u1eeb \u0111\u00f3 c\u00f3 nh\u1eefng kinh \u0111\u1ecbnh kinh doanh hay \u0111\u1ea7u t\u01b0 ph\u00f9 h\u1ee3p.<\/li>\n<\/ul>\n","protected":false},"excerpt":{"rendered":"<p>L\u00e0m sao \u0111\u1ec3 gi\u00fap nh\u1eefng nh\u00e0 l\u00e3nh \u0111\u1ea1o, c\u1ed5 \u0111\u00f4ng, nh\u00e0 \u0111\u1ea7u t\u01b0 &#8211; \u201cd\u00e2n ngo\u1ea1i \u0111\u1ea1o\u201d v\u1ec1 t\u00e0i ch\u00ednh &#8211; k\u1ebf to\u00e1n c\u00f3 th\u1ec3 \u0111\u1ecdc hi\u1ec3u nh\u1eefng b\u00e1o c\u00e1o t\u00e0i ch\u00ednh c\u1ee7a doanh nghi\u1ec7p m\u00e0 kh\u00f4ng c\u1ea7n m\u1ea5t nhi\u1ec1u th\u1eddi gian. Th\u1ea5u c\u1ea3m \u0111\u01b0\u1ee3c n\u1ed7i tr\u0103n tr\u1edf \u0111\u00f3, Tr\u01b0\u1eddng Doanh Nh\u00e2n PACE v\u00e0 Tr\u01b0\u1eddng T\u00e0i Ch\u00ednh K\u1ebf To\u00e1n PACE \u0111\u00e3 ph\u1ed1i h\u1ee3p tri\u1ec3n khai kho\u00e1 h\u1ecdc \u201c\u0110\u1ecdc hi\u1ec3u B\u00e1o C\u00e1o T\u00e0i Ch\u00ednh\u201d d\u00e0nh cho nh\u00e0 l\u00e3nh \u0111\u1ea1o, c\u1ed5 \u0111\u00f4ng, nh\u00e0 \u0111\u1ea7u t\u01b0&#8230;<\/p>\n","protected":false},"featured_media":1916,"comment_status":"closed","ping_status":"closed","template":"","meta":[],"product_cat":[77,52],"product_tag":[],"class_list":{"0":"post-1914","1":"product","2":"type-product","3":"status-publish","4":"has-post-thumbnail","6":"product_cat-chuong-trinh-phat-trien-nang-luc-lanh-dao-va-quan-ly","7":"product_cat-khoa-hoc","9":"first","10":"instock","11":"shipping-taxable","12":"product-type-simple"},"acf":[],"lang":"vi","translations":{"vi":1914},"pll_sync_post":[],"_links":{"self":[{"href":"https:\/\/cbvgroup.net\/index.php?rest_route=\/wp\/v2\/product\/1914","targetHints":{"allow":["GET"]}}],"collection":[{"href":"https:\/\/cbvgroup.net\/index.php?rest_route=\/wp\/v2\/product"}],"about":[{"href":"https:\/\/cbvgroup.net\/index.php?rest_route=\/wp\/v2\/types\/product"}],"replies":[{"embeddable":true,"href":"https:\/\/cbvgroup.net\/index.php?rest_route=%2Fwp%2Fv2%2Fcomments&post=1914"}],"wp:featuredmedia":[{"embeddable":true,"href":"https:\/\/cbvgroup.net\/index.php?rest_route=\/wp\/v2\/media\/1916"}],"wp:attachment":[{"href":"https:\/\/cbvgroup.net\/index.php?rest_route=%2Fwp%2Fv2%2Fmedia&parent=1914"}],"wp:term":[{"taxonomy":"product_cat","embeddable":true,"href":"https:\/\/cbvgroup.net\/index.php?rest_route=%2Fwp%2Fv2%2Fproduct_cat&post=1914"},{"taxonomy":"product_tag","embeddable":true,"href":"https:\/\/cbvgroup.net\/index.php?rest_route=%2Fwp%2Fv2%2Fproduct_tag&post=1914"}],"curies":[{"name":"wp","href":"https:\/\/api.w.org\/{rel}","templated":true}]}}