{"id":1917,"date":"2023-07-11T05:30:24","date_gmt":"2023-07-11T05:30:24","guid":{"rendered":"https:\/\/giaiphaponline.vn\/cbvgroup\/?post_type=product&#038;p=1917"},"modified":"2023-10-28T03:41:13","modified_gmt":"2023-10-28T03:41:13","slug":"ky-nang-lanh-dao-slii","status":"publish","type":"product","link":"https:\/\/cbvgroup.net\/?product=ky-nang-lanh-dao-slii","title":{"rendered":"K\u1ef9 n\u0103ng l\u00e3nh \u0111\u1ea1o SLII"},"content":{"rendered":"<p>K\u1ef9 n\u0103ng L\u00e3nh \u0111\u1ea1o SLII l\u00e0 phong c\u00e1ch l\u00e3nh \u0111\u1ea1o t\u1ea1o ra k\u1ebft qu\u1ea3 v\u01b0\u1ee3t tr\u1ed9i so v\u1edbi c\u00e1c phong c\u00e1ch l\u00e3nh \u0111\u1ea1o kh\u00e1c. \u0110\u00e2y l\u00e0 m\u00f4 h\u00ecnh l\u00e3nh \u0111\u1ea1o \u0111\u01b0\u1ee3c tri\u1ec3n khai ph\u1ed5 bi\u1ebfn tr\u00ean th\u1ebf gi\u1edbi, \u0111\u00e0o t\u1ea1o cho c\u00e1c nh\u00e0 l\u00e3nh \u0111\u1ea1o nh\u1eefng k\u1ef9 n\u0103ng c\u1ea7n thi\u1ebft \u0111\u1ec3 d\u1eabn d\u1eaft \u0111\u1ed9i ng\u0169.<\/p>\n<p>M\u00f4 h\u00ecnh l\u00e3nh \u0111\u1ea1o SLII do Blanchard Vietnam (M\u1ed9t \u0111\u01a1n v\u1ecb th\u00e0nh vi\u00ean c\u1ee7a PACE) tri\u1ec3n khai, d\u00e0nh cho c\u00e1c nh\u00e0 L\u00e3nh \u0111\u1ea1o v\u00e0 Qu\u1ea3n l\u00fd c\u1ea5p cao \u0111ang mu\u1ed1n thay \u0111\u1ed5i phong c\u00e1ch l\u00e3nh \u0111\u1ea1o ph\u00f9 h\u1ee3p v\u1edbi b\u1ed1i c\u1ea3nh v\u00e0 con ng\u01b0\u1eddi m\u1edbi. C\u00e1c nh\u00e0 l\u00e3nh \u0111\u1ea1o \u1edf c\u00e1c c\u1ea5p \u0111\u1ed9 kh\u00e1c \u0111ang c\u1ea7n gia t\u0103ng t\u00ednh hi\u1ec7u qu\u1ea3 trong qu\u1ea3n l\u00fd v\u00e0 l\u00e3nh \u0111\u1ea1o.<\/p>\n<p>K\u1ef9 n\u0103ng n\u00e0y gi\u00fap c\u00e1c nh\u00e0 l\u00e3nh \u0111\u1ea1o:<\/p>\n<ul>\n<li aria-level=\"1\">Khai ph\u00e1 ti\u1ec1m n\u0103ng, \u0111\u1ed3ng th\u1eddi t\u1ea1o \u0111\u1ed9ng l\u1ef1c, th\u00fac \u0111\u1ea9y s\u1ef1 ph\u00e1t tri\u1ec3n c\u1ee7a c\u00e1c c\u00e1 nh\u00e2n trong t\u1ed5 ch\u1ee9c.<\/li>\n<li aria-level=\"1\">T\u1ea1o ra ng\u00f4n ng\u1eef l\u00e3nh \u0111\u1ea1o chung cho \u0111\u1ed9i ng\u0169 c\u1ee7a m\u00ecnh.<\/li>\n<li aria-level=\"1\">Gia t\u0103ng s\u1ef1 g\u1eafn k\u1ebft gi\u1eefa c\u00e1c th\u00e0nh vi\u00ean v\u00e0 s\u1ef1 s\u1ef1 b\u00f3 l\u00e2u d\u00e0i c\u00f9ng t\u1ed5 ch\u1ee9c v\u1edbi tinh th\u1ea7n l\u00e0m vi\u1ec7c hi\u1ec7u qu\u1ea3.<\/li>\n<li aria-level=\"1\">Gia t\u0103ng tinh th\u1ea7n ki\u1ebfn t\u1ea1o c\u00f9ng kh\u1ea3 n\u0103ng gi\u1ea3i quy\u1ebft v\u1ea5n \u0111\u1ec1 linh ho\u1ea1t.<\/li>\n<\/ul>\n","protected":false},"excerpt":{"rendered":"<p>K\u1ef9 n\u0103ng L\u00e3nh \u0111\u1ea1o SLII l\u00e0 phong c\u00e1ch l\u00e3nh \u0111\u1ea1o t\u1ea1o ra k\u1ebft qu\u1ea3 v\u01b0\u1ee3t tr\u1ed9i so v\u1edbi c\u00e1c phong c\u00e1ch l\u00e3nh \u0111\u1ea1o kh\u00e1c. \u0110\u00e2y l\u00e0 m\u00f4 h\u00ecnh l\u00e3nh \u0111\u1ea1o \u0111\u01b0\u1ee3c tri\u1ec3n khai ph\u1ed5 bi\u1ebfn tr\u00ean th\u1ebf gi\u1edbi, \u0111\u00e0o t\u1ea1o cho c\u00e1c nh\u00e0 l\u00e3nh \u0111\u1ea1o nh\u1eefng k\u1ef9 n\u0103ng c\u1ea7n thi\u1ebft \u0111\u1ec3 d\u1eabn d\u1eaft \u0111\u1ed9i ng\u0169.<\/p>\n","protected":false},"featured_media":1918,"comment_status":"closed","ping_status":"closed","template":"","meta":[],"product_cat":[78,52],"product_tag":[],"class_list":{"0":"post-1917","1":"product","2":"type-product","3":"status-publish","4":"has-post-thumbnail","6":"product_cat-chuong-trinh-phat-trien-nang-luc-chuyen-mon","7":"product_cat-khoa-hoc","9":"first","10":"instock","11":"shipping-taxable","12":"product-type-simple"},"acf":[],"lang":"vi","translations":{"vi":1917},"pll_sync_post":[],"_links":{"self":[{"href":"https:\/\/cbvgroup.net\/index.php?rest_route=\/wp\/v2\/product\/1917","targetHints":{"allow":["GET"]}}],"collection":[{"href":"https:\/\/cbvgroup.net\/index.php?rest_route=\/wp\/v2\/product"}],"about":[{"href":"https:\/\/cbvgroup.net\/index.php?rest_route=\/wp\/v2\/types\/product"}],"replies":[{"embeddable":true,"href":"https:\/\/cbvgroup.net\/index.php?rest_route=%2Fwp%2Fv2%2Fcomments&post=1917"}],"wp:featuredmedia":[{"embeddable":true,"href":"https:\/\/cbvgroup.net\/index.php?rest_route=\/wp\/v2\/media\/1918"}],"wp:attachment":[{"href":"https:\/\/cbvgroup.net\/index.php?rest_route=%2Fwp%2Fv2%2Fmedia&parent=1917"}],"wp:term":[{"taxonomy":"product_cat","embeddable":true,"href":"https:\/\/cbvgroup.net\/index.php?rest_route=%2Fwp%2Fv2%2Fproduct_cat&post=1917"},{"taxonomy":"product_tag","embeddable":true,"href":"https:\/\/cbvgroup.net\/index.php?rest_route=%2Fwp%2Fv2%2Fproduct_tag&post=1917"}],"curies":[{"name":"wp","href":"https:\/\/api.w.org\/{rel}","templated":true}]}}