{"id":1923,"date":"2023-07-11T05:36:30","date_gmt":"2023-07-11T05:36:30","guid":{"rendered":"https:\/\/giaiphaponline.vn\/cbvgroup\/?post_type=product&#038;p=1923"},"modified":"2023-10-28T03:41:12","modified_gmt":"2023-10-28T03:41:12","slug":"cma-ke-toan-quan-tri-hoa-ky","status":"publish","type":"product","link":"https:\/\/cbvgroup.net\/?product=cma-ke-toan-quan-tri-hoa-ky","title":{"rendered":"MMM &#8211; Kh\u00f3a h\u1ecdc qu\u1ea3n l\u00fd c\u1ea5p trung"},"content":{"rendered":"<p>Ch\u01b0\u01a1ng tr\u00ecnh \u0111\u00e0o t\u1ea1o &#8220;N\u0103ng l\u1ef1c qu\u1ea3n tr\u1ecb cho qu\u1ea3n l\u00fd c\u1ea5p trung&#8221; (Management for Middle Managers &#8211; g\u1ecdi t\u1eaft l\u00e0 &#8220;MMM&#8221;) c\u1ee7a PACE \u0111\u01b0\u1ee3c thi\u1ebft k\u1ebf d\u00e0nh ri\u00eang cho nh\u1eefng nh\u00e0 qu\u1ea3n tr\u1ecb c\u1ea5p trung nh\u01b0 Gi\u00e1m \u0111\u1ed1c kinh doanh, Gi\u00e1m \u0111\u1ed1c Marketing, Gi\u00e1m \u0111\u1ed1c Nh\u00e2n s\u1ef1, Gi\u00e1m \u0111\u1ed1c t\u00e0i ch\u00ednh,&#8230; ho\u1eb7c \u0111ang l\u00e0 tr\u01b0\u1edfng\/ ph\u00f3 ph\u00f2ng, ban, b\u1ed9 ph\u1eadn, th\u1eadm ch\u00ed l\u00e0 nh\u1eefng nh\u00e2n vi\u00ean \u0111ang c\u00f3 ho\u00e0i b\u00e3o v\u00e0 mu\u1ed1n chu\u1ea9n b\u1ecb \u0111\u1ec3 tr\u1edf th\u00e0nh qu\u1ea3n l\u00fd c\u1ea5p trung.<\/p>\n<p>Ch\u01b0\u01a1ng tr\u00ecnh MMM s\u1ebd cung c\u1ea5p cho H\u1ecdc vi\u00ean:<\/p>\n<ul>\n<li aria-level=\"1\">Hi\u1ec3u \u0111\u01b0\u1ee3c ch\u00e2n dung c\u1ee7a m\u1ed9t Qu\u1ea3n l\u00fd c\u1ea5p trung chuy\u00ean nghi\u1ec7p<\/li>\n<li aria-level=\"1\">N\u1eafm v\u1eefng ki\u1ebfn th\u1ee9c, k\u1ef9 n\u0103ng c\u1ed1t l\u00f5i \u0111\u1ec3 n\u00e2ng cao n\u0103ng l\u1ef1c qu\u1ea3n tr\u1ecb c\u1ee7a b\u1ea3n th\u00e2n<\/li>\n<li aria-level=\"1\">Bi\u1ebft l\u00e0m th\u1ebf n\u00e0o \u0111\u1ec3 \u0111\u1ea1t \u0111\u01b0\u1ee3c ho\u00e0i v\u1ecdng tr\u1edf th\u00e0nh m\u1ed9t MM\/ FM chuy\u00ean nghi\u1ec7p, xu\u1ea5t s\u1eafc.<\/li>\n<\/ul>\n","protected":false},"excerpt":{"rendered":"<p>Ch\u01b0\u01a1ng tr\u00ecnh \u0111\u00e0o t\u1ea1o &#8220;N\u0103ng l\u1ef1c qu\u1ea3n tr\u1ecb cho qu\u1ea3n l\u00fd c\u1ea5p trung&#8221; (Management for Middle Managers &#8211; g\u1ecdi t\u1eaft l\u00e0 &#8220;MMM&#8221;) c\u1ee7a PACE \u0111\u01b0\u1ee3c thi\u1ebft k\u1ebf d\u00e0nh ri\u00eang cho nh\u1eefng nh\u00e0 qu\u1ea3n tr\u1ecb c\u1ea5p trung nh\u01b0 Gi\u00e1m \u0111\u1ed1c kinh doanh, Gi\u00e1m \u0111\u1ed1c Marketing, Gi\u00e1m \u0111\u1ed1c Nh\u00e2n s\u1ef1, Gi\u00e1m \u0111\u1ed1c t\u00e0i ch\u00ednh,&#8230; ho\u1eb7c \u0111ang l\u00e0 tr\u01b0\u1edfng\/ ph\u00f3 ph\u00f2ng, ban, b\u1ed9 ph\u1eadn, th\u1eadm ch\u00ed l\u00e0 nh\u1eefng nh\u00e2n vi\u00ean \u0111ang c\u00f3 ho\u00e0i b\u00e3o v\u00e0 mu\u1ed1n chu\u1ea9n b\u1ecb \u0111\u1ec3 tr\u1edf th\u00e0nh qu\u1ea3n l\u00fd c\u1ea5p trung.<\/p>\n","protected":false},"featured_media":1924,"comment_status":"closed","ping_status":"closed","template":"","meta":[],"product_cat":[79,52],"product_tag":[],"class_list":{"0":"post-1923","1":"product","2":"type-product","3":"status-publish","4":"has-post-thumbnail","6":"product_cat-chuong-trinh-phat-trien-nang-luc-mem","7":"product_cat-khoa-hoc","9":"first","10":"instock","11":"shipping-taxable","12":"product-type-simple"},"acf":[],"lang":"vi","translations":{"vi":1923},"pll_sync_post":[],"_links":{"self":[{"href":"https:\/\/cbvgroup.net\/index.php?rest_route=\/wp\/v2\/product\/1923","targetHints":{"allow":["GET"]}}],"collection":[{"href":"https:\/\/cbvgroup.net\/index.php?rest_route=\/wp\/v2\/product"}],"about":[{"href":"https:\/\/cbvgroup.net\/index.php?rest_route=\/wp\/v2\/types\/product"}],"replies":[{"embeddable":true,"href":"https:\/\/cbvgroup.net\/index.php?rest_route=%2Fwp%2Fv2%2Fcomments&post=1923"}],"wp:featuredmedia":[{"embeddable":true,"href":"https:\/\/cbvgroup.net\/index.php?rest_route=\/wp\/v2\/media\/1924"}],"wp:attachment":[{"href":"https:\/\/cbvgroup.net\/index.php?rest_route=%2Fwp%2Fv2%2Fmedia&parent=1923"}],"wp:term":[{"taxonomy":"product_cat","embeddable":true,"href":"https:\/\/cbvgroup.net\/index.php?rest_route=%2Fwp%2Fv2%2Fproduct_cat&post=1923"},{"taxonomy":"product_tag","embeddable":true,"href":"https:\/\/cbvgroup.net\/index.php?rest_route=%2Fwp%2Fv2%2Fproduct_tag&post=1923"}],"curies":[{"name":"wp","href":"https:\/\/api.w.org\/{rel}","templated":true}]}}