{"id":1925,"date":"2023-07-11T05:38:00","date_gmt":"2023-07-11T05:38:00","guid":{"rendered":"https:\/\/giaiphaponline.vn\/cbvgroup\/?post_type=product&#038;p=1925"},"modified":"2023-10-28T03:41:12","modified_gmt":"2023-10-28T03:41:12","slug":"tao-dong-luc-lam-viec-cho-nhan-vien","status":"publish","type":"product","link":"https:\/\/cbvgroup.net\/?product=tao-dong-luc-lam-viec-cho-nhan-vien","title":{"rendered":"T\u1ea1o \u0111\u1ed9ng l\u1ef1c l\u00e0m vi\u1ec7c cho nh\u00e2n vi\u00ean"},"content":{"rendered":"<p>Kho\u00e1 h\u1ecdc d\u00e0nh ri\u00eang cho c\u00e1c nh\u00e0 l\u00e3nh \u0111\u1ea1o &#8220;T\u1ea1o \u0111\u1ed9ng l\u1ef1c l\u00e0m vi\u1ec7c cho nh\u00e2n vi\u00ean&#8221; l\u00e0 m\u1ed9t ch\u01b0\u01a1ng tr\u00ecnh \u0111\u1eb7c bi\u1ec7t c\u1ee7a PACE, h\u01b0\u1edbng t\u1edbi vi\u1ec7c khai th\u00e1c t\u1ed1i \u0111a gi\u00e1 tr\u1ecb c\u1ee7a nh\u00e2n vi\u00ean, bi\u1ebfn h\u1ecd tr\u1edf th\u00e0nh \u201c\u00f4ng ch\u1ee7\u201d c\u1ee7a ch\u00ednh qu\u00e1 tr\u00ecnh l\u00e0m vi\u1ec7c c\u1ee7a b\u1ea3n th\u00e2n, t\u00ecm th\u1ea5y ni\u1ec1m vui, tr\u00e1ch nhi\u1ec7m c\u0169ng nh\u01b0 n\u1ed7 l\u1ef1c \u0111\u1ec3 ho\u00e0n th\u00e0nh t\u1ed1t m\u1ecdi nhi\u1ec7m v\u1ee5.<\/p>\n<p>Sau kho\u00e1 h\u1ecdc n\u00e0y, c\u00e1c nh\u00e0 l\u00e3nh \u0111\u1ea1o c\u00f3 th\u1ec3:<\/p>\n<ul>\n<li aria-level=\"1\">N\u1eafm \u0111\u01b0\u1ee3c m\u1ea5u ch\u1ed1t quan tr\u1ecdng nh\u1eb1m h\u00ecnh th\u00e0nh v\u00e0 ph\u00e1t tri\u1ec3n n\u0103ng l\u1ef1c t\u1ea1o \u0111\u1ed9ng l\u1ef1c l\u00e0m vi\u1ec7c trong vai tr\u00f2 l\u00e0 m\u1ed9t nh\u00e0 qu\u1ea3n l\u00fd.<\/li>\n<li aria-level=\"1\">Th\u1ea5u hi\u1ec3u v\u1ec1 ngu\u1ed3n c\u1ed9i h\u00ecnh th\u00e0nh n\u00ean ni\u1ec1m \u0111am m\u00ea c\u00f4ng vi\u1ec7c trong m\u00f4i tr\u01b0\u1eddng doanh nghi\u1ec7p.<\/li>\n<li aria-level=\"1\">N\u1eafm \u0111\u01b0\u1ee3c nguy\u00ean t\u1eafc c\u1ea7n thi\u1ebft \u0111\u1ec3 t\u1ea1o \u0111\u1ed9ng l\u1ef1c l\u00e0m vi\u1ec7c.<\/li>\n<li aria-level=\"1\">Hi\u1ec3u v\u00e0 bi\u1ebft c\u00e1ch l\u00e0m th\u1ebf n\u00e0o \u0111\u1ec3 v\u1eadn d\u1ee5ng c\u00f4ng c\u1ee5, ph\u01b0\u01a1ng ph\u00e1p t\u1ea1o \u0111\u1ed9ng l\u1ef1c l\u00e0m vi\u1ec7c hi\u1ec7u qu\u1ea3 trong m\u00f4i tr\u01b0\u1eddng doanh nghi\u1ec7p ng\u00e0y nay.<\/li>\n<\/ul>\n","protected":false},"excerpt":{"rendered":"<p>Kho\u00e1 h\u1ecdc d\u00e0nh ri\u00eang cho c\u00e1c nh\u00e0 l\u00e3nh \u0111\u1ea1o &#8220;T\u1ea1o \u0111\u1ed9ng l\u1ef1c l\u00e0m vi\u1ec7c cho nh\u00e2n vi\u00ean&#8221; l\u00e0 m\u1ed9t ch\u01b0\u01a1ng tr\u00ecnh \u0111\u1eb7c bi\u1ec7t c\u1ee7a PACE, h\u01b0\u1edbng t\u1edbi vi\u1ec7c khai th\u00e1c t\u1ed1i \u0111a gi\u00e1 tr\u1ecb c\u1ee7a nh\u00e2n vi\u00ean, bi\u1ebfn h\u1ecd tr\u1edf th\u00e0nh \u201c\u00f4ng ch\u1ee7\u201d c\u1ee7a ch\u00ednh qu\u00e1 tr\u00ecnh l\u00e0m vi\u1ec7c c\u1ee7a b\u1ea3n th\u00e2n, t\u00ecm th\u1ea5y ni\u1ec1m vui, tr\u00e1ch nhi\u1ec7m c\u0169ng nh\u01b0 n\u1ed7 l\u1ef1c \u0111\u1ec3 ho\u00e0n th\u00e0nh t\u1ed1t m\u1ecdi nhi\u1ec7m v\u1ee5.<\/p>\n","protected":false},"featured_media":1926,"comment_status":"closed","ping_status":"closed","template":"","meta":[],"product_cat":[79,52],"product_tag":[],"class_list":{"0":"post-1925","1":"product","2":"type-product","3":"status-publish","4":"has-post-thumbnail","6":"product_cat-chuong-trinh-phat-trien-nang-luc-mem","7":"product_cat-khoa-hoc","9":"first","10":"instock","11":"shipping-taxable","12":"product-type-simple"},"acf":[],"lang":"vi","translations":{"vi":1925},"pll_sync_post":[],"_links":{"self":[{"href":"https:\/\/cbvgroup.net\/index.php?rest_route=\/wp\/v2\/product\/1925","targetHints":{"allow":["GET"]}}],"collection":[{"href":"https:\/\/cbvgroup.net\/index.php?rest_route=\/wp\/v2\/product"}],"about":[{"href":"https:\/\/cbvgroup.net\/index.php?rest_route=\/wp\/v2\/types\/product"}],"replies":[{"embeddable":true,"href":"https:\/\/cbvgroup.net\/index.php?rest_route=%2Fwp%2Fv2%2Fcomments&post=1925"}],"wp:featuredmedia":[{"embeddable":true,"href":"https:\/\/cbvgroup.net\/index.php?rest_route=\/wp\/v2\/media\/1926"}],"wp:attachment":[{"href":"https:\/\/cbvgroup.net\/index.php?rest_route=%2Fwp%2Fv2%2Fmedia&parent=1925"}],"wp:term":[{"taxonomy":"product_cat","embeddable":true,"href":"https:\/\/cbvgroup.net\/index.php?rest_route=%2Fwp%2Fv2%2Fproduct_cat&post=1925"},{"taxonomy":"product_tag","embeddable":true,"href":"https:\/\/cbvgroup.net\/index.php?rest_route=%2Fwp%2Fv2%2Fproduct_tag&post=1925"}],"curies":[{"name":"wp","href":"https:\/\/api.w.org\/{rel}","templated":true}]}}