{"id":1927,"date":"2023-07-11T05:39:12","date_gmt":"2023-07-11T05:39:12","guid":{"rendered":"https:\/\/giaiphaponline.vn\/cbvgroup\/?post_type=product&#038;p=1927"},"modified":"2023-10-28T03:41:12","modified_gmt":"2023-10-28T03:41:12","slug":"khoa-hoc-quan-ly-con-nguoi","status":"publish","type":"product","link":"https:\/\/cbvgroup.net\/?product=khoa-hoc-quan-ly-con-nguoi","title":{"rendered":"Kh\u00f3a h\u1ecdc Qu\u1ea3n l\u00fd con ng\u01b0\u1eddi"},"content":{"rendered":"<p>Ch\u01b0\u01a1ng tr\u00ecnh \u0111\u00e0o t\u1ea1o \u201cQu\u1ea3n l\u00fd Con ng\u01b0\u1eddi\u201d c\u1ee7a PACE s\u1ebd cung c\u1ea5p cho H\u1ecdc vi\u00ean nh\u1eefng t\u01b0 duy m\u1edbi nh\u1ea5t v\u1ec1 qu\u1ea3n l\u00fd con ng\u01b0\u1eddi, nh\u1eefng ph\u01b0\u01a1ng ph\u00e1p c\u1ea7n thi\u1ebft \u0111\u1ec3 c\u00f3 th\u1ec3 \u0111\u00e1nh gi\u00e1, t\u1ea1o \u0111\u1ed9ng l\u1ef1c l\u00e0m vi\u1ec7c cho nh\u00e2n vi\u00ean, \u0111\u1ed3ng th\u1eddi s\u1eafp x\u1ebfp, b\u1ed1 tr\u00ed c\u00f4ng vi\u1ec7c, hu\u1ea5n luy\u1ec7n v\u00e0 ph\u00e1t tri\u1ec3n nh\u00e2n vi\u00ean,&#8230;<\/p>\n<p>Kho\u00e1 h\u1ecdc s\u1ebd gi\u00fap c\u00e1c nh\u00e0 l\u00e3nh \u0111\u1ea1o bi\u1ebft c\u00e1ch qu\u1ea3n l\u00fd v\u00e0 l\u00e0m vi\u1ec7c hi\u1ec7u qu\u1ea3 v\u1edbi nh\u00e2n vi\u00ean, \u0111\u1eb7c bi\u1ec7t l\u00e0 nh\u1eefng ng\u01b0\u1eddi gi\u1ecfi h\u01a1n m\u00ecnh, nh\u1eefng nh\u00e2n vi\u00ean \u201ckh\u00f3 ch\u1ecbu\u201d hay c\u00f3 s\u1ef1 kh\u00e1c bi\u1ec7t v\u1ec1 nhi\u1ec1u m\u1eb7t nh\u01b0 l\u1ed1i s\u1ed1ng, c\u00e1 t\u00ednh,&#8230;<\/p>\n<p>Ch\u01b0\u01a1ng tr\u00ecnh cung c\u1ea5p cho H\u1ecdc vi\u00ean:<\/p>\n<ul>\n<li aria-level=\"1\">N\u00e2ng cao k\u1ef9 n\u0103ng qu\u1ea3n l\u00fd con ng\u01b0\u1eddi<\/li>\n<li aria-level=\"1\">N\u1eafm \u0111\u01b0\u1ee3c nh\u1eefng t\u01b0 duy, tri\u1ebft l\u00fd m\u1edbi nh\u1ea5t v\u1ec1 c\u00e1ch qu\u1ea3n l\u00fd con ng\u01b0\u1eddi<\/li>\n<li aria-level=\"1\">N\u1eafm v\u1eefng nh\u1eefng c\u00f4ng c\u1ee5, ph\u01b0\u01a1ng ph\u00e1p c\u1ea7n thi\u1ebft v\u1ec1 qu\u1ea3n l\u00fd con ng\u01b0\u1eddi<\/li>\n<li aria-level=\"1\">Bi\u1ebft c\u00e1ch qu\u1ea3n l\u00fd, ph\u1ed1i h\u1ee3p l\u00e0m vi\u1ec7c hi\u1ec7u qu\u1ea3 v\u1edbi t\u1ea5t c\u1ea3 nh\u00e2n vi\u00ean, cho d\u00f9 kh\u00e1c bi\u1ec7t v\u1ec1 c\u1ea3 l\u1ed1i s\u1ed1ng, nh\u1eadn th\u1ee9c, c\u00e1 t\u00ednh,&#8230;<\/li>\n<\/ul>\n","protected":false},"excerpt":{"rendered":"<p>Ch\u01b0\u01a1ng tr\u00ecnh \u0111\u00e0o t\u1ea1o \u201cQu\u1ea3n l\u00fd Con ng\u01b0\u1eddi\u201d c\u1ee7a PACE s\u1ebd cung c\u1ea5p cho H\u1ecdc vi\u00ean nh\u1eefng t\u01b0 duy m\u1edbi nh\u1ea5t v\u1ec1 qu\u1ea3n l\u00fd con ng\u01b0\u1eddi, nh\u1eefng ph\u01b0\u01a1ng ph\u00e1p c\u1ea7n thi\u1ebft \u0111\u1ec3 c\u00f3 th\u1ec3 \u0111\u00e1nh gi\u00e1, t\u1ea1o \u0111\u1ed9ng l\u1ef1c l\u00e0m vi\u1ec7c cho nh\u00e2n vi\u00ean, \u0111\u1ed3ng th\u1eddi s\u1eafp x\u1ebfp, b\u1ed1 tr\u00ed c\u00f4ng vi\u1ec7c, hu\u1ea5n luy\u1ec7n v\u00e0 ph\u00e1t tri\u1ec3n nh\u00e2n vi\u00ean,&#8230;<\/p>\n","protected":false},"featured_media":1928,"comment_status":"closed","ping_status":"closed","template":"","meta":[],"product_cat":[79,52],"product_tag":[],"class_list":{"0":"post-1927","1":"product","2":"type-product","3":"status-publish","4":"has-post-thumbnail","6":"product_cat-chuong-trinh-phat-trien-nang-luc-mem","7":"product_cat-khoa-hoc","9":"first","10":"instock","11":"shipping-taxable","12":"product-type-simple"},"acf":[],"lang":"vi","translations":{"vi":1927},"pll_sync_post":[],"_links":{"self":[{"href":"https:\/\/cbvgroup.net\/index.php?rest_route=\/wp\/v2\/product\/1927","targetHints":{"allow":["GET"]}}],"collection":[{"href":"https:\/\/cbvgroup.net\/index.php?rest_route=\/wp\/v2\/product"}],"about":[{"href":"https:\/\/cbvgroup.net\/index.php?rest_route=\/wp\/v2\/types\/product"}],"replies":[{"embeddable":true,"href":"https:\/\/cbvgroup.net\/index.php?rest_route=%2Fwp%2Fv2%2Fcomments&post=1927"}],"wp:featuredmedia":[{"embeddable":true,"href":"https:\/\/cbvgroup.net\/index.php?rest_route=\/wp\/v2\/media\/1928"}],"wp:attachment":[{"href":"https:\/\/cbvgroup.net\/index.php?rest_route=%2Fwp%2Fv2%2Fmedia&parent=1927"}],"wp:term":[{"taxonomy":"product_cat","embeddable":true,"href":"https:\/\/cbvgroup.net\/index.php?rest_route=%2Fwp%2Fv2%2Fproduct_cat&post=1927"},{"taxonomy":"product_tag","embeddable":true,"href":"https:\/\/cbvgroup.net\/index.php?rest_route=%2Fwp%2Fv2%2Fproduct_tag&post=1927"}],"curies":[{"name":"wp","href":"https:\/\/api.w.org\/{rel}","templated":true}]}}