{"id":1940,"date":"2023-07-11T07:52:04","date_gmt":"2023-07-11T07:52:04","guid":{"rendered":"https:\/\/giaiphaponline.vn\/cbvgroup\/?post_type=product&#038;p=1940"},"modified":"2023-10-28T03:41:11","modified_gmt":"2023-10-28T03:41:11","slug":"4rl-4-vai-tro-trong-yeu-cua-lanh-dao-1","status":"publish","type":"product","link":"https:\/\/cbvgroup.net\/?product=4rl-4-vai-tro-trong-yeu-cua-lanh-dao-1","title":{"rendered":"4RL &#8211; 4 Vai tr\u00f2 tr\u1ecdng y\u1ebfu c\u1ee7a L\u00e3nh \u0111\u1ea1o 1"},"content":{"rendered":"<p>\u201c4 Vai tr\u00f2 Tr\u1ecdng y\u1ebfu c\u1ee7a L\u00e3nh \u0111\u1ea1o\/ The 4 Essential Roles of Leadership\u201d l\u00e0 ch\u01b0\u01a1ng tr\u00ecnh ph\u00e1t tri\u1ec3n l\u00e3nh \u0111\u1ea1o quan tr\u1ecdng b\u1eadc nh\u1ea5t c\u1ee7a FranklinCovey (m\u1ed9t th\u00e0nh vi\u00ean c\u1ee7a H\u1ecdc vi\u1ec7n Qu\u1ea3n l\u00fd PACE). Kho\u00e1 h\u1ecdc d\u00e0nh ri\u00eang cho c\u00e1c c\u1ea5p l\u00e3nh \u0111\u1ea1o trong doanh nghi\u1ec7p.<\/p>\n<p>Kho\u00e1 h\u1ecdc n\u00e0y cung c\u1ea5p cho c\u00e1c nh\u00e0 l\u00e3nh \u0111\u1ea1o c\u00f4ng ngh\u1ec7 \u201cT\u00e1i t\u1ea1o l\u00e3nh \u0111\u1ea1o\u201d ho\u00e0n ch\u1ec9nh bao g\u1ed3m: T\u01b0 duy, K\u1ef9 n\u0103ng, C\u00f4ng c\u1ee5 (Mindset, Skillset &amp; Toolset) \u0111\u1ec3 n\u00e2ng cao t\u1ea7m v\u00f3c l\u00e3nh \u0111\u1ea1o c\u1ee7a m\u00ecnh.<\/p>\n<p>M\u00f4 h\u00ecnh 4RL c\u1ee7a FranklinCovey g\u1ed3m 4 c\u1ea5u ph\u1ea7n, c\u0169ng l\u00e0 4 ti\u00eau ch\u00ed c\u1ee7a m\u1ed9t nh\u00e0 l\u00e3nh \u0111\u1ea1o t\u1ea7m v\u00f3c, bao g\u1ed3m:<\/p>\n<ul>\n<li aria-level=\"1\">Kh\u01a1i d\u1eady ni\u1ec1m tin<\/li>\n<li aria-level=\"1\">Ki\u1ebfn t\u1ea1o t\u1ea7m nh\u00ecn<\/li>\n<li aria-level=\"1\">Th\u1ef1c thi chi\u1ebfn l\u01b0\u1ee3c<\/li>\n<li aria-level=\"1\">Ph\u00e1t huy ti\u1ec1m n\u0103ng<\/li>\n<\/ul>\n","protected":false},"excerpt":{"rendered":"<p>\u201c4 Vai tr\u00f2 Tr\u1ecdng y\u1ebfu c\u1ee7a L\u00e3nh \u0111\u1ea1o\/ The 4 Essential Roles of Leadership\u201d l\u00e0 ch\u01b0\u01a1ng tr\u00ecnh ph\u00e1t tri\u1ec3n l\u00e3nh \u0111\u1ea1o quan tr\u1ecdng b\u1eadc nh\u1ea5t c\u1ee7a FranklinCovey (m\u1ed9t th\u00e0nh vi\u00ean c\u1ee7a H\u1ecdc vi\u1ec7n Qu\u1ea3n l\u00fd PACE). Kho\u00e1 h\u1ecdc d\u00e0nh ri\u00eang cho c\u00e1c c\u1ea5p l\u00e3nh \u0111\u1ea1o trong doanh nghi\u1ec7p.<\/p>\n","protected":false},"featured_media":1898,"comment_status":"closed","ping_status":"closed","template":"","meta":[],"product_cat":[78,52],"product_tag":[],"class_list":{"0":"post-1940","1":"product","2":"type-product","3":"status-publish","4":"has-post-thumbnail","6":"product_cat-chuong-trinh-phat-trien-nang-luc-chuyen-mon","7":"product_cat-khoa-hoc","9":"first","10":"instock","11":"shipping-taxable","12":"product-type-simple"},"acf":[],"lang":"vi","translations":{"vi":1940},"pll_sync_post":[],"_links":{"self":[{"href":"https:\/\/cbvgroup.net\/index.php?rest_route=\/wp\/v2\/product\/1940","targetHints":{"allow":["GET"]}}],"collection":[{"href":"https:\/\/cbvgroup.net\/index.php?rest_route=\/wp\/v2\/product"}],"about":[{"href":"https:\/\/cbvgroup.net\/index.php?rest_route=\/wp\/v2\/types\/product"}],"replies":[{"embeddable":true,"href":"https:\/\/cbvgroup.net\/index.php?rest_route=%2Fwp%2Fv2%2Fcomments&post=1940"}],"wp:featuredmedia":[{"embeddable":true,"href":"https:\/\/cbvgroup.net\/index.php?rest_route=\/wp\/v2\/media\/1898"}],"wp:attachment":[{"href":"https:\/\/cbvgroup.net\/index.php?rest_route=%2Fwp%2Fv2%2Fmedia&parent=1940"}],"wp:term":[{"taxonomy":"product_cat","embeddable":true,"href":"https:\/\/cbvgroup.net\/index.php?rest_route=%2Fwp%2Fv2%2Fproduct_cat&post=1940"},{"taxonomy":"product_tag","embeddable":true,"href":"https:\/\/cbvgroup.net\/index.php?rest_route=%2Fwp%2Fv2%2Fproduct_tag&post=1940"}],"curies":[{"name":"wp","href":"https:\/\/api.w.org\/{rel}","templated":true}]}}