{"id":3234,"date":"2024-06-11T00:00:34","date_gmt":"2024-06-10T17:00:34","guid":{"rendered":"https:\/\/demo.cbvgroup.net\/?post_type=product&#038;p=3234"},"modified":"2024-11-21T12:28:33","modified_gmt":"2024-11-21T05:28:33","slug":"talent-management-2","status":"publish","type":"product","link":"https:\/\/cbvgroup.net\/?product=talent-management-2","title":{"rendered":"TALENT MANAGEMENT"},"content":{"rendered":"<p><img loading=\"lazy\" decoding=\"async\" class=\"alignnone size-full wp-image-3747\" src=\"https:\/\/cbvgroup.net\/wp-content\/uploads\/2024\/06\/Flyer_CBV_7-1-scaled.jpg\" alt=\"\" width=\"1810\" height=\"2560\" srcset=\"https:\/\/cbvgroup.net\/wp-content\/uploads\/2024\/06\/Flyer_CBV_7-1-scaled.jpg 1810w, https:\/\/cbvgroup.net\/wp-content\/uploads\/2024\/06\/Flyer_CBV_7-1-212x300.jpg 212w, https:\/\/cbvgroup.net\/wp-content\/uploads\/2024\/06\/Flyer_CBV_7-1-724x1024.jpg 724w, https:\/\/cbvgroup.net\/wp-content\/uploads\/2024\/06\/Flyer_CBV_7-1-768x1086.jpg 768w, https:\/\/cbvgroup.net\/wp-content\/uploads\/2024\/06\/Flyer_CBV_7-1-1086x1536.jpg 1086w, https:\/\/cbvgroup.net\/wp-content\/uploads\/2024\/06\/Flyer_CBV_7-1-1448x2048.jpg 1448w, https:\/\/cbvgroup.net\/wp-content\/uploads\/2024\/06\/Flyer_CBV_7-1-1320x1867.jpg 1320w, https:\/\/cbvgroup.net\/wp-content\/uploads\/2024\/06\/Flyer_CBV_7-1-600x849.jpg 600w\" sizes=\"auto, (max-width: 1810px) 100vw, 1810px\" \/><\/p>\n<p><img loading=\"lazy\" decoding=\"async\" class=\"alignnone size-full wp-image-3334\" src=\"https:\/\/cbvgroup.net\/wp-content\/uploads\/2024\/06\/Brochure_CBV_TM_VN_02-1-scaled.jpg\" alt=\"\" width=\"1810\" height=\"2560\" srcset=\"https:\/\/cbvgroup.net\/wp-content\/uploads\/2024\/06\/Brochure_CBV_TM_VN_02-1-scaled.jpg 1810w, https:\/\/cbvgroup.net\/wp-content\/uploads\/2024\/06\/Brochure_CBV_TM_VN_02-1-212x300.jpg 212w, https:\/\/cbvgroup.net\/wp-content\/uploads\/2024\/06\/Brochure_CBV_TM_VN_02-1-724x1024.jpg 724w, https:\/\/cbvgroup.net\/wp-content\/uploads\/2024\/06\/Brochure_CBV_TM_VN_02-1-768x1086.jpg 768w, https:\/\/cbvgroup.net\/wp-content\/uploads\/2024\/06\/Brochure_CBV_TM_VN_02-1-1086x1536.jpg 1086w, https:\/\/cbvgroup.net\/wp-content\/uploads\/2024\/06\/Brochure_CBV_TM_VN_02-1-1448x2048.jpg 1448w, https:\/\/cbvgroup.net\/wp-content\/uploads\/2024\/06\/Brochure_CBV_TM_VN_02-1-1320x1867.jpg 1320w, https:\/\/cbvgroup.net\/wp-content\/uploads\/2024\/06\/Brochure_CBV_TM_VN_02-1-600x849.jpg 600w\" sizes=\"auto, (max-width: 1810px) 100vw, 1810px\" \/><\/p>\n<h4 style=\"text-align: center;\">Kh\u00f3a h\u1ecdc \u0111\u01b0\u1ee3c khai gi\u1ea3ng th\u01b0\u1eddng xuy\u00ean, vui l\u00f2ng li\u00ean h\u1ec7 ch\u00fang t\u00f4i \u0111\u1ec3 \u0111\u01b0\u1ee3c c\u1eadp nh\u1eadt chi ti\u1ebft.<\/h4>\n","protected":false},"excerpt":{"rendered":"<p>R\u1ea5t nhi\u1ec1u t\u1ed5 ch\u1ee9c nghe \u0111\u1ebfn l\u1ee3i \u00edch khi \u00e1p d\u1ee5ng ch\u01b0\u01a1ng tr\u00ecnh qu\u1ea3n tr\u1ecb nh\u00e2n t\u00e0i v\u00e0o qu\u1ea3n l\u00fd nh\u00e2n s\u1ef1, nh\u01b0ng th\u1ef1c s\u1ef1, qu\u1ea3n tr\u1ecb nh\u00e2n t\u00e0i \/ <strong>Talent Management<\/strong>\u00a0l\u00e0 g\u00ec th\u00ec kh\u00f4ng ph\u1ea3i ai c\u0169ng n\u1eafm r\u00f5.<\/p>\n","protected":false},"featured_media":3158,"comment_status":"closed","ping_status":"closed","template":"","meta":[],"product_cat":[332,52],"product_tag":[337,335],"class_list":{"0":"post-3234","1":"product","2":"type-product","3":"status-publish","4":"has-post-thumbnail","6":"product_cat-nang-luc-phat-trien-ban-than","7":"product_cat-khoa-hoc","8":"product_tag-quan-tri-nhan-tai","9":"product_tag-talent-management","11":"first","12":"instock","13":"featured","14":"shipping-taxable","15":"product-type-simple"},"acf":[],"lang":"vi","translations":{"vi":3234},"pll_sync_post":[],"_links":{"self":[{"href":"https:\/\/cbvgroup.net\/index.php?rest_route=\/wp\/v2\/product\/3234","targetHints":{"allow":["GET"]}}],"collection":[{"href":"https:\/\/cbvgroup.net\/index.php?rest_route=\/wp\/v2\/product"}],"about":[{"href":"https:\/\/cbvgroup.net\/index.php?rest_route=\/wp\/v2\/types\/product"}],"replies":[{"embeddable":true,"href":"https:\/\/cbvgroup.net\/index.php?rest_route=%2Fwp%2Fv2%2Fcomments&post=3234"}],"wp:featuredmedia":[{"embeddable":true,"href":"https:\/\/cbvgroup.net\/index.php?rest_route=\/wp\/v2\/media\/3158"}],"wp:attachment":[{"href":"https:\/\/cbvgroup.net\/index.php?rest_route=%2Fwp%2Fv2%2Fmedia&parent=3234"}],"wp:term":[{"taxonomy":"product_cat","embeddable":true,"href":"https:\/\/cbvgroup.net\/index.php?rest_route=%2Fwp%2Fv2%2Fproduct_cat&post=3234"},{"taxonomy":"product_tag","embeddable":true,"href":"https:\/\/cbvgroup.net\/index.php?rest_route=%2Fwp%2Fv2%2Fproduct_tag&post=3234"}],"curies":[{"name":"wp","href":"https:\/\/api.w.org\/{rel}","templated":true}]}}